{"id":1775,"date":"2021-07-08T09:33:23","date_gmt":"2021-07-08T08:33:23","guid":{"rendered":"https:\/\/servicios.unileon.es\/area-de-inclusion-igualdad-y-accion-social\/?page_id=1775"},"modified":"2026-02-06T09:02:03","modified_gmt":"2026-02-06T08:02:03","slug":"premios-igualdad-de-genero","status":"publish","type":"page","link":"https:\/\/servicios.unileon.es\/area-de-inclusion-igualdad-y-accion-social\/premios-igualdad-de-genero\/","title":{"rendered":"Premios Igualdad de g\u00e9nero"},"content":{"rendered":"<h3>V EDICI\u00d3N DE LOS PREMIOS DE IGUALDAD DE G\u00c9NERO 2025<\/h3>\r\n\r\n<p><strong>CARACTER\u00cdSTICAS DE LAS AYUDAS<\/strong><\/p>\r\n\r\n<p>Se convocan premios a los mejores Trabajos Fin de Grado (TFG), Trabajos Fin de M\u00e1ster (TFM) y Tesis Doctorales en materia de igualdad de g\u00e9nero del curso acad\u00e9mico 2024\/2025.<\/p>\r\n\r\n<p><a href=\"https:\/\/servicios.unileon.es\/area-de-inclusion-igualdad-y-accion-social\/files\/2025\/10\/V_edicion_premios_igualdad_bases2025.pdf\">Convocatoria (texto completo)<\/a><\/p>\r\n\r\n<!--<p><strong>PLAZO DE PRESENTACI\u00d3N<\/strong><\/p>\r\n\r\n<p><strong>Del 28 de octubre al 10 de noviembre de 2025<\/strong><\/p>\r\n\r\n<p><a href=\"https:\/\/docs.google.com\/forms\/d\/1TPkawIR9K2E6jjEJMzt9Z6yz717LAXNvfrnY3U0YgDA\/edit\">Formulario de solicitud<\/a><\/p>\r\n\r\n<p><strong>IMPORTANTE<\/strong>: Se recuerda que para poder acceder al formulario todas las cuentas de correo personales deber\u00e1n estar cerradas. El formulario les solicitar\u00e1 previamente que se identifiquen con su correo institucional de la Universidad de Le\u00f3n a menos que en ese momento ya lo tengan abierto en su navegador.<\/p> -->\r\n\r\n<hr \/>\r\n\r\n<p><strong>RESOLUCI\u00d3N<\/strong><\/p>\r\n\r\n<p><a href=\"https:\/\/servicios.unileon.es\/area-de-inclusion-igualdad-y-accion-social\/files\/2026\/01\/resolucion_premios_igualdad_bases2025.pdf\">Resoluci\u00f3n provisional premios en materia de igualdad de g\u00e9nero<\/a><\/p>\r\n<p><strong><a href=\"https:\/\/servicios.unileon.es\/area-de-inclusion-igualdad-y-accion-social\/files\/2026\/02\/resolucion_definitiva_premios_igualdad2025.pdf\">Resoluci\u00f3n Definitiva premios en materia de igualdad de g\u00e9nero<\/a><\/strong><\/p>\r\n","protected":false},"excerpt":{"rendered":"<p>V EDICI\u00d3N DE LOS PREMIOS DE IGUALDAD DE G\u00c9NERO 2025 CARACTER\u00cdSTICAS DE LAS AYUDAS Se convocan premios a los mejores Trabajos Fin de Grado (TFG), Trabajos Fin de M\u00e1ster (TFM) y Tesis Doctorales en materia de igualdad de g\u00e9nero del curso acad\u00e9mico 2024\/2025. Convocatoria (texto completo) RESOLUCI\u00d3N Resoluci\u00f3n provisional premios en materia de igualdad de [&hellip;]<\/p>\n","protected":false},"author":2,"featured_media":0,"parent":0,"menu_order":0,"comment_status":"closed","ping_status":"closed","template":"","meta":{"footnotes":""},"class_list":["post-1775","page","type-page","status-publish","hentry"],"_links":{"self":[{"href":"https:\/\/servicios.unileon.es\/area-de-inclusion-igualdad-y-accion-social\/wp-json\/wp\/v2\/pages\/1775","targetHints":{"allow":["GET"]}}],"collection":[{"href":"https:\/\/servicios.unileon.es\/area-de-inclusion-igualdad-y-accion-social\/wp-json\/wp\/v2\/pages"}],"about":[{"href":"https:\/\/servicios.unileon.es\/area-de-inclusion-igualdad-y-accion-social\/wp-json\/wp\/v2\/types\/page"}],"author":[{"embeddable":true,"href":"https:\/\/servicios.unileon.es\/area-de-inclusion-igualdad-y-accion-social\/wp-json\/wp\/v2\/users\/2"}],"replies":[{"embeddable":true,"href":"https:\/\/servicios.unileon.es\/area-de-inclusion-igualdad-y-accion-social\/wp-json\/wp\/v2\/comments?post=1775"}],"version-history":[{"count":30,"href":"https:\/\/servicios.unileon.es\/area-de-inclusion-igualdad-y-accion-social\/wp-json\/wp\/v2\/pages\/1775\/revisions"}],"predecessor-version":[{"id":2125,"href":"https:\/\/servicios.unileon.es\/area-de-inclusion-igualdad-y-accion-social\/wp-json\/wp\/v2\/pages\/1775\/revisions\/2125"}],"wp:attachment":[{"href":"https:\/\/servicios.unileon.es\/area-de-inclusion-igualdad-y-accion-social\/wp-json\/wp\/v2\/media?parent=1775"}],"curies":[{"name":"wp","href":"https:\/\/api.w.org\/{rel}","templated":true}]}}