{"id":1093,"date":"2015-03-05T12:24:23","date_gmt":"2015-03-05T12:24:23","guid":{"rendered":"http:\/\/servicios.unileon.es\/area-de-inclusion-igualdad-y-accion-social\/?page_id=1093"},"modified":"2025-11-25T14:24:05","modified_gmt":"2025-11-25T13:24:05","slug":"unidad-de-igualdad-y-diversidad","status":"publish","type":"page","link":"https:\/\/servicios.unileon.es\/area-de-inclusion-igualdad-y-accion-social\/unidad-de-igualdad-y-diversidad\/","title":{"rendered":"Unidad de Igualdad y Diversidad"},"content":{"rendered":"La Unidad de Igualdad y Diversidad es el eje institucional dedicado a garantizar un entorno universitario libre de discriminaci\u00f3n. Nuestra misi\u00f3n es actuar e intervenir de forma proactiva ante cualquier desigualdad, reforzando la sensibilizaci\u00f3n, la formaci\u00f3n y la investigaci\u00f3n en la comunidad. Trabajamos para reducir disparidades, incluyendo las derivadas de la discapacidad o las necesidades educativas, alcanzar la igualdad efectiva entre mujeres y hombres, e impulsar el respeto hacia todas las identidades y orientaciones, integrando la perspectiva de g\u00e9nero y diversidad en todos los \u00e1mbitos.\r\n\r\n<a href=\"https:\/\/www.unileon.es\/modelos\/archivo\/norregint\/20251011331566_n_REGLAMENTO%20DE%20LA%20UNIDAD%20DE%20IGUALDAD%20Y%20DIVERSIDAD%20DE%20LA%20UNIVERSIDAD%20DE%20LEON.pdf\" target=\"_blank\" rel=\"noopener\">Reglamento de la Unidad de Igualdad y Diversidad.<\/a>\r\n\r\nLa Unidad de Igualdad y Diversidad de la Universidad de Le\u00f3n es miembro de:\r\n<ul>\r\n \t<li>Red de Unidades de G\u00e9nero para la Excelencia Universitaria (RUIGEU).<\/li>\r\n \t<li><a href=\"https:\/\/redsapdu.org\/home\/\" target=\"_blank\" rel=\"noopener\">Red de Servicios de Atenci\u00f3n a Personas con Discapacidad en las Universidades (SAPDU).<\/a><\/li>\r\n \t<li><a href=\"https:\/\/red-de-universidades-por-la-diversidad.webnode.es\/\" target=\"_blank\" rel=\"noopener\">Red de Universidades por la Diversidad (RUD).<\/a><\/li>\r\n<\/ul>","protected":false},"excerpt":{"rendered":"<p>La Unidad de Igualdad y Diversidad es el eje institucional dedicado a garantizar un entorno universitario libre de discriminaci\u00f3n. Nuestra misi\u00f3n es actuar e intervenir de forma proactiva ante cualquier desigualdad, reforzando la sensibilizaci\u00f3n, la formaci\u00f3n y la investigaci\u00f3n en la comunidad. Trabajamos para reducir disparidades, incluyendo las derivadas de la discapacidad o las necesidades [&hellip;]<\/p>\n","protected":false},"author":95,"featured_media":0,"parent":0,"menu_order":0,"comment_status":"closed","ping_status":"closed","template":"","meta":{"footnotes":""},"class_list":["post-1093","page","type-page","status-publish","hentry"],"_links":{"self":[{"href":"https:\/\/servicios.unileon.es\/area-de-inclusion-igualdad-y-accion-social\/wp-json\/wp\/v2\/pages\/1093","targetHints":{"allow":["GET"]}}],"collection":[{"href":"https:\/\/servicios.unileon.es\/area-de-inclusion-igualdad-y-accion-social\/wp-json\/wp\/v2\/pages"}],"about":[{"href":"https:\/\/servicios.unileon.es\/area-de-inclusion-igualdad-y-accion-social\/wp-json\/wp\/v2\/types\/page"}],"author":[{"embeddable":true,"href":"https:\/\/servicios.unileon.es\/area-de-inclusion-igualdad-y-accion-social\/wp-json\/wp\/v2\/users\/95"}],"replies":[{"embeddable":true,"href":"https:\/\/servicios.unileon.es\/area-de-inclusion-igualdad-y-accion-social\/wp-json\/wp\/v2\/comments?post=1093"}],"version-history":[{"count":57,"href":"https:\/\/servicios.unileon.es\/area-de-inclusion-igualdad-y-accion-social\/wp-json\/wp\/v2\/pages\/1093\/revisions"}],"predecessor-version":[{"id":2104,"href":"https:\/\/servicios.unileon.es\/area-de-inclusion-igualdad-y-accion-social\/wp-json\/wp\/v2\/pages\/1093\/revisions\/2104"}],"wp:attachment":[{"href":"https:\/\/servicios.unileon.es\/area-de-inclusion-igualdad-y-accion-social\/wp-json\/wp\/v2\/media?parent=1093"}],"curies":[{"name":"wp","href":"https:\/\/api.w.org\/{rel}","templated":true}]}}