{"id":8,"date":"2025-10-27T08:40:57","date_gmt":"2025-10-27T07:40:57","guid":{"rendered":"https:\/\/servicios.unileon.es\/area-de-apoyo-a-la-acreditacion-del-profesorado\/?page_id=8"},"modified":"2026-03-25T09:16:13","modified_gmt":"2026-03-25T08:16:13","slug":"presentacion","status":"publish","type":"page","link":"https:\/\/servicios.unileon.es\/area-de-apoyo-a-la-acreditacion-del-profesorado\/","title":{"rendered":"Presentaci\u00f3n"},"content":{"rendered":"<p data-start=\"314\" data-end=\"838\">El \u00c1rea de Apoyo a la Acreditaci\u00f3n del Profesorado tiene como finalidad ofrecer orientaci\u00f3n y acompa\u00f1amiento a las personas de la comunidad universitaria que est\u00e1n inmersas en procesos de acreditaci\u00f3n nacional o regional para las distintas figuras de profesorado universitario.<\/p>\r\n<p data-start=\"314\" data-end=\"838\">Nuestro prop\u00f3sito es facilitar el camino hacia la acreditaci\u00f3n, ayudando a comprender los requisitos, criterios y procedimientos de las agencias evaluadoras (<a href=\"https:\/\/www.aneca.es\/acreditaciones\">ANECA<\/a>, <a href=\"https:\/\/www.acsucyl.es\/web\/es\/programas-evaluacion\/profesorado.html\">ACSUCYL<\/a>), y ofreciendo apoyo cercano en cada etapa del proceso.<\/p>\r\n\r\n\r\n<hr \/>\r\n\r\n<img loading=\"lazy\" decoding=\"async\" class=\"wp-image-114 aligncenter\" src=\"http:\/\/servicios.unileon.es\/area-de-apoyo-a-la-acreditacion-del-profesorado\/files\/2025\/12\/proximos_eventos-300x300.png\" alt=\"\" width=\"202\" height=\"202\" srcset=\"https:\/\/servicios.unileon.es\/area-de-apoyo-a-la-acreditacion-del-profesorado\/files\/2025\/12\/proximos_eventos-300x300.png 300w, https:\/\/servicios.unileon.es\/area-de-apoyo-a-la-acreditacion-del-profesorado\/files\/2025\/12\/proximos_eventos-150x150.png 150w, https:\/\/servicios.unileon.es\/area-de-apoyo-a-la-acreditacion-del-profesorado\/files\/2025\/12\/proximos_eventos-768x768.png 768w, https:\/\/servicios.unileon.es\/area-de-apoyo-a-la-acreditacion-del-profesorado\/files\/2025\/12\/proximos_eventos.png 1024w\" sizes=\"auto, (max-width: 202px) 100vw, 202px\" \/>\r\n\r\n<hr \/>\r\n\r\n<ul>\r\n \t<li><strong>Curso de acreditaci\u00f3n a Profesor Titular de Universidad (Escuela de Formaci\u00f3n)<\/strong> &#8211; <strong>9 y 14 de abril de 2026<\/strong>. <span style=\"color: #008000;\"><strong>Presencial <span style=\"color: #ff0000;\">(CAMPUS PONFERRADA).<\/span><\/strong><\/span>\u00a0(<a href=\"http:\/\/chrome-extension:\/\/efaidnbmnnnibpcajpcglclefindmkaj\/https:\/\/servicios.unileon.es\/formacion-pdi\/files\/2026\/03\/ACREDITACION-A-PTU-PONFERRADA.pdf\">enlace<\/a>) &#8211;<span style=\"color: #008000;\"><strong> EN FASE DE MATR\u00cdCULA<\/strong><\/span><\/li>\r\n<\/ul>\r\n&nbsp;\r\n<ul>\r\n \t<li><strong>Curso de acreditaci\u00f3n a Profesor Titular de Universidad (Escuela de Formaci\u00f3n)<\/strong> &#8211; <strong>7 y 8 de abril de 2026<\/strong>. <span style=\"color: #008000;\"><strong>Presencial en Le\u00f3n<\/strong><\/span>. (<a href=\"http:\/\/chrome-extension:\/\/efaidnbmnnnibpcajpcglclefindmkaj\/https:\/\/servicios.unileon.es\/formacion-pdi\/files\/2026\/03\/ACREDITACION-A-PTU.pdf\">enlace<\/a>) &#8211;<span style=\"color: #ff0000;\"><strong> \u00a1COMPLETO!<\/strong><\/span><\/li>\r\n<\/ul>\r\n&nbsp;\r\n<ul>\r\n \t<li><strong><span style=\"color: #ff0000;\">\u00a1SUSPENDIDO! (No se han completado el n\u00famero m\u00ednimo de matr\u00edculas) <\/span>Curso de acreditaci\u00f3n a Profesor Permanente Laboral (Escuela de Formaci\u00f3n) \u2013 4 y 5 de febrero de 2026.<span style=\"color: #008000;\"> Presencial<\/span> <span style=\"color: #ff0000;\">(CAMPUS PONFERRADA)<\/span>. <span style=\"color: #3366ff;\">Cualquier persona interesada, que se ponga en contacto con el \u00c1rea a trav\u00e9s del correo electr\u00f3nico area.acreditaci\u00f3n.profesorado@unileon.es\u00a0<\/span><\/strong><\/li>\r\n<\/ul>\r\n&nbsp;\r\n<ul>\r\n \t<li><strong>Curso de acreditaci\u00f3n a Profesor Permanente Laboral (Escuela de Formaci\u00f3n)<\/strong> &#8211; <strong>11 y 12 de diciembre de 2025<\/strong>. <span style=\"color: #008000;\"><strong>Presencial<\/strong><\/span>. (<a href=\"https:\/\/servicios.unileon.es\/formacion-pdi\/files\/2025\/11\/CURSO-PARA-LA-ACREDITACION-A-PPL.pdf\">enlace<\/a>) &#8211;<span style=\"color: #ff0000;\"><strong> \u00a1COMPLETO!<\/strong><\/span><\/li>\r\n<\/ul>","protected":false},"excerpt":{"rendered":"<p>El \u00c1rea de Apoyo a la Acreditaci\u00f3n del Profesorado tiene como finalidad ofrecer orientaci\u00f3n y acompa\u00f1amiento a las personas de la comunidad universitaria que est\u00e1n inmersas en procesos de acreditaci\u00f3n nacional o regional para las distintas figuras de profesorado universitario. Nuestro prop\u00f3sito es facilitar el camino hacia la acreditaci\u00f3n, ayudando a comprender los requisitos, criterios [&hellip;]<\/p>\n","protected":false},"author":344,"featured_media":0,"parent":0,"menu_order":0,"comment_status":"closed","ping_status":"closed","template":"","meta":{"footnotes":""},"class_list":["post-8","page","type-page","status-publish","hentry"],"_links":{"self":[{"href":"https:\/\/servicios.unileon.es\/area-de-apoyo-a-la-acreditacion-del-profesorado\/wp-json\/wp\/v2\/pages\/8","targetHints":{"allow":["GET"]}}],"collection":[{"href":"https:\/\/servicios.unileon.es\/area-de-apoyo-a-la-acreditacion-del-profesorado\/wp-json\/wp\/v2\/pages"}],"about":[{"href":"https:\/\/servicios.unileon.es\/area-de-apoyo-a-la-acreditacion-del-profesorado\/wp-json\/wp\/v2\/types\/page"}],"author":[{"embeddable":true,"href":"https:\/\/servicios.unileon.es\/area-de-apoyo-a-la-acreditacion-del-profesorado\/wp-json\/wp\/v2\/users\/344"}],"replies":[{"embeddable":true,"href":"https:\/\/servicios.unileon.es\/area-de-apoyo-a-la-acreditacion-del-profesorado\/wp-json\/wp\/v2\/comments?post=8"}],"version-history":[{"count":21,"href":"https:\/\/servicios.unileon.es\/area-de-apoyo-a-la-acreditacion-del-profesorado\/wp-json\/wp\/v2\/pages\/8\/revisions"}],"predecessor-version":[{"id":134,"href":"https:\/\/servicios.unileon.es\/area-de-apoyo-a-la-acreditacion-del-profesorado\/wp-json\/wp\/v2\/pages\/8\/revisions\/134"}],"wp:attachment":[{"href":"https:\/\/servicios.unileon.es\/area-de-apoyo-a-la-acreditacion-del-profesorado\/wp-json\/wp\/v2\/media?parent=8"}],"curies":[{"name":"wp","href":"https:\/\/api.w.org\/{rel}","templated":true}]}}