{"id":16,"date":"2025-10-27T08:43:02","date_gmt":"2025-10-27T07:43:02","guid":{"rendered":"https:\/\/servicios.unileon.es\/area-de-apoyo-a-la-acreditacion-del-profesorado\/?page_id=16"},"modified":"2025-12-05T10:42:56","modified_gmt":"2025-12-05T09:42:56","slug":"recursos-acreditacion-regional","status":"publish","type":"page","link":"https:\/\/servicios.unileon.es\/area-de-apoyo-a-la-acreditacion-del-profesorado\/recursos-acreditacion-regional\/","title":{"rendered":"Recursos (Acreditaci\u00f3n Regional)"},"content":{"rendered":"<p style=\"text-align: left;\"><strong>Acceso a la \u00faltima convocatoria 2025<\/strong> &#8211; <span style=\"color: #ff0000;\">Cerrada<\/span> (<a href=\"http:\/\/La Agencia para la Calidad del Sistema Universitario de Castilla y Le\u00f3n (ACSUCyL) es el organismo encargado de evaluar, acreditar y certificar los m\u00e9ritos y la capacidad del personal docente e investigador en las universidades de Castilla y Le\u00f3n. En relaci\u00f3n a la acreditaci\u00f3n a figuras de profesorado universitario, ACSUCyL en sus diferentes convocatorias, permite la posibilidad de solicitar acreditaci\u00f3n a Profesor\/a Ayudante Doctor\/a, Profesor\/a Contratado\/a Doctor\/a y Profesor\/a de Universidad Privada.\">M\u00e1s informaci\u00f3n aqu\u00ed<\/a>)<\/p>","protected":false},"excerpt":{"rendered":"<p>Acceso a la \u00faltima convocatoria 2025 &#8211; Cerrada (M\u00e1s informaci\u00f3n aqu\u00ed)<\/p>\n","protected":false},"author":344,"featured_media":0,"parent":0,"menu_order":0,"comment_status":"closed","ping_status":"closed","template":"","meta":{"footnotes":""},"class_list":["post-16","page","type-page","status-publish","hentry"],"_links":{"self":[{"href":"https:\/\/servicios.unileon.es\/area-de-apoyo-a-la-acreditacion-del-profesorado\/wp-json\/wp\/v2\/pages\/16","targetHints":{"allow":["GET"]}}],"collection":[{"href":"https:\/\/servicios.unileon.es\/area-de-apoyo-a-la-acreditacion-del-profesorado\/wp-json\/wp\/v2\/pages"}],"about":[{"href":"https:\/\/servicios.unileon.es\/area-de-apoyo-a-la-acreditacion-del-profesorado\/wp-json\/wp\/v2\/types\/page"}],"author":[{"embeddable":true,"href":"https:\/\/servicios.unileon.es\/area-de-apoyo-a-la-acreditacion-del-profesorado\/wp-json\/wp\/v2\/users\/344"}],"replies":[{"embeddable":true,"href":"https:\/\/servicios.unileon.es\/area-de-apoyo-a-la-acreditacion-del-profesorado\/wp-json\/wp\/v2\/comments?post=16"}],"version-history":[{"count":6,"href":"https:\/\/servicios.unileon.es\/area-de-apoyo-a-la-acreditacion-del-profesorado\/wp-json\/wp\/v2\/pages\/16\/revisions"}],"predecessor-version":[{"id":112,"href":"https:\/\/servicios.unileon.es\/area-de-apoyo-a-la-acreditacion-del-profesorado\/wp-json\/wp\/v2\/pages\/16\/revisions\/112"}],"wp:attachment":[{"href":"https:\/\/servicios.unileon.es\/area-de-apoyo-a-la-acreditacion-del-profesorado\/wp-json\/wp\/v2\/media?parent=16"}],"curies":[{"name":"wp","href":"https:\/\/api.w.org\/{rel}","templated":true}]}}