{"id":14,"date":"2025-10-27T08:42:47","date_gmt":"2025-10-27T07:42:47","guid":{"rendered":"https:\/\/servicios.unileon.es\/area-de-apoyo-a-la-acreditacion-del-profesorado\/?page_id=14"},"modified":"2025-12-05T09:55:33","modified_gmt":"2025-12-05T08:55:33","slug":"informacion-de-interes-acreditacion-regional","status":"publish","type":"page","link":"https:\/\/servicios.unileon.es\/area-de-apoyo-a-la-acreditacion-del-profesorado\/informacion-de-interes-acreditacion-regional\/","title":{"rendered":"Informaci\u00f3n de Inter\u00e9s (Acreditaci\u00f3n Regional)"},"content":{"rendered":"<p style=\"text-align: left;\"><\/p>\r\n<a href=\"https:\/\/www.acsucyl.es\/web\/es\/programas-evaluacion\/acreditacion-profesora-contratadoa-doctor.html\"><img loading=\"lazy\" decoding=\"async\" class=\"aligncenter\" src=\"https:\/\/inico.usal.es\/wp-content\/uploads\/2019\/12\/1009.jpg\" alt=\"El INICO se somete a la evaluaci\u00f3n peri\u00f3dica de la ACSUCYL - INICO\" width=\"372\" height=\"155\" \/><\/a>\r\n<p style=\"text-align: left;\">La <strong>Agencia para la Calidad del Sistema Universitario de Castilla y Le\u00f3n (ACSUCyL)<\/strong> es el organismo encargado de evaluar, acreditar y certificar los m\u00e9ritos y la capacidad del personal docente e investigador en las universidades de Castilla y Le\u00f3n.<\/p>\r\n<p style=\"text-align: left;\">En relaci\u00f3n a la acreditaci\u00f3n a figuras de profesorado universitario, ACSUCyL en sus diferentes convocatorias, permite la posibilidad de solicitar acreditaci\u00f3n a <strong>Profesor\/a Ayudante Doctor\/a, Profesor\/a Contratado\/a Doctor\/a y Profesor\/a de Universidad Privada<\/strong>.<\/p>\r\n<p style=\"text-align: center;\"><span style=\"color: #ff0000;\"><b><span style=\"color: #000000;\">Informaci\u00f3n de Inter\u00e9s:<\/span> En estos momentos no hay convocatorias abiertas.<\/b><\/span><\/p>","protected":false},"excerpt":{"rendered":"<p>La Agencia para la Calidad del Sistema Universitario de Castilla y Le\u00f3n (ACSUCyL) es el organismo encargado de evaluar, acreditar y certificar los m\u00e9ritos y la capacidad del personal docente e investigador en las universidades de Castilla y Le\u00f3n. En relaci\u00f3n a la acreditaci\u00f3n a figuras de profesorado universitario, ACSUCyL en sus diferentes convocatorias, permite [&hellip;]<\/p>\n","protected":false},"author":344,"featured_media":0,"parent":0,"menu_order":0,"comment_status":"closed","ping_status":"closed","template":"","meta":{"footnotes":""},"class_list":["post-14","page","type-page","status-publish","hentry"],"_links":{"self":[{"href":"https:\/\/servicios.unileon.es\/area-de-apoyo-a-la-acreditacion-del-profesorado\/wp-json\/wp\/v2\/pages\/14","targetHints":{"allow":["GET"]}}],"collection":[{"href":"https:\/\/servicios.unileon.es\/area-de-apoyo-a-la-acreditacion-del-profesorado\/wp-json\/wp\/v2\/pages"}],"about":[{"href":"https:\/\/servicios.unileon.es\/area-de-apoyo-a-la-acreditacion-del-profesorado\/wp-json\/wp\/v2\/types\/page"}],"author":[{"embeddable":true,"href":"https:\/\/servicios.unileon.es\/area-de-apoyo-a-la-acreditacion-del-profesorado\/wp-json\/wp\/v2\/users\/344"}],"replies":[{"embeddable":true,"href":"https:\/\/servicios.unileon.es\/area-de-apoyo-a-la-acreditacion-del-profesorado\/wp-json\/wp\/v2\/comments?post=14"}],"version-history":[{"count":7,"href":"https:\/\/servicios.unileon.es\/area-de-apoyo-a-la-acreditacion-del-profesorado\/wp-json\/wp\/v2\/pages\/14\/revisions"}],"predecessor-version":[{"id":87,"href":"https:\/\/servicios.unileon.es\/area-de-apoyo-a-la-acreditacion-del-profesorado\/wp-json\/wp\/v2\/pages\/14\/revisions\/87"}],"wp:attachment":[{"href":"https:\/\/servicios.unileon.es\/area-de-apoyo-a-la-acreditacion-del-profesorado\/wp-json\/wp\/v2\/media?parent=14"}],"curies":[{"name":"wp","href":"https:\/\/api.w.org\/{rel}","templated":true}]}}