{"id":12,"date":"2025-10-27T08:41:31","date_gmt":"2025-10-27T07:41:31","guid":{"rendered":"https:\/\/servicios.unileon.es\/area-de-apoyo-a-la-acreditacion-del-profesorado\/?page_id=12"},"modified":"2025-12-05T09:37:56","modified_gmt":"2025-12-05T08:37:56","slug":"informacion-del-area","status":"publish","type":"page","link":"https:\/\/servicios.unileon.es\/area-de-apoyo-a-la-acreditacion-del-profesorado\/informacion-del-area\/","title":{"rendered":"Informaci\u00f3n del \u00c1rea"},"content":{"rendered":"<p data-start=\"840\" data-end=\"1341\"><span style=\"font-size: 14pt; color: #008000;\"><strong data-start=\"840\" data-end=\"850\">Misi\u00f3n<\/strong><\/span><br data-start=\"850\" data-end=\"853\" \/>Nuestra misi\u00f3n es contribuir al desarrollo profesional del personal docente e investigador de la Universidad de Le\u00f3n. Lo hacemos proporcionando informaci\u00f3n actualizada y asesoramiento individualizado para que cada persona afronte su proceso de acreditaci\u00f3n con confianza y claridad.<\/p>\r\n\r\n<h3 data-start=\"552\" data-end=\"568\"><span style=\"font-family: georgia, palatino, serif; font-size: 14pt; color: #008000;\"><strong data-start=\"556\" data-end=\"566\">Visi\u00f3n<\/strong><\/span><\/h3>\r\n<p data-start=\"569\" data-end=\"944\">Ser un referente universitario en el acompa\u00f1amiento y asesoramiento cercano en el proceso de acreditaci\u00f3n, que impulse la excelencia acad\u00e9mica y el reconocimiento del talento de todas las personas que integran nuestro profesorado.<\/p>\r\n<p data-start=\"1343\" data-end=\"1356\"><span style=\"font-size: 14pt; font-family: georgia, palatino, serif; color: #008000;\"><strong data-start=\"1343\" data-end=\"1354\">Valores<\/strong><\/span><\/p>\r\n\r\n<ul data-start=\"1357\" data-end=\"2135\">\r\n \t<li data-start=\"1357\" data-end=\"1479\">\r\n<p data-start=\"1359\" data-end=\"1479\"><strong data-start=\"1359\" data-end=\"1385\">Rigor y transparencia:<\/strong> ofrecemos informaci\u00f3n veraz, actualizada y basada en los criterios oficiales de evaluaci\u00f3n.<\/p>\r\n<\/li>\r\n \t<li data-start=\"1480\" data-end=\"1603\">\r\n<p data-start=\"1482\" data-end=\"1603\"><strong data-start=\"1482\" data-end=\"1512\">Cercan\u00eda y acompa\u00f1amiento:<\/strong> creemos en la importancia de un trato personalizado, humano y accesible en cada proceso.<\/p>\r\n<\/li>\r\n \t<li data-start=\"1604\" data-end=\"1723\">\r\n<p data-start=\"1606\" data-end=\"1723\"><strong data-start=\"1606\" data-end=\"1636\">Compromiso con la calidad:<\/strong> promovemos la mejora continuada del profesorado como base de la calidad universitaria.<\/p>\r\n<\/li>\r\n \t<li data-start=\"1724\" data-end=\"1832\">\r\n<p data-start=\"1726\" data-end=\"1832\"><strong data-start=\"1726\" data-end=\"1757\">Confidencialidad y respeto:<\/strong> tratamos cada caso con la m\u00e1xima discreci\u00f3n y consideraci\u00f3n profesional.<\/p>\r\n<\/li>\r\n \t<li data-start=\"1833\" data-end=\"1987\">\r\n<p data-start=\"1835\" data-end=\"1987\"><strong data-start=\"1835\" data-end=\"1863\">Colaboraci\u00f3n y servicio:<\/strong> trabajamos de manera coordinada con las distintas unidades y servicios universitarios para ofrecer una atenci\u00f3n integral.<\/p>\r\n<\/li>\r\n \t<li data-start=\"1988\" data-end=\"2135\">\r\n<p data-start=\"1990\" data-end=\"2135\"><strong data-start=\"1990\" data-end=\"2015\">Aprendizaje continuo:<\/strong> mantenemos una actualizaci\u00f3n constante sobre normativas y procedimientos para ofrecer un asesoramiento riguroso y \u00fatil.<\/p>\r\n<\/li>\r\n<\/ul>\r\n<p style=\"text-align: center;\"><\/p>","protected":false},"excerpt":{"rendered":"<p>Misi\u00f3nNuestra misi\u00f3n es contribuir al desarrollo profesional del personal docente e investigador de la Universidad de Le\u00f3n. Lo hacemos proporcionando informaci\u00f3n actualizada y asesoramiento individualizado para que cada persona afronte su proceso de acreditaci\u00f3n con confianza y claridad. Visi\u00f3n Ser un referente universitario en el acompa\u00f1amiento y asesoramiento cercano en el proceso de acreditaci\u00f3n, que [&hellip;]<\/p>\n","protected":false},"author":344,"featured_media":0,"parent":0,"menu_order":0,"comment_status":"closed","ping_status":"closed","template":"","meta":{"footnotes":""},"class_list":["post-12","page","type-page","status-publish","hentry"],"_links":{"self":[{"href":"https:\/\/servicios.unileon.es\/area-de-apoyo-a-la-acreditacion-del-profesorado\/wp-json\/wp\/v2\/pages\/12","targetHints":{"allow":["GET"]}}],"collection":[{"href":"https:\/\/servicios.unileon.es\/area-de-apoyo-a-la-acreditacion-del-profesorado\/wp-json\/wp\/v2\/pages"}],"about":[{"href":"https:\/\/servicios.unileon.es\/area-de-apoyo-a-la-acreditacion-del-profesorado\/wp-json\/wp\/v2\/types\/page"}],"author":[{"embeddable":true,"href":"https:\/\/servicios.unileon.es\/area-de-apoyo-a-la-acreditacion-del-profesorado\/wp-json\/wp\/v2\/users\/344"}],"replies":[{"embeddable":true,"href":"https:\/\/servicios.unileon.es\/area-de-apoyo-a-la-acreditacion-del-profesorado\/wp-json\/wp\/v2\/comments?post=12"}],"version-history":[{"count":5,"href":"https:\/\/servicios.unileon.es\/area-de-apoyo-a-la-acreditacion-del-profesorado\/wp-json\/wp\/v2\/pages\/12\/revisions"}],"predecessor-version":[{"id":82,"href":"https:\/\/servicios.unileon.es\/area-de-apoyo-a-la-acreditacion-del-profesorado\/wp-json\/wp\/v2\/pages\/12\/revisions\/82"}],"wp:attachment":[{"href":"https:\/\/servicios.unileon.es\/area-de-apoyo-a-la-acreditacion-del-profesorado\/wp-json\/wp\/v2\/media?parent=12"}],"curies":[{"name":"wp","href":"https:\/\/api.w.org\/{rel}","templated":true}]}}