{"id":10,"date":"2025-10-27T08:41:14","date_gmt":"2025-10-27T07:41:14","guid":{"rendered":"https:\/\/servicios.unileon.es\/area-de-apoyo-a-la-acreditacion-del-profesorado\/?page_id=10"},"modified":"2025-12-05T11:17:03","modified_gmt":"2025-12-05T10:17:03","slug":"informacion-de-contacto","status":"publish","type":"page","link":"https:\/\/servicios.unileon.es\/area-de-apoyo-a-la-acreditacion-del-profesorado\/informacion-de-contacto\/","title":{"rendered":"Informaci\u00f3n de Contacto"},"content":{"rendered":"<a href=\"http:\/\/https:\/\/portalcientifico.unileon.es\/investigadores\/97459\/detalle\"><img loading=\"lazy\" decoding=\"async\" class=\"alignleft wp-image-70 \" src=\"http:\/\/servicios.unileon.es\/area-de-apoyo-a-la-acreditacion-del-profesorado\/files\/2025\/11\/Foto-Tania-e1762864175883-208x300.jpg\" alt=\"\" width=\"140\" height=\"202\" srcset=\"https:\/\/servicios.unileon.es\/area-de-apoyo-a-la-acreditacion-del-profesorado\/files\/2025\/11\/Foto-Tania-e1762864175883-208x300.jpg 208w, https:\/\/servicios.unileon.es\/area-de-apoyo-a-la-acreditacion-del-profesorado\/files\/2025\/11\/Foto-Tania-e1762864175883-709x1024.jpg 709w, https:\/\/servicios.unileon.es\/area-de-apoyo-a-la-acreditacion-del-profesorado\/files\/2025\/11\/Foto-Tania-e1762864175883-768x1109.jpg 768w, https:\/\/servicios.unileon.es\/area-de-apoyo-a-la-acreditacion-del-profesorado\/files\/2025\/11\/Foto-Tania-e1762864175883.jpg 973w\" sizes=\"auto, (max-width: 140px) 100vw, 140px\" \/><\/a>\r\n<table style=\"width: 82.911%; height: 307px;\">\r\n<tbody>\r\n<tr>\r\n<th>Directora<\/th>\r\n<td>Tania Fern\u00e1ndez Villa<\/td>\r\n<\/tr>\r\n<tr>\r\n<th>Direcci\u00f3n Postal<\/th>\r\n<td>Universidad de Le\u00f3n &#8211; Vicerrectorado de Profesorado.\r\n\r\n\u00c1rea de Apoyo a la Acreditaci\u00f3n del Profesorado.\r\n\r\nEdificio el Alb\u00e9itar\r\nAvda. de la Facultad, 25\r\n24004 Le\u00f3n<\/td>\r\n<\/tr>\r\n<tr>\r\n<th>Tel\u00e9fono<\/th>\r\n<td>663954395<\/td>\r\n<\/tr>\r\n<tr>\r\n<th>Correo electr\u00f3nico<\/th>\r\n<td><a href=\"mailto:area.acreditacion.profesorado@unileon.es\">area.acreditacion.profesorado@unileon.es<\/a><\/td>\r\n<\/tr>\r\n<tr>\r\n<th>Web<\/th>\r\n<td><a href=\"https:\/\/servicios.unileon.es\/area-de-apoyo-a-la-acreditacion-del-profesorado\/\">servicios.unileon.es\/area-de-apoyo-a-la-acreditacion-del-profesorado<\/a><\/td>\r\n<\/tr>\r\n<\/tbody>\r\n<\/table>\r\n\r\n<hr \/>\r\n\r\n&nbsp;","protected":false},"excerpt":{"rendered":"<p>Directora Tania Fern\u00e1ndez Villa Direcci\u00f3n Postal Universidad de Le\u00f3n &#8211; Vicerrectorado de Profesorado. \u00c1rea de Apoyo a la Acreditaci\u00f3n del Profesorado. Edificio el Alb\u00e9itar Avda. de la Facultad, 25 24004 Le\u00f3n Tel\u00e9fono 663954395 Correo electr\u00f3nico area.acreditacion.profesorado@unileon.es Web servicios.unileon.es\/area-de-apoyo-a-la-acreditacion-del-profesorado &nbsp;<\/p>\n","protected":false},"author":344,"featured_media":0,"parent":0,"menu_order":0,"comment_status":"closed","ping_status":"closed","template":"","meta":{"footnotes":""},"class_list":["post-10","page","type-page","status-publish","hentry"],"_links":{"self":[{"href":"https:\/\/servicios.unileon.es\/area-de-apoyo-a-la-acreditacion-del-profesorado\/wp-json\/wp\/v2\/pages\/10","targetHints":{"allow":["GET"]}}],"collection":[{"href":"https:\/\/servicios.unileon.es\/area-de-apoyo-a-la-acreditacion-del-profesorado\/wp-json\/wp\/v2\/pages"}],"about":[{"href":"https:\/\/servicios.unileon.es\/area-de-apoyo-a-la-acreditacion-del-profesorado\/wp-json\/wp\/v2\/types\/page"}],"author":[{"embeddable":true,"href":"https:\/\/servicios.unileon.es\/area-de-apoyo-a-la-acreditacion-del-profesorado\/wp-json\/wp\/v2\/users\/344"}],"replies":[{"embeddable":true,"href":"https:\/\/servicios.unileon.es\/area-de-apoyo-a-la-acreditacion-del-profesorado\/wp-json\/wp\/v2\/comments?post=10"}],"version-history":[{"count":22,"href":"https:\/\/servicios.unileon.es\/area-de-apoyo-a-la-acreditacion-del-profesorado\/wp-json\/wp\/v2\/pages\/10\/revisions"}],"predecessor-version":[{"id":121,"href":"https:\/\/servicios.unileon.es\/area-de-apoyo-a-la-acreditacion-del-profesorado\/wp-json\/wp\/v2\/pages\/10\/revisions\/121"}],"wp:attachment":[{"href":"https:\/\/servicios.unileon.es\/area-de-apoyo-a-la-acreditacion-del-profesorado\/wp-json\/wp\/v2\/media?parent=10"}],"curies":[{"name":"wp","href":"https:\/\/api.w.org\/{rel}","templated":true}]}}