{"id":78,"date":"2018-09-05T09:56:53","date_gmt":"2018-09-05T09:56:53","guid":{"rendered":"http:\/\/servicios.unileon.es\/animalario\/?page_id=78"},"modified":"2025-06-09T11:54:05","modified_gmt":"2025-06-09T11:54:05","slug":"legislacion","status":"publish","type":"page","link":"https:\/\/servicios.unileon.es\/animalario\/legislacion\/","title":{"rendered":"Legislaci\u00f3n de inter\u00e9s"},"content":{"rendered":"<h3><a href=\"https:\/\/www.unileon.es\/investigadores\/comite-etica\/legislacion\">Legislaci\u00f3n<\/a><\/h3>\r\n<ol>\r\n    <li><a href=\"https:\/\/www.unileon.es\/investigadores\/comite-etica\/legislacion#bioet1\">Legislaci\u00f3n nacional y auton\u00f3mica<\/a>\r\n        <ul>\r\n            <li><a href=\"https:\/\/www.unileon.es\/investigadores\/comite-etica\/legislacion#bioet1general\">General<\/a> <\/li>\r\n            <li><a href=\"https:\/\/www.unileon.es\/investigadores\/comite-etica\/legislacion#bioet1expanimal\">Experimentaci\u00f3n Animal<\/a> <\/li>\r\n            <li><a href=\"https:\/\/www.unileon.es\/investigadores\/comite-etica\/legislacion#bioet1modgen\">Organismos Modificados Gen\u00e9ticamente<\/a> <\/li>\r\n            <li><a href=\"https:\/\/www.unileon.es\/investigadores\/comite-etica\/legislacion#bioet1protrab\">Protecci\u00f3n de los Trabajadores<\/a> <\/li>\r\n            <li><a href=\"https:\/\/www.unileon.es\/investigadores\/comite-etica\/legislacion#bioet1biomed\">Sanidad e Investigaci\u00f3n Biom\u00e9dica<\/a> <\/li>\r\n            <li><a href=\"https:\/\/www.unileon.es\/investigadores\/comite-etica\/legislacion#bioet1otros\">Otros<\/a> <\/li>\r\n        <\/ul>\r\n    <\/li>\r\n    <li><a href=\"https:\/\/www.unileon.es\/investigadores\/comite-etica\/legislacion#bioet2\">Legislaci\u00f3n comunitaria<\/a> <\/li>\r\n    <li><a href=\"https:\/\/www.unileon.es\/investigadores\/comite-etica\/legislacion#bioet3\">Legislaci\u00f3n internacional<br \/><\/a><\/li>\r\n<\/ol>","protected":false},"excerpt":{"rendered":"<p>Legislaci\u00f3n Legislaci\u00f3n nacional y auton\u00f3mica General Experimentaci\u00f3n Animal Organismos Modificados Gen\u00e9ticamente Protecci\u00f3n de los Trabajadores Sanidad e Investigaci\u00f3n Biom\u00e9dica Otros Legislaci\u00f3n comunitaria Legislaci\u00f3n internacional<\/p>\n","protected":false},"author":344,"featured_media":0,"parent":0,"menu_order":0,"comment_status":"closed","ping_status":"closed","template":"","meta":{"footnotes":""},"class_list":["post-78","page","type-page","status-publish","hentry"],"_links":{"self":[{"href":"https:\/\/servicios.unileon.es\/animalario\/wp-json\/wp\/v2\/pages\/78","targetHints":{"allow":["GET"]}}],"collection":[{"href":"https:\/\/servicios.unileon.es\/animalario\/wp-json\/wp\/v2\/pages"}],"about":[{"href":"https:\/\/servicios.unileon.es\/animalario\/wp-json\/wp\/v2\/types\/page"}],"author":[{"embeddable":true,"href":"https:\/\/servicios.unileon.es\/animalario\/wp-json\/wp\/v2\/users\/344"}],"replies":[{"embeddable":true,"href":"https:\/\/servicios.unileon.es\/animalario\/wp-json\/wp\/v2\/comments?post=78"}],"version-history":[{"count":2,"href":"https:\/\/servicios.unileon.es\/animalario\/wp-json\/wp\/v2\/pages\/78\/revisions"}],"predecessor-version":[{"id":193,"href":"https:\/\/servicios.unileon.es\/animalario\/wp-json\/wp\/v2\/pages\/78\/revisions\/193"}],"wp:attachment":[{"href":"https:\/\/servicios.unileon.es\/animalario\/wp-json\/wp\/v2\/media?parent=78"}],"curies":[{"name":"wp","href":"https:\/\/api.w.org\/{rel}","templated":true}]}}