{"id":66,"date":"2018-09-05T09:45:43","date_gmt":"2018-09-05T09:45:43","guid":{"rendered":"http:\/\/servicios.unileon.es\/animalario\/?page_id=66"},"modified":"2025-06-09T11:47:22","modified_gmt":"2025-06-09T11:47:22","slug":"comite-etico-de-experimentacion-animal","status":"publish","type":"page","link":"https:\/\/servicios.unileon.es\/animalario\/comite-etico-de-experimentacion-animal\/","title":{"rendered":"Comit\u00e9 \u00c9tico de Experimentaci\u00f3n Animal"},"content":{"rendered":"<h4><strong>PROCEDIMIENTO ADMINISTRATIVO<\/strong><\/h4>\r\n\r\n<p><a href=\"https:\/\/www.unileon.es\/files\/guia_tramites_aprobac_proyectos_1.pdf\">Gu\u00eda para el procedimiento administrativo para obtener la autorizaci\u00f3n del \u00d3rgano Competente para la utilizaci\u00f3n de animales en procedimientos experimentales.<\/a><\/p>\r\n\r\n\r\n<h4><strong>Subcomit\u00e9 para la experimentaci\u00f3n y bienestar animal (OEBA)<\/strong><\/h4>\r\n<p>Enlace al <a href=\"https:\/\/www.unileon.es\/investigadores\/comite-etica\/OEBA-ULE\">Subcomit\u00e9 para la experimentaci\u00f3n y bienestar animal (OEBA) de la web de Unileon<\/a><\/p>","protected":false},"excerpt":{"rendered":"<p>PROCEDIMIENTO ADMINISTRATIVO Gu\u00eda para el procedimiento administrativo para obtener la autorizaci\u00f3n del \u00d3rgano Competente para la utilizaci\u00f3n de animales en procedimientos experimentales. Subcomit\u00e9 para la experimentaci\u00f3n y bienestar animal (OEBA) Enlace al Subcomit\u00e9 para la experimentaci\u00f3n y bienestar animal (OEBA) de la web de Unileon<\/p>\n","protected":false},"author":344,"featured_media":0,"parent":0,"menu_order":0,"comment_status":"closed","ping_status":"closed","template":"","meta":{"footnotes":""},"class_list":["post-66","page","type-page","status-publish","hentry"],"_links":{"self":[{"href":"https:\/\/servicios.unileon.es\/animalario\/wp-json\/wp\/v2\/pages\/66","targetHints":{"allow":["GET"]}}],"collection":[{"href":"https:\/\/servicios.unileon.es\/animalario\/wp-json\/wp\/v2\/pages"}],"about":[{"href":"https:\/\/servicios.unileon.es\/animalario\/wp-json\/wp\/v2\/types\/page"}],"author":[{"embeddable":true,"href":"https:\/\/servicios.unileon.es\/animalario\/wp-json\/wp\/v2\/users\/344"}],"replies":[{"embeddable":true,"href":"https:\/\/servicios.unileon.es\/animalario\/wp-json\/wp\/v2\/comments?post=66"}],"version-history":[{"count":6,"href":"https:\/\/servicios.unileon.es\/animalario\/wp-json\/wp\/v2\/pages\/66\/revisions"}],"predecessor-version":[{"id":180,"href":"https:\/\/servicios.unileon.es\/animalario\/wp-json\/wp\/v2\/pages\/66\/revisions\/180"}],"wp:attachment":[{"href":"https:\/\/servicios.unileon.es\/animalario\/wp-json\/wp\/v2\/media?parent=66"}],"curies":[{"name":"wp","href":"https:\/\/api.w.org\/{rel}","templated":true}]}}