{"id":45,"date":"2011-04-04T05:57:42","date_gmt":"2011-04-04T05:57:42","guid":{"rendered":"http:\/\/servicios.unileon.es\/animalario\/?page_id=45"},"modified":"2025-06-09T11:30:13","modified_gmt":"2025-06-09T11:30:13","slug":"reglamento","status":"publish","type":"page","link":"https:\/\/servicios.unileon.es\/animalario\/reglamento\/","title":{"rendered":"Reglamento"},"content":{"rendered":"<p>El Servicio de Investigaci\u00f3n y Bienestar Animal de la Universidad de Le\u00f3n es la entidad administrativa que agrupa los espacios, instalaciones y personal, espec\u00edficamente destinados a la investigaci\u00f3n con animales en el Edificio Animalario situado en el Campus de Vegazana s\/n y en el Edificio NCB, ubicado en el recinto de edificios de investigaci\u00f3n situado en Calle La Serna, 58. El Servicio est\u00e1 registrado ante la autoridad competente con el n\u00famero ES240890000172 como centro usuario de animales utilizados con fines cient\u00edficos de acuerdo con el RD 53\/2013 de 1 de febrero por el que se establecen las normas b\u00e1sicas aplicables para la protecci\u00f3n de los animales utilizados en experimentaci\u00f3n y otros fines cient\u00edficos, incluyendo la docencia.<\/p>\r\n<p>Sin perjuicio de la normativa vigente que regula la utilizaci\u00f3n de animales con fines cient\u00edficos y con el fin de establecer un marco normativo que regule las actividades desarrolladas en el Servicio, los usuarios y el servicio deber\u00e1n cumplir las normas de funcionamiento establecidas en su <a href=\"https:\/\/www.unileon.es\/modelos\/archivo\/norregint\/20252310302996_n_reglamento_servicio_de_investigacion_y_bienestar_animal.pdf\"><strong>REGLAMENTO<\/strong><\/a><\/p>","protected":false},"excerpt":{"rendered":"<p>El Servicio de Investigaci\u00f3n y Bienestar Animal de la Universidad de Le\u00f3n es la entidad administrativa que agrupa los espacios, instalaciones y personal, espec\u00edficamente destinados a la investigaci\u00f3n con animales en el Edificio Animalario situado en el Campus de Vegazana s\/n y en el Edificio NCB, ubicado en el recinto de edificios de investigaci\u00f3n situado [&hellip;]<\/p>\n","protected":false},"author":1,"featured_media":0,"parent":0,"menu_order":0,"comment_status":"closed","ping_status":"open","template":"","meta":{"footnotes":""},"class_list":["post-45","page","type-page","status-publish","hentry"],"_links":{"self":[{"href":"https:\/\/servicios.unileon.es\/animalario\/wp-json\/wp\/v2\/pages\/45","targetHints":{"allow":["GET"]}}],"collection":[{"href":"https:\/\/servicios.unileon.es\/animalario\/wp-json\/wp\/v2\/pages"}],"about":[{"href":"https:\/\/servicios.unileon.es\/animalario\/wp-json\/wp\/v2\/types\/page"}],"author":[{"embeddable":true,"href":"https:\/\/servicios.unileon.es\/animalario\/wp-json\/wp\/v2\/users\/1"}],"replies":[{"embeddable":true,"href":"https:\/\/servicios.unileon.es\/animalario\/wp-json\/wp\/v2\/comments?post=45"}],"version-history":[{"count":5,"href":"https:\/\/servicios.unileon.es\/animalario\/wp-json\/wp\/v2\/pages\/45\/revisions"}],"predecessor-version":[{"id":170,"href":"https:\/\/servicios.unileon.es\/animalario\/wp-json\/wp\/v2\/pages\/45\/revisions\/170"}],"wp:attachment":[{"href":"https:\/\/servicios.unileon.es\/animalario\/wp-json\/wp\/v2\/media?parent=45"}],"curies":[{"name":"wp","href":"https:\/\/api.w.org\/{rel}","templated":true}]}}