{"id":2,"date":"2010-11-08T08:03:57","date_gmt":"2010-11-08T08:03:57","guid":{"rendered":"http:\/\/servicios.unileon.es\/animalario\/?page_id=2"},"modified":"2025-06-09T12:17:45","modified_gmt":"2025-06-09T12:17:45","slug":"informacion-de-contacto","status":"publish","type":"page","link":"https:\/\/servicios.unileon.es\/animalario\/informacion-de-contacto\/","title":{"rendered":"Informaci\u00f3n de contacto"},"content":{"rendered":"<table style=\"width: 100%\">\r\n    <tbody>\r\n        <tr>\r\n            <th>Direcci\u00f3n Postal<\/th>\r\n            <td>UNIVERSIDAD DE LE\u00d3N<br \/>Edificio Animalario &#8211; Campus &#8211; C\/Profesor Pedro C\u00e1rmenes s\/n<br \/>Edificio NCB-La Serna &#8211; C\/La Serna, 58<br \/>24071 LE\u00d3N<\/td>\r\n        <\/tr>\r\n        <tr>\r\n            <th>Tel\u00e9fono<\/th>\r\n            <td>987 29 12 32 (Direcci\u00f3n)<br \/>987 29 12 33 (\u00c1rea Animales &#8211; Edificio Animalario Campus)<br \/>987 29 19 15 (\u00c1rea Animales &#8211; Edificio NCB-La Serna)<\/td>\r\n        <\/tr>\r\n        <tr>\r\n            <th>Buz\u00f3n electr\u00f3nico<\/th>\r\n            <td><a href=\"mailto:serani@unileon.es\">serani@unileon.es<\/a><\/td>\r\n        <\/tr>\r\n    <\/tbody>\r\n<\/table>","protected":false},"excerpt":{"rendered":"<p>Direcci\u00f3n Postal UNIVERSIDAD DE LE\u00d3NEdificio Animalario &#8211; Campus &#8211; C\/Profesor Pedro C\u00e1rmenes s\/nEdificio NCB-La Serna &#8211; C\/La Serna, 5824071 LE\u00d3N Tel\u00e9fono 987 29 12 32 (Direcci\u00f3n)987 29 12 33 (\u00c1rea Animales &#8211; Edificio Animalario Campus)987 29 19 15 (\u00c1rea Animales &#8211; Edificio NCB-La Serna) Buz\u00f3n electr\u00f3nico serani@unileon.es<\/p>\n","protected":false},"author":1,"featured_media":0,"parent":0,"menu_order":0,"comment_status":"closed","ping_status":"open","template":"","meta":{"footnotes":""},"class_list":["post-2","page","type-page","status-publish","hentry"],"_links":{"self":[{"href":"https:\/\/servicios.unileon.es\/animalario\/wp-json\/wp\/v2\/pages\/2","targetHints":{"allow":["GET"]}}],"collection":[{"href":"https:\/\/servicios.unileon.es\/animalario\/wp-json\/wp\/v2\/pages"}],"about":[{"href":"https:\/\/servicios.unileon.es\/animalario\/wp-json\/wp\/v2\/types\/page"}],"author":[{"embeddable":true,"href":"https:\/\/servicios.unileon.es\/animalario\/wp-json\/wp\/v2\/users\/1"}],"replies":[{"embeddable":true,"href":"https:\/\/servicios.unileon.es\/animalario\/wp-json\/wp\/v2\/comments?post=2"}],"version-history":[{"count":6,"href":"https:\/\/servicios.unileon.es\/animalario\/wp-json\/wp\/v2\/pages\/2\/revisions"}],"predecessor-version":[{"id":196,"href":"https:\/\/servicios.unileon.es\/animalario\/wp-json\/wp\/v2\/pages\/2\/revisions\/196"}],"wp:attachment":[{"href":"https:\/\/servicios.unileon.es\/animalario\/wp-json\/wp\/v2\/media?parent=2"}],"curies":[{"name":"wp","href":"https:\/\/api.w.org\/{rel}","templated":true}]}}