{"id":175,"date":"2025-06-09T11:44:05","date_gmt":"2025-06-09T11:44:05","guid":{"rendered":"https:\/\/servicios.unileon.es\/animalario\/?page_id=175"},"modified":"2025-06-09T11:44:05","modified_gmt":"2025-06-09T11:44:05","slug":"formacion","status":"publish","type":"page","link":"https:\/\/servicios.unileon.es\/animalario\/formacion\/","title":{"rendered":"Formaci\u00f3n"},"content":{"rendered":"<h4><strong>Cursos de Formaci\u00f3n<\/strong><\/h4>\r\n<ul>\r\n   <li><p>FORMACI\u00d3N CONTINUA EN EXPERIMENTACI\u00d3N ANIMAL PARA PERSONAL DOCENTE E INVESTIGADOR ACREDITADO PARA EL USO DE ANIMALES CON FINES CIENT\u00cdFICOS: ACTUALIZACI\u00d3N DE FUNCIONES (AVANZADO)<br>Del 19 de mayo al 20 de junio<\/p>\r\n<p><a href=\"https:\/\/servicios.unileon.es\/formacion-pdi\/files\/2025\/04\/EXPERIMENTACION-ANIMAL-NIVEL-AVANZADO.pdf\">Informaci\u00f3n Completa -><\/a><\/p><\/li>\r\n<\/ul>\r\n<p>&nbsp;<\/p>\r\n<h4><strong>Realizaci\u00f3n del Trabajo Bajo Supervisi\u00f3n (TBS)<\/strong><\/h4>\r\n<ul>\r\n   <li><p>Instrucci\u00f3n para la realizaci\u00f3n del TBS en la Universidad de Le\u00f3n<\/p>\r\n<p><a href=\"https:\/\/servicios.unileon.es\/animalario\/files\/2025\/06\/animalario_intruccion_tbs.pdf\">Informaci\u00f3n Completa -><\/a><\/p><\/li>\r\n<\/ul>\r\n","protected":false},"excerpt":{"rendered":"<p>Cursos de Formaci\u00f3n FORMACI\u00d3N CONTINUA EN EXPERIMENTACI\u00d3N ANIMAL PARA PERSONAL DOCENTE E INVESTIGADOR ACREDITADO PARA EL USO DE ANIMALES CON FINES CIENT\u00cdFICOS: ACTUALIZACI\u00d3N DE FUNCIONES (AVANZADO)Del 19 de mayo al 20 de junio Informaci\u00f3n Completa -> &nbsp; Realizaci\u00f3n del Trabajo Bajo Supervisi\u00f3n (TBS) Instrucci\u00f3n para la realizaci\u00f3n del TBS en la Universidad de Le\u00f3n Informaci\u00f3n [&hellip;]<\/p>\n","protected":false},"author":344,"featured_media":0,"parent":0,"menu_order":0,"comment_status":"closed","ping_status":"closed","template":"","meta":{"footnotes":""},"class_list":["post-175","page","type-page","status-publish","hentry"],"_links":{"self":[{"href":"https:\/\/servicios.unileon.es\/animalario\/wp-json\/wp\/v2\/pages\/175","targetHints":{"allow":["GET"]}}],"collection":[{"href":"https:\/\/servicios.unileon.es\/animalario\/wp-json\/wp\/v2\/pages"}],"about":[{"href":"https:\/\/servicios.unileon.es\/animalario\/wp-json\/wp\/v2\/types\/page"}],"author":[{"embeddable":true,"href":"https:\/\/servicios.unileon.es\/animalario\/wp-json\/wp\/v2\/users\/344"}],"replies":[{"embeddable":true,"href":"https:\/\/servicios.unileon.es\/animalario\/wp-json\/wp\/v2\/comments?post=175"}],"version-history":[{"count":2,"href":"https:\/\/servicios.unileon.es\/animalario\/wp-json\/wp\/v2\/pages\/175\/revisions"}],"predecessor-version":[{"id":178,"href":"https:\/\/servicios.unileon.es\/animalario\/wp-json\/wp\/v2\/pages\/175\/revisions\/178"}],"wp:attachment":[{"href":"https:\/\/servicios.unileon.es\/animalario\/wp-json\/wp\/v2\/media?parent=175"}],"curies":[{"name":"wp","href":"https:\/\/api.w.org\/{rel}","templated":true}]}}