{"id":167,"date":"2025-06-09T11:28:08","date_gmt":"2025-06-09T11:28:08","guid":{"rendered":"https:\/\/servicios.unileon.es\/animalario\/?page_id=167"},"modified":"2025-10-23T11:28:05","modified_gmt":"2025-10-23T11:28:05","slug":"personal","status":"publish","type":"page","link":"https:\/\/servicios.unileon.es\/animalario\/personal\/","title":{"rendered":"Personal"},"content":{"rendered":"<table style=\"width: 100%;\">\r\n    <tbody>\r\n        <tr>\r\n            <th>Titulado Superior Veterinario designado (categor\u00eda F)<\/th>\r\n            <td>Dr. Miguel Fern\u00e1ndez Fern\u00e1ndez<\/td>\r\n        <\/tr>\r\n        <tr>\r\n            <th>T\u00e9cnico especialista de oficio G-III (Categor\u00eda A, B y C)<\/th>\r\n            <td>D\u00f1a. Jenifer Rey Migu\u00e9lez<\/td>\r\n        <\/tr>\r\n        <tr>\r\n            <th>T\u00e9cnico especialista de oficio G-III (Categor\u00eda A, B y C)<\/th>\r\n            <td>D\u00f1a. Julia Vargas Garc\u00eda<\/td>\r\n        <\/tr>\r\n        <tr>\r\n            <th>T\u00e9cnico  (Categor\u00eda A, B y C)<\/th>\r\n            <td>D\u00f1a. Teodora Dimitrova Marinova<\/td>\r\n        <\/tr>\r\n        <tr>\r\n            <th>T\u00e9cnico  (Categor\u00eda A, B y C)<\/th>\r\n            <td>D. David Gonz\u00e1lez Azcoitia<\/td>\r\n        <\/tr>\r\n        <tr>\r\n            <th>T\u00e9cnico de apoyo (JCyL)<\/th>\r\n            <td>D. Gonzalo San Jos\u00e9 Rodr\u00edguez<\/td>\r\n        <\/tr>\r\n        <tr>\r\n            <th>T\u00e9cnico de apoyo (JCyL)<\/th>\r\n            <td>D. \u00c1lvaro Mart\u00edn Arranz<\/td>\r\n        <\/tr>\r\n    <\/tbody>\r\n<\/table>","protected":false},"excerpt":{"rendered":"<p>Titulado Superior Veterinario designado (categor\u00eda F) Dr. Miguel Fern\u00e1ndez Fern\u00e1ndez T\u00e9cnico especialista de oficio G-III (Categor\u00eda A, B y C) D\u00f1a. Jenifer Rey Migu\u00e9lez T\u00e9cnico especialista de oficio G-III (Categor\u00eda A, B y C) D\u00f1a. Julia Vargas Garc\u00eda T\u00e9cnico (Categor\u00eda A, B y C) D\u00f1a. Teodora Dimitrova Marinova T\u00e9cnico (Categor\u00eda A, B y C) D. [&hellip;]<\/p>\n","protected":false},"author":344,"featured_media":0,"parent":0,"menu_order":0,"comment_status":"closed","ping_status":"closed","template":"","meta":{"footnotes":""},"class_list":["post-167","page","type-page","status-publish","hentry"],"_links":{"self":[{"href":"https:\/\/servicios.unileon.es\/animalario\/wp-json\/wp\/v2\/pages\/167","targetHints":{"allow":["GET"]}}],"collection":[{"href":"https:\/\/servicios.unileon.es\/animalario\/wp-json\/wp\/v2\/pages"}],"about":[{"href":"https:\/\/servicios.unileon.es\/animalario\/wp-json\/wp\/v2\/types\/page"}],"author":[{"embeddable":true,"href":"https:\/\/servicios.unileon.es\/animalario\/wp-json\/wp\/v2\/users\/344"}],"replies":[{"embeddable":true,"href":"https:\/\/servicios.unileon.es\/animalario\/wp-json\/wp\/v2\/comments?post=167"}],"version-history":[{"count":4,"href":"https:\/\/servicios.unileon.es\/animalario\/wp-json\/wp\/v2\/pages\/167\/revisions"}],"predecessor-version":[{"id":201,"href":"https:\/\/servicios.unileon.es\/animalario\/wp-json\/wp\/v2\/pages\/167\/revisions\/201"}],"wp:attachment":[{"href":"https:\/\/servicios.unileon.es\/animalario\/wp-json\/wp\/v2\/media?parent=167"}],"curies":[{"name":"wp","href":"https:\/\/api.w.org\/{rel}","templated":true}]}}