{"id":15,"date":"2010-12-21T08:52:50","date_gmt":"2010-12-21T08:52:50","guid":{"rendered":"http:\/\/servicios.unileon.es\/animalario\/"},"modified":"2025-03-10T09:34:08","modified_gmt":"2025-03-10T09:34:08","slug":"equipamiento-disponible","status":"publish","type":"page","link":"https:\/\/servicios.unileon.es\/animalario\/equipamiento-disponible\/","title":{"rendered":"Instalaciones y Equipamiento"},"content":{"rendered":"<p>El Servicio de Investigaci\u00f3n y Bienestar Animal consta de un edificio independiente, denominado Edificio Animalario-Campus, situado en el Campus de Vegazana, y otro en la parcela de los Institutos de Investigaci\u00f3n en Calle La Serna 58, denominado Edificio NCB- La Serna.<\/p>\r\n<h3>INSTALACIONES y EQUIPAMIENTO<\/h3>\r\n<h4>1.- Instalaciones:<\/h4>\r\n<p><em>a) Edificio Animalario &#8211; Campus de Vegazana<\/em>, edificio independiente situado en parcela existente en la zona sureste del citado campus, frente a la facultad de Ciencias Biol\u00f3gicas y Ambientales y adyacente al Hospital Veterinario de la Universidad de Le\u00f3n. La superficie total construida es de 1244,94 m2, siendo la superficie total \u00fatil de 1088,85 m2. Consta de dos plantas y bajo cubierta:<\/p>\r\n<p>I. Planta Baja<\/p>\r\n<ul>\r\n  <li><strong>Hall principal<\/strong><\/li>\r\n  <li>Zona de administraci\u00f3n.<\/li>\r\n  <li>Cuarto de instalaciones el\u00e9ctricas y de climatizaci\u00f3n.<\/li>\r\n  <li>Pasillo.<\/li>\r\n  <li>Aula.<\/li>\r\n  <li>Aseos.<\/li>\r\n  <li>3 almacenes.<\/li>\r\n  <li>4 salas polivalentes para alojamiento de diversas especies.<\/li>\r\n  <li>1 sala de animales acu\u00edcolas agua fr\u00eda.<\/li>\r\n  <li>1 zona de animales acu\u00edcolas agua caliente.<\/li>\r\n  <li>1 sala para procedimientos.<\/li>\r\n  <li>2 salas de nivel de contenci\u00f3n biol\u00f3gica de nivel 2.<\/li>\r\n  <li>Sala de calderas y generador.<\/li>\r\n  <li>Cuadro de instalaci\u00f3n de maquinaria del ascensor.<\/li>\r\n<\/ul>\r\n\r\n<p>II. Planta primera<\/p>\r\n<ul>\r\n  <li><strong>Hall superior<\/strong><\/li>\r\n  <li>2 salas de cuarentena.<\/li>\r\n  <li>1 pasillo limpio.<\/li>\r\n  <li>2 pasillos sucios.<\/li>\r\n  <li>Vestuarios y aseo.<\/li>\r\n  <li>3 salas de limpieza y desinfecci\u00f3n.<\/li>\r\n  <li>2 almacenes.<\/li>\r\n  <li>1 laboratorio y sala de procedimientos<\/li>\r\n  <li>1 sala de t\u00e9cnicas quir\u00fargicas y de procedimientos<\/li>\r\n  <li>1 sala polivalente<\/li>\r\n  <li>1 sala con un equipo de Bioluminiscencia IVIS\u00ae SpectrumCT Imaging System.<\/li>\r\n  <li>1 sala con presala para el alojamiento de animales en condiciones particulares.<\/li>\r\n  <li>9 salas de alojamiento de animales<\/li>\r\n<\/ul>\r\n<p>III. Bajo cubierta para las instalaciones de la climatizaci\u00f3n del edificio y la sala t\u00e9cnica de control y, a la que se accede a trav\u00e9s de la escalera.<\/p>\r\n<p>&nbsp;<\/p>\r\n\r\n<p><em>b) Edificio NCB &#8211; C\/ La Serna Animalario<\/em>, edificio independiente situado en el recinto de institutos de investigaci\u00f3n situados en la Calle La Serna, 58 (C\/Villaescusa) ubicado detr\u00e1s del Imarenabio y al lado del almac\u00e9n de la Universidad de Le\u00f3n.<\/p>\r\n<p>I. Planta Baja<\/p>\r\n<ul>\r\n  <li>Hall de entrada y separaci\u00f3n de zonas.<\/li>\r\n  <li>\u00c1rea de hasta nivel de contenci\u00f3n biol\u00f3gica 3.\r\n    <ul>\r\n      <li>6 salas para el alojamiento de animales.<\/li>\r\n      <li>1 sala de necropsias\/procedimientos.<\/li>\r\n      <li>1 laboratorio.<\/li>\r\n      <li>1 zona de c\u00e1mara frigor\u00edfica y gesti\u00f3n de residuos.<\/li>\r\n    <\/ul>\r\n  <\/li>\r\n  <li>\u00c1rea de hasta nivel de contenci\u00f3n biol\u00f3gica 2.\r\n    <ul>\r\n      <li>8 salas para rumiantes.<\/li>\r\n      <li>9 salas para porcino.<\/li>\r\n      <li>1 sala de procedimiento experimental.<\/li>\r\n    <\/ul>\r\n  <\/li>\r\n<\/ul>\r\n\r\n<p>II. Planta primera<\/p>\r\n<ul>\r\n  <li>Zona de administraci\u00f3n: 2 salas<\/li>\r\n  <li>Zona de laboratorio: 2 salas<\/li>\r\n  <li>Planta t\u00e9cnica<\/li>\r\n<\/ul>\r\n<p>&nbsp;<\/p>\r\n\r\n<h4>2.- Equipamiento espec\u00edfico:<\/h4>\r\n\r\n<p><em>a) Edificio Animalario &#8211; Campus de Vegazana<\/em><\/p>\r\n<p>I. Planta Baja<\/p>\r\n<ul>\r\n  <li>Aula: capacidad para 18 personas.<\/li>\r\n  <li>Aseos y taquillas<\/li>\r\n  <li>Zona administrativa equipada.<\/li>\r\n  <li>4 almacenes: para el almacenamiento de viruta y pienso para los animales de experimentaci\u00f3n.<\/li>\r\n  <li>Comederos, bebederos y material de enriquecimiento para las especies alojadas.<\/li>\r\n  <li>2 acuarios horizontales para peces de agua fr\u00eda.<\/li>\r\n  <li>3 acuarios verticales en rack vertical para peces de agua<\/li>\r\n  <li>Zona NCB2: 2 salas con rack para conejos y roedores.<\/li>\r\n  <li>2 cabinas de seguridad biol\u00f3gica.<\/li>\r\n  <li>Autoclave.<\/li>\r\n  <li>Arc\u00f3n congelador.<\/li>\r\n  <li>Focos t\u00e9rmicos.<\/li>\r\n  <li>Estructura de divisi\u00f3n horizontal para salas polivalentes.<\/li>\r\n  <li>Sala de calderas y generador de emergencia.<\/li>\r\n  <li>Ascensor.<\/li>\r\n<\/ul>\r\n\r\n<p>II. Planta primera<\/p>\r\n<ul>\r\n  <li>Taquillas y vestuario de acceso.<\/li>\r\n  <li>Salas de estabulaci\u00f3n de animales con estanter\u00edas o racks equipados para distintas especies de roedores.<\/li>\r\n  <li>Salas de estabulaci\u00f3n con racks equipados para el alojamiento de conejos y cobayas.<\/li>\r\n  <li>Material de alojamiento, cama, comederos bebederos y enriquecimiento ambiental adecuado a la especie.<\/li>\r\n  <li>Equipo de bioluminiscencia in vivo IVIS Spectrum System.<\/li>\r\n  <li>2 equipos de anestesia inhalatoria.<\/li>\r\n  <li>Quir\u00f3fano equipado para especies menores.<\/li>\r\n  <li>Laboratorio de procedimientos equipado con material b\u00e1sico de laboratorio.<\/li>\r\n  <li>C\u00e1mara de CO2 para eutanasia.<\/li>\r\n  <li>Sala de limpieza: fregadero-ducha y lavajaulas.<\/li>\r\n  <li>Sala de esterilizaci\u00f3n con autoclave de doble puerta.<\/li>\r\n  <li>Sala para el trabajo en condiciones de NCB de nivel 2 u OMGs de tipo 2.<\/li>\r\n  <li>Cabina de flujo laminar, estaci\u00f3n de cambio y cabina de gases.<\/li>\r\n<\/ul>\r\n<p>&nbsp;<\/p>\r\n\r\n<p><em>b) Edificio NCB &#8211; La Serna<\/em><\/p>\r\n<p>I. Zona NCB2<\/p>\r\n<ul>\r\n  <li>9 boxes equipados con comederos, bebederos y manta t\u00e9rmica para el alojamiento de porcino.<\/li>\r\n  <li>8 boxes equipados para el alojamiento de rumiantes\/equino.<\/li>\r\n  <li>2 sal<\/li>as con parideras de porcino.<\/li>\r\n  <li>C\u00e1mara frigor\u00edfica de puerta para residuos y cad\u00e1veres.<\/li>\r\n<\/ul>\r\n\r\n<p>II. Zona NCB3<\/p>\r\n<ul>\r\n  <li>Vestuarios preliminares general.<\/li>\r\n  <li>Vestuario individual para acceso a cada sala.<\/li>\r\n  <li>Boxes elevados equipados, polivalentes a varias especies.<\/li>\r\n  <li>Laboratorio equipado con cabina de bioseguridad, estufa de incubaci\u00f3n, centr\u00edfuga y kit de pipetas.<\/li>\r\n  <li>Salas de necropsias y procedimientos: mesa, SAS peque\u00f1o de paso de materiales, SAS de paso de salida de materiales o residuo, autoclave en la zona de barrera.<\/li>\r\n  <li>C\u00e1mara frigor\u00edfica para cad\u00e1veres y residuos.<\/li>\r\n<\/ul>\r\n\r\n<p>III. Zona administrativa<\/p>\r\n<ul>\r\n  <li>Salas para reuni\u00f3n, preparaci\u00f3n de material y administraci\u00f3n.<\/li>\r\n<\/ul>\r\n<p>&nbsp;<\/p>\r\n\r\n<p><em>b) Uso del IVIS Sectrum System<\/em>. Los usuarios del Servicio de podr\u00e1 utilizar el equipo previa solicitud de uso y realizar la correspondiente reserva en el calendario compartido habilitado a tal efecto. En cada utilizaci\u00f3n deber\u00e1 cumplimentarse el Formulario de uso de equipo IVIS Spectrum. Los usuarios cumplir\u00e1n con las normas de uso y de trabajo que se indican en la sala donde se aloja el equipo.<\/p>\r\n<p>M\u00e1s informaci\u00f3n: <a href=\"http:\/\/servicios.unileon.es\/animalario\/equipo-de-bioluminiscencia-ivis-spectrumct-imaging-system\/\"><strong>Equipo de Bioluminiscencia IVIS\u00ae SpectrumCT Imaging System<\/strong><\/a><\/p>\r\n<p>&nbsp;<\/p>\r\n\r\n<h3>El Servicio tiene como funciones:<\/h3>\r\n<p>Proporcionar a los investigadores la infraestructura general para la ejecuci\u00f3n de estudios experimentales con animales.<\/p>\r\n<p>Mantener a los animales utilizados con fines experimentales en unas condiciones adecuadas de alojamiento y cuidados.<\/p>\r\n<p>Asegurar el cumplimiento normativo respecto a la protecci\u00f3n de los animales utilizados con fines experimentales.<\/p>\r\n<p>Favorecer y apoyar la consecuci\u00f3n del adecuado grado de preparaci\u00f3n y formaci\u00f3n por parte de las personas que van a trabajar con animales.<\/p>\r\n<p>Este Servicio puede ser utilizado no solo por grupos de investigadores de la Universidad, sino tambi\u00e9n por otras Instituciones, Organismos o Entidades p\u00fablicos o privados (por ejemplo, laboratorios qu\u00edmico-farmac\u00e9uticos), que necesiten llevar a cabo (de acuerdo con sus propios fines de investigaci\u00f3n, de desarrollo de productos o de control de los mismos) el mantenimiento de animales vertebrados con respeto y cumplimiento estricto de la normativa vigente sobre protecci\u00f3n y experimentaci\u00f3n animal.<\/p>","protected":false},"excerpt":{"rendered":"<p>El Servicio de Investigaci\u00f3n y Bienestar Animal consta de un edificio independiente, denominado Edificio Animalario-Campus, situado en el Campus de Vegazana, y otro en la parcela de los Institutos de Investigaci\u00f3n en Calle La Serna 58, denominado Edificio NCB- La Serna. INSTALACIONES y EQUIPAMIENTO 1.- Instalaciones: a) Edificio Animalario &#8211; Campus de Vegazana, edificio independiente [&hellip;]<\/p>\n","protected":false},"author":1,"featured_media":0,"parent":0,"menu_order":0,"comment_status":"closed","ping_status":"open","template":"","meta":{"footnotes":""},"class_list":["post-15","page","type-page","status-publish","hentry"],"_links":{"self":[{"href":"https:\/\/servicios.unileon.es\/animalario\/wp-json\/wp\/v2\/pages\/15","targetHints":{"allow":["GET"]}}],"collection":[{"href":"https:\/\/servicios.unileon.es\/animalario\/wp-json\/wp\/v2\/pages"}],"about":[{"href":"https:\/\/servicios.unileon.es\/animalario\/wp-json\/wp\/v2\/types\/page"}],"author":[{"embeddable":true,"href":"https:\/\/servicios.unileon.es\/animalario\/wp-json\/wp\/v2\/users\/1"}],"replies":[{"embeddable":true,"href":"https:\/\/servicios.unileon.es\/animalario\/wp-json\/wp\/v2\/comments?post=15"}],"version-history":[{"count":10,"href":"https:\/\/servicios.unileon.es\/animalario\/wp-json\/wp\/v2\/pages\/15\/revisions"}],"predecessor-version":[{"id":139,"href":"https:\/\/servicios.unileon.es\/animalario\/wp-json\/wp\/v2\/pages\/15\/revisions\/139"}],"wp:attachment":[{"href":"https:\/\/servicios.unileon.es\/animalario\/wp-json\/wp\/v2\/media?parent=15"}],"curies":[{"name":"wp","href":"https:\/\/api.w.org\/{rel}","templated":true}]}}