{"id":12,"date":"2010-12-21T07:36:10","date_gmt":"2010-12-21T07:36:10","guid":{"rendered":"http:\/\/servicios.unileon.es\/animalario\/"},"modified":"2025-06-09T10:54:54","modified_gmt":"2025-06-09T10:54:54","slug":"introduccion","status":"publish","type":"page","link":"https:\/\/servicios.unileon.es\/animalario\/introduccion\/","title":{"rendered":"Introducci\u00f3n"},"content":{"rendered":"<p>El Servicio de Investigaci\u00f3n y Bienestar Animal (antes Servicio de Animalario) de la Universidad de Le\u00f3n (ULE), fue creado en el a\u00f1o 1994 por el Vicerrectorado de Investigaci\u00f3n, con ayuda de fondos FEDER de la Comunidad Econ\u00f3mica Europea en su programa STRIDE.<\/p>\r\n<p style=\"text-align: center; margin:50px 0;\">\r\n<iframe loading=\"lazy\" width=\"560\" height=\"315\" src=\"https:\/\/www.youtube.com\/embed\/j5be5l7lKhA?si=-BiZsuGfnE2KJZ3V\" title=\"YouTube video player\" frameborder=\"0\" allow=\"accelerometer; autoplay; clipboard-write; encrypted-media; gyroscope; picture-in-picture; web-share\" referrerpolicy=\"strict-origin-when-cross-origin\" allowfullscreen><\/iframe>\r\n<\/p>\r\n<p>Los animales de experimentaci\u00f3n, de manera similar a lo que sucede con cualquier ser vivo, est\u00e1n constantemente afectados e influidos por un gran n\u00famero y variedad de factores sanitarios y gen\u00e9ticos. La necesidad de introducir en los experimentos el menor n\u00famero posible de variables y controlarlas adecuadamente obliga a una adecuada estandarizaci\u00f3n del reactivo vivo. De ah\u00ed la necesidad de un animal de alta calidad gen\u00e9tica y sanitaria, lo que obliga a que haya sido criado y preparado para su fin espec\u00edfico.<\/p>\r\n<p>Pero no solo estos factores influyen, las variables medioambientales tambi\u00e9n deben ser conocidas y controladas, esto es, estandarizadas. Las condiciones de alojamiento, temperatura, humedad, ventilaci\u00f3n, luminosidad, ruidos, tipo de jaulas, densidad de poblaci\u00f3n, alimentaci\u00f3n, bebida, etc. deben ser adecuadamente precisadas, normalizadas y controladas.<\/p>\r\n<p>Sin embargo, la investigaci\u00f3n con animales no solo exige animales de calidad y una infraestructura espec\u00edfica, que garantice unas \u00f3ptimas condiciones de mantenimiento, manejo y sanitarias, sino tambi\u00e9n el cumplimiento de una serie de normas legales que velan por la protecci\u00f3n, el respeto y el trato \u00e9tico a los mismos.<\/p>\r\n<p>La existencia de una Convenci\u00f3n Europea para la protecci\u00f3n de los animales vertebrados utilizados con fines experimentales y cient\u00edficos, de una directiva europea (86\/609\/CEE) sobre acercamiento de las disposiciones legales y administrativas, y de una serie de normas espa\u00f1olas derivadas de las dos anteriores (la m\u00e1s relevante, el RD 53\/2013 sobre protecci\u00f3n de los animales utilizados para experimentaci\u00f3n y otros fines cient\u00edficos) han supuesto un notable cambio en las condiciones de alojamiento, cuidado y mantenimiento de los animales empleados en experimentaci\u00f3n.<\/p>\r\n<p>La mayor calidad de la investigaci\u00f3n, la mejor reproducibilidad de los experimentos, la aminoraci\u00f3n del n\u00famero de animales necesarios, son algunos de los logros de la actual concepci\u00f3n de los animales de experimentaci\u00f3n y de la publicaci\u00f3n de las normas antes citadas.<\/p>\r\n<p>En esta filosof\u00eda de trabajo se enmarca el Servicio de Investigaci\u00f3n y Bienestar Animal de la Universidad de Le\u00f3n, elemento de apoyo investigador que cuenta con registro oficial en REGA con el n\u00famero ES240890000172 como centro usuario de experimentaci\u00f3n animal para las especies animales de mayor inter\u00e9s en investigaci\u00f3n.<\/p>\r\n<h4><strong>Declaraci\u00f3n institucional sobre el uso de animales de experimentaci\u00f3n<\/strong><\/h4>\r\n<p>La Universidad de Le\u00f3n est\u00e1 al <a href=\"http:\/\/eara.eu\/es\/propuesta-cosce\/\">Acuerdo de Transparencia en Experimentaci\u00f3n Animal<\/a>, promovido desde la Confederaci\u00f3n de Sociedades Cient\u00edficas de Espa\u00f1a (COSCE), con la colaboraci\u00f3n de la Asociaci\u00f3n Europea para la Investigaci\u00f3n Animal (EARA) y lanzado el 20 de septiembre de 2016. <a href=\"https:\/\/www.unileon.es\/investigadores\/comite-etica\/declaracion-institucional-sobre-uso-animales-experimentacion-sp\">Informaci\u00f3n completa -><\/a><\/p>","protected":false},"excerpt":{"rendered":"<p>El Servicio de Investigaci\u00f3n y Bienestar Animal (antes Servicio de Animalario) de la Universidad de Le\u00f3n (ULE), fue creado en el a\u00f1o 1994 por el Vicerrectorado de Investigaci\u00f3n, con ayuda de fondos FEDER de la Comunidad Econ\u00f3mica Europea en su programa STRIDE. Los animales de experimentaci\u00f3n, de manera similar a lo que sucede con cualquier [&hellip;]<\/p>\n","protected":false},"author":1,"featured_media":0,"parent":0,"menu_order":0,"comment_status":"closed","ping_status":"open","template":"","meta":{"footnotes":""},"class_list":["post-12","page","type-page","status-publish","hentry"],"_links":{"self":[{"href":"https:\/\/servicios.unileon.es\/animalario\/wp-json\/wp\/v2\/pages\/12","targetHints":{"allow":["GET"]}}],"collection":[{"href":"https:\/\/servicios.unileon.es\/animalario\/wp-json\/wp\/v2\/pages"}],"about":[{"href":"https:\/\/servicios.unileon.es\/animalario\/wp-json\/wp\/v2\/types\/page"}],"author":[{"embeddable":true,"href":"https:\/\/servicios.unileon.es\/animalario\/wp-json\/wp\/v2\/users\/1"}],"replies":[{"embeddable":true,"href":"https:\/\/servicios.unileon.es\/animalario\/wp-json\/wp\/v2\/comments?post=12"}],"version-history":[{"count":8,"href":"https:\/\/servicios.unileon.es\/animalario\/wp-json\/wp\/v2\/pages\/12\/revisions"}],"predecessor-version":[{"id":146,"href":"https:\/\/servicios.unileon.es\/animalario\/wp-json\/wp\/v2\/pages\/12\/revisions\/146"}],"wp:attachment":[{"href":"https:\/\/servicios.unileon.es\/animalario\/wp-json\/wp\/v2\/media?parent=12"}],"curies":[{"name":"wp","href":"https:\/\/api.w.org\/{rel}","templated":true}]}}