{"id":101,"date":"2019-02-13T07:24:09","date_gmt":"2019-02-13T07:24:09","guid":{"rendered":"http:\/\/servicios.unileon.es\/animalario\/?page_id=101"},"modified":"2019-02-13T08:09:55","modified_gmt":"2019-02-13T08:09:55","slug":"equipo-de-bioluminiscencia-ivis-spectrumct-imaging-system","status":"publish","type":"page","link":"https:\/\/servicios.unileon.es\/animalario\/equipo-de-bioluminiscencia-ivis-spectrumct-imaging-system\/","title":{"rendered":"Equipo de Bioluminiscencia IVIS\u00ae SpectrumCT Imaging System"},"content":{"rendered":"<p style=\"text-align: center; font-size: 20px;\">\u201dIluminando el futuro: monitorizando tejidos, marcando f\u00e1rmacos y etiquetando alimentos\u201d<\/p>\r\n\r\n<p class=\"floatleft\" style=\"margin: 5px 10px 5px 10px;\"><a style=\"background: none; padding: 0 !important;\" href=\"http:\/\/servicios.unileon.es\/animalario\/files\/2019\/02\/feder_ivis_spectrum.pdf\"><img decoding=\"async\" style=\"width: 212px; border: 1px solid #ccc;\" title=\"CARTEL FEDER Equipo de Bioluminiscencia IVIS\u00ae SpectrumCT Imaging System\" src=\"http:\/\/servicios.unileon.es\/animalario\/files\/2019\/02\/feder_ivis_spectrum.jpg\" alt=\"CARTEL FEDER Equipo de Bioluminiscencia IVIS\u00ae SpectrumCT Imaging System\" \/><\/a><\/p>\r\n<p>Equipo adquirido mediante el programa <a href=\"https:\/\/www.unileon.es\/files\/resolucion_bocyl_convocatoria_infrared2017nw.pdf\">INFRARED<\/a> de la Junta de Castilla y Le\u00f3n, financiado al 100% con <a href=\"https:\/\/www.unileon.es\/investigadores\/feder\">fondos FEDER<\/a> de la CEE a trav\u00e9s de la \u201cConvocatoria de subvenciones para la adquisici\u00f3n de equipamiento cient\u00edfico compartido en el marco de la red de equipamiento cient\u00edfico-tecnol\u00f3gico compartido en Castilla y Le\u00f3n denominada <strong>\u00abInfraestructuras en red de Castilla y Le\u00f3n (INFRARED)\u00bb<\/strong> cofinanciadas por el <strong>Fondo Europeo de Desarrollo Regional (FEDER)<\/strong> para 2018\u201d<\/p>\r\n\r\n<p>El equipo fue solicitado por la Unidad de Investigaci\u00f3n Consolidada UIC 064 perteneciente al Instituto de Biomedicina (<a href=\"http:\/\/institutos.unileon.es\/ibiomed\/\">IBIOMED<\/a>) de la Universidad de Le\u00f3n con el apoyo de las siguientes Unidades de Investigai\u00f3n Consolidadas: UIC 038: Jos\u00e9 Juan Garc\u00eda Mar\u00edn (Universidad de Salamanca), UIC 211: M\u00aa Asunci\u00f3n Rocher Mart\u00edn (Universidad de Valladolid), UIC108: Rafael Bala\u00f1a Fouce (Universidad de Le\u00f3n), UIC 111: Valent\u00edn P\u00e9rez P\u00e9rez (Universidad de Le\u00f3n), y otros grupos de investigaci\u00f3n GIR 371: Ana Isabel \u00c1lvarez de Felipe (Universidad de Le\u00f3n), y GIR Pol\u00edmeros (Polymers) Jos\u00e9 Miguel P\u00e9rez Garc\u00eda (Universidad de Burgos).<\/p>\r\n<p>&nbsp;<\/p>\r\n<h3>OBJETIVOS ESPEC\u00cdFICOS<\/h3>\r\n<p><strong>Objetivo 1:<\/strong> Modulaci\u00f3n de la autofagia, la apoptosis y la proliferaci\u00f3n celular en hepatocarcinoma tras la administraci\u00f3n de inhibidores de tirosina quinasas y potencial inter\u00e9s de la coadministraci\u00f3n con antioxidantes para mejorar la sensibilidad a los tratamientos. UIC 064: Javier Gonz\u00e1lez Gallego (ULE).<\/p>\r\n<p><strong>Objetivo 2:<\/strong> \u00c1cidos biliares como herramienta teran\u00f3stica en c\u00e1ncer hep\u00e1tico primario: carcinoma hepatocelular (HCC) o colangiocarcinoma (CCA). UIC 038: Jos\u00e9 Juan Garc\u00eda Mar\u00edn (USAL).<\/p>\r\n<p><strong>Objetivo 3:<\/strong> Hipoxia intermitente, hipoxia cr\u00f3nica y combinadas y su influencia sobre el desarrollo y la malignidad de tumores ect\u00f3picos. UIC 211: M\u00aa Asunci\u00f3n Rocher Mart\u00edn (UVA).<\/p>\r\n<p><strong>Objetivo 4:<\/strong> Estudio de la funci\u00f3n del transportador ABCG2 en la barrera hematoencef\u00e1lica: distribuci\u00f3n y toxicidad de compuestos en SNC mediante inhibidores del transportador ABCG2. GIR 371 ULE Ana Isabel \u00c1lvarez de Felipe.<\/p>\r\n<p><strong>Objetivo 5:<\/strong> Estudio in vivo con imagen a tiempo real de peque\u00f1a mol\u00e9culas con actividad microbicida dirigidas a Leishmania infantum UIC108: Rafael Bala\u00f1a Fouce (ULE).<\/p>\r\n<p><strong>Objetivo 6:<\/strong> Estudio in vivo con imagen a tiempo real de peque\u00f1as mol\u00e9culas con actividad microbicida dirigidas a Toxoplasma gondi UIC 111 Valent\u00edn P\u00e9rez P\u00e9rez (ULE).<\/p>\r\n<p><strong>Objetivo 7:<\/strong> Dise\u00f1o, preparaci\u00f3n y estudio de nuevos pol\u00edmeros sensores dirigidos a seguridad alimentaria. GIR Pol\u00edmeros (Polymers) UBU Jos\u00e9 Miguel P\u00e9rez Garc\u00eda.<\/p>\r\n<p>&nbsp;<\/p>\r\n<h3>UTILIZACI\u00d3N Y APROVECHAMIENTO<\/h3>\r\n<p>El equipo se localiza en las instalaciones del Animalario de la Universidad de Le\u00f3n habilitadas a tal efecto (Sala 15, Edificio Animalario, Campus de Vegazana s\/n, 24071 Le\u00f3n).<\/p>\r\n<p>Para su aprovechamiento, el equipo se encuentra disponible para toda la comunidad cient\u00edfica de la Universidad de Le\u00f3n, resto de Universidades, Organismos p\u00fablicos de investigaci\u00f3n y empresas de i+D+I que lo soliciten.<\/p>\r\n<p>Para su utilizaci\u00f3n por parte de la comunidad universitaria ser\u00e1 necesario rellenar una <a href=\"http:\/\/servicios.unileon.es\/animalario\/files\/2019\/02\/ivis_spectrum_impreso_autorizacion_uso.docx\">Solicitud de autorizaci\u00f3n de uso del Equipo<\/a> y realizar la reserva en el calendario compartido (google calendar) habilitado a tal efecto. En cada utilizaci\u00f3n deber\u00e1 cumplimentarse el <a href=\"http:\/\/servicios.unileon.es\/animalario\/files\/2019\/02\/ivis_spectrum_impreso_registro_uso.docx\">Formulario de uso de equipo IVIS-SPECTRUM<\/a>. Otros usuarios externos a la comunidad universitaria deben contactar con el Animalario de la Universidad de Le\u00f3n (<a href=\"mailto:serani@unileon.es\">serani@unileon.es<\/a>)<\/p>\r\n<p>&nbsp;<\/p>\r\n<h3>APLICACIONES<\/h3>\r\n<p>En patolog\u00eda y modelos de enfermedad como c\u00e1ncer y enfermedades con etiolog\u00eda definida, permite la visualizaci\u00f3n y seguimiento in vivo (sin sacrificio de animales) y en tiempo real de distintos procesos patol\u00f3gicos siempre que el agente etiol\u00f3gico sea susceptible de ser marcado mediante luminiscencia o fluorescencia.<\/p>\r\n<p>En investigaci\u00f3n famacol\u00f3gica y liberaci\u00f3n de drogas, permite estudios de biodistribuci\u00f3n en el animal in vivo y en tiempo real de mol\u00e9culas susceptibles de ser marcadas con fluor\u00f3foros o bioluminiscencia (f\u00e1rmacos, prote\u00ednas, anticuerpos, siRNA). Igualmente permite la cuantificaci\u00f3n de los mismos en aquellos tejidos donde se acumulen.<\/p>\r\n<p>En el \u00e1mbito de la alimentaci\u00f3n y seguridad alimentaria permite trabajos con \u201cetiqueta inteligente\u201d para el seguimiento de la conservaci\u00f3n de alimentos frescos envasados.<\/p>\r\n\r\n<p>&nbsp;<\/p>\r\n<h3>CARACTER\u00cdSTICAS<\/h3>\r\n\r\n<p><a href=\"http:\/\/servicios.unileon.es\/animalario\/files\/2019\/02\/inv_ivis_spectrumct_brochure.pdf\">Caractar\u00edsticas<\/a><\/p>\r\n<p>&nbsp;<\/p>\r\n<h3>FORMACI\u00d3N<\/h3>\r\n<p class=\"floatright\"><a href=\"http:\/\/servicios.unileon.es\/animalario\/files\/2019\/02\/ivis_spectrum_presentacion.jpg\"><img decoding=\"async\" style=\"width: 220px; border: 1px solid #ccc;\" title=\"l equipo IVIS-SPECTRUM fue presentado a la Comunidad Investigadora de la ULE\" src=\"http:\/\/servicios.unileon.es\/animalario\/files\/2019\/02\/ivis_spectrum_presentacion.jpg\" alt=\"l equipo IVIS-SPECTRUM fue presentado a la Comunidad Investigadora de la ULE\" \/><\/a><\/p>\r\n<p>El equipo IVIS-SPECTRUM fue presentado a la Comunidad Investigadora de la ULE y el resto de los participantes de otras universidades de Castilla y Le\u00f3n el 20-21 de noviembre de 2018.<\/p>\r\n<p>En el enlace adjunto situado al final de esta p\u00e1gina puede acceder al Seminario de Presentaci\u00f3n  y jornadas formativas por parte del personal especializado de Perkin Elmer que tuvo lugar en la Biblioteca de la Facultad de Veterinaria y en el Animalario de la Universidad.<\/p>\r\n\r\n<p>&nbsp;<\/p>\r\n<h3>VIDEOS<\/h3>\r\n<h4>Animalario 1 &#8211; (81 min &#8211; 1,2 GB)<\/h4>\r\n<div style=\"width: 620px;\" class=\"wp-video\"><!--[if lt IE 9]><script>document.createElement('video');<\/script><![endif]-->\n<video class=\"wp-video-shortcode\" id=\"video-101-1\" width=\"620\" height=\"360\" preload=\"metadata\" controls=\"controls\"><source type=\"video\/mp4\" src=\"http:\/\/servicios.unileon.es\/animalario\/files\/2019\/02\/curso_ivis_spectrum_animalario1.mp4?_=1\" \/><a href=\"http:\/\/servicios.unileon.es\/animalario\/files\/2019\/02\/curso_ivis_spectrum_animalario1.mp4\">http:\/\/servicios.unileon.es\/animalario\/files\/2019\/02\/curso_ivis_spectrum_animalario1.mp4<\/a><\/video><\/div>\r\n<p>&nbsp;<\/p>\r\n<h4>Animalario 2 &#8211; (264 min &#8211; 7,8 GB)<\/h4>\r\n<div style=\"width: 620px;\" class=\"wp-video\"><video class=\"wp-video-shortcode\" id=\"video-101-2\" width=\"620\" height=\"360\" preload=\"metadata\" controls=\"controls\"><source type=\"video\/mp4\" src=\"http:\/\/servicios.unileon.es\/animalario\/files\/2019\/02\/curso_ivis_spectrum_animalario2.mp4?_=2\" \/><a href=\"http:\/\/servicios.unileon.es\/animalario\/files\/2019\/02\/curso_ivis_spectrum_animalario2.mp4\">http:\/\/servicios.unileon.es\/animalario\/files\/2019\/02\/curso_ivis_spectrum_animalario2.mp4<\/a><\/video><\/div>\r\n<p>&nbsp;<\/p>\r\n<h4>Animalario 3 &#8211; (71 min &#8211; 1,1 GB)<\/h4>\r\n<div style=\"width: 620px;\" class=\"wp-video\"><video class=\"wp-video-shortcode\" id=\"video-101-3\" width=\"620\" height=\"360\" preload=\"metadata\" controls=\"controls\"><source type=\"video\/mp4\" src=\"http:\/\/servicios.unileon.es\/animalario\/files\/2019\/02\/curso_ivis_spectrum_animalario3.mp4?_=3\" \/><a href=\"http:\/\/servicios.unileon.es\/animalario\/files\/2019\/02\/curso_ivis_spectrum_animalario3.mp4\">http:\/\/servicios.unileon.es\/animalario\/files\/2019\/02\/curso_ivis_spectrum_animalario3.mp4<\/a><\/video><\/div>","protected":false},"excerpt":{"rendered":"<p>\u201dIluminando el futuro: monitorizando tejidos, marcando f\u00e1rmacos y etiquetando alimentos\u201d Equipo adquirido mediante el programa INFRARED de la Junta de Castilla y Le\u00f3n, financiado al 100% con fondos FEDER de la CEE a trav\u00e9s de la \u201cConvocatoria de subvenciones para la adquisici\u00f3n de equipamiento cient\u00edfico compartido en el marco de la red de equipamiento cient\u00edfico-tecnol\u00f3gico [&hellip;]<\/p>\n","protected":false},"author":344,"featured_media":0,"parent":0,"menu_order":0,"comment_status":"closed","ping_status":"closed","template":"","meta":{"footnotes":""},"class_list":["post-101","page","type-page","status-publish","hentry"],"_links":{"self":[{"href":"https:\/\/servicios.unileon.es\/animalario\/wp-json\/wp\/v2\/pages\/101","targetHints":{"allow":["GET"]}}],"collection":[{"href":"https:\/\/servicios.unileon.es\/animalario\/wp-json\/wp\/v2\/pages"}],"about":[{"href":"https:\/\/servicios.unileon.es\/animalario\/wp-json\/wp\/v2\/types\/page"}],"author":[{"embeddable":true,"href":"https:\/\/servicios.unileon.es\/animalario\/wp-json\/wp\/v2\/users\/344"}],"replies":[{"embeddable":true,"href":"https:\/\/servicios.unileon.es\/animalario\/wp-json\/wp\/v2\/comments?post=101"}],"version-history":[{"count":8,"href":"https:\/\/servicios.unileon.es\/animalario\/wp-json\/wp\/v2\/pages\/101\/revisions"}],"predecessor-version":[{"id":109,"href":"https:\/\/servicios.unileon.es\/animalario\/wp-json\/wp\/v2\/pages\/101\/revisions\/109"}],"wp:attachment":[{"href":"https:\/\/servicios.unileon.es\/animalario\/wp-json\/wp\/v2\/media?parent=101"}],"curies":[{"name":"wp","href":"https:\/\/api.w.org\/{rel}","templated":true}]}}