{"id":972,"date":"2016-10-06T08:53:43","date_gmt":"2016-10-06T08:53:43","guid":{"rendered":"http:\/\/servicios.unileon.es\/actividad-estudiantil\/?page_id=972"},"modified":"2017-11-21T11:22:44","modified_gmt":"2017-11-21T11:22:44","slug":"estancias-de-colaboracion-en-servicios-universitarios-2","status":"publish","type":"page","link":"https:\/\/servicios.unileon.es\/actividad-estudiantil\/estancias-de-colaboracion-en-servicios-universitarios-2\/","title":{"rendered":"ESTANCIAS DE COLABORACI\u00d3N EN SERVICIOS UNIVERSITARIOS"},"content":{"rendered":"<b>CARACTER\u00cdSTICAS DE LAS AYUDAS<\/b>\r\n\r\nSe convocan estancias de colaboraci\u00f3n en servicios universitarios para cubrir las necesidades que \u00e9stos requieren.\r\n\r\n<a href=\"http:\/\/servicios.unileon.es\/actividad-estudiantil\/files\/2017\/10\/Convocatoria-Estancias-de-Colaboraci\u00f3n-Curso-17_18.pdf\">Convocatoria (texto completo)<\/a>\r\n\r\nEn el Anexo se dispone la relaci\u00f3n detallada de las estancias, as\u00ed como las caracter\u00edsticas que las determinan (n\u00famero de plazas, duraci\u00f3n, horario, dotaci\u00f3n econ\u00f3mica, perfil del candidato y funciones).\r\n\r\n<a href=\"http:\/\/servicios.unileon.es\/actividad-estudiantil\/files\/2017\/10\/Anexo-web.pdf\">Anexo<\/a>\r\n\r\n<b>INFORMACI\u00d3N ADICIONAL<\/b>\r\n\r\nPara cualquier duda, aclaraci\u00f3n o incidencia pueden ponerse en contacto con el \u00c1rea de Actividad Estudiantil, en el correo <a href=\"mailto:recaae@unileon.es\">recaae@unileon.es<\/a> o en el tel\u00e9fono 987293540 en horario de 10:00 a 12:00\r\n\r\n<b>PLAZO DE PRESENTACI\u00d3N DE INSTANCIAS<\/b>\r\n\r\nHasta las 14 horas del d\u00eda <b>17 de octubre de 2017<\/b>\r\n\r\n<b>RESOLUCI\u00d3N<\/b>\r\n\r\n<a href=\"http:\/\/servicios.unileon.es\/actividad-estudiantil\/files\/2017\/10\/Resoluci\u00f3n-Estancias-Colaboraci\u00f3n-Campus-Ponferrada.pdf\">Resoluci\u00f3n Estancias Campus de Ponferrada<\/a>\r\n\r\n<a href=\"http:\/\/servicios.unileon.es\/actividad-estudiantil\/files\/2017\/10\/Resoluci\u00f3n-parcial-estancias-campus-Le\u00f3n.pdf\">Resoluci\u00f3n parcial Estancias Campus de Le\u00f3n<\/a>\r\n\r\n<a href=\"http:\/\/servicios.unileon.es\/actividad-estudiantil\/files\/2017\/10\/Resoluci\u00f3n-parcial-2-estancias-campus-Le\u00f3n.pdf\">Resoluci\u00f3n parcial Estancias Campus de Le\u00f3n (II)<\/a>\r\n\r\n<a href=\"http:\/\/servicios.unileon.es\/actividad-estudiantil\/files\/2017\/11\/Resoluci\u00f3n-estancia-director-radio.pdf\">Resoluci\u00f3n Estancia Director Radio<\/a>\r\n\r\n<a href=\"http:\/\/servicios.unileon.es\/actividad-estudiantil\/files\/2017\/11\/Resoluci\u00f3n-estancias-radio.pdf\">Resoluci\u00f3n Estancias Radio<\/a>\r\n","protected":false},"excerpt":{"rendered":"<p>CARACTER\u00cdSTICAS DE LAS AYUDAS Se convocan estancias de colaboraci\u00f3n en servicios universitarios para cubrir las necesidades que \u00e9stos requieren. Convocatoria (texto completo) En el Anexo se dispone la relaci\u00f3n detallada de las estancias, as\u00ed como las caracter\u00edsticas que las determinan (n\u00famero de plazas, duraci\u00f3n, horario, dotaci\u00f3n econ\u00f3mica, perfil del candidato y funciones). Anexo INFORMACI\u00d3N ADICIONAL [&hellip;]<\/p>\n","protected":false},"author":2,"featured_media":0,"parent":0,"menu_order":0,"comment_status":"closed","ping_status":"closed","template":"","meta":{"footnotes":""},"class_list":["post-972","page","type-page","status-publish","hentry"],"_links":{"self":[{"href":"https:\/\/servicios.unileon.es\/actividad-estudiantil\/wp-json\/wp\/v2\/pages\/972","targetHints":{"allow":["GET"]}}],"collection":[{"href":"https:\/\/servicios.unileon.es\/actividad-estudiantil\/wp-json\/wp\/v2\/pages"}],"about":[{"href":"https:\/\/servicios.unileon.es\/actividad-estudiantil\/wp-json\/wp\/v2\/types\/page"}],"author":[{"embeddable":true,"href":"https:\/\/servicios.unileon.es\/actividad-estudiantil\/wp-json\/wp\/v2\/users\/2"}],"replies":[{"embeddable":true,"href":"https:\/\/servicios.unileon.es\/actividad-estudiantil\/wp-json\/wp\/v2\/comments?post=972"}],"version-history":[{"count":33,"href":"https:\/\/servicios.unileon.es\/actividad-estudiantil\/wp-json\/wp\/v2\/pages\/972\/revisions"}],"predecessor-version":[{"id":1315,"href":"https:\/\/servicios.unileon.es\/actividad-estudiantil\/wp-json\/wp\/v2\/pages\/972\/revisions\/1315"}],"wp:attachment":[{"href":"https:\/\/servicios.unileon.es\/actividad-estudiantil\/wp-json\/wp\/v2\/media?parent=972"}],"curies":[{"name":"wp","href":"https:\/\/api.w.org\/{rel}","templated":true}]}}