{"id":813,"date":"2016-05-13T09:20:42","date_gmt":"2016-05-13T09:20:42","guid":{"rendered":"http:\/\/servicios.unileon.es\/actividad-estudiantil\/?page_id=813"},"modified":"2018-07-10T09:55:18","modified_gmt":"2018-07-10T09:55:18","slug":"24-estancias-para-informacion-durante-el-periodo-de-matricula","status":"publish","type":"page","link":"https:\/\/servicios.unileon.es\/actividad-estudiantil\/24-estancias-para-informacion-durante-el-periodo-de-matricula\/","title":{"rendered":"ESTANCIAS DE COLABORACI\u00d3N PARA INFORMACI\u00d3N DURANTE EL PERIODO DE MATR\u00cdCULA"},"content":{"rendered":"<h1 class=\"entry-title\" style=\"text-align: center;\">CONVOCATORIA<\/h1>\r\n<a href=\"http:\/\/servicios.unileon.es\/actividad-estudiantil\/files\/2018\/06\/Convocatoria-Estancia-Informaci\u00f3n-Matr\u00edcula.pdf\">Convocatoria<\/a>\r\n\r\n<h1 class=\"entry-title\" style=\"text-align: center;\">RESOLUCI\u00d3N<\/h1>\r\n<a href=\"http:\/\/servicios.unileon.es\/actividad-estudiantil\/files\/2018\/07\/Resoluci\u00f3n-selecci\u00f3n-Estancias-Informaci\u00f3n-Matr\u00edcula.pdf\">Resoluci\u00f3n Estancias Informaci\u00f3n Matr\u00edcula<\/a>\r\n\r\n\r\n","protected":false},"excerpt":{"rendered":"<p>CONVOCATORIA Convocatoria RESOLUCI\u00d3N Resoluci\u00f3n Estancias Informaci\u00f3n Matr\u00edcula<\/p>\n","protected":false},"author":25,"featured_media":0,"parent":0,"menu_order":0,"comment_status":"closed","ping_status":"closed","template":"","meta":{"footnotes":""},"class_list":["post-813","page","type-page","status-publish","hentry"],"_links":{"self":[{"href":"https:\/\/servicios.unileon.es\/actividad-estudiantil\/wp-json\/wp\/v2\/pages\/813","targetHints":{"allow":["GET"]}}],"collection":[{"href":"https:\/\/servicios.unileon.es\/actividad-estudiantil\/wp-json\/wp\/v2\/pages"}],"about":[{"href":"https:\/\/servicios.unileon.es\/actividad-estudiantil\/wp-json\/wp\/v2\/types\/page"}],"author":[{"embeddable":true,"href":"https:\/\/servicios.unileon.es\/actividad-estudiantil\/wp-json\/wp\/v2\/users\/25"}],"replies":[{"embeddable":true,"href":"https:\/\/servicios.unileon.es\/actividad-estudiantil\/wp-json\/wp\/v2\/comments?post=813"}],"version-history":[{"count":25,"href":"https:\/\/servicios.unileon.es\/actividad-estudiantil\/wp-json\/wp\/v2\/pages\/813\/revisions"}],"predecessor-version":[{"id":1409,"href":"https:\/\/servicios.unileon.es\/actividad-estudiantil\/wp-json\/wp\/v2\/pages\/813\/revisions\/1409"}],"wp:attachment":[{"href":"https:\/\/servicios.unileon.es\/actividad-estudiantil\/wp-json\/wp\/v2\/media?parent=813"}],"curies":[{"name":"wp","href":"https:\/\/api.w.org\/{rel}","templated":true}]}}