{"id":76,"date":"2014-02-20T17:20:22","date_gmt":"2014-02-20T17:20:22","guid":{"rendered":"http:\/\/servicios.unileon.es\/actividad-estudiantil\/?page_id=76"},"modified":"2014-02-23T18:33:17","modified_gmt":"2014-02-23T18:33:17","slug":"becas-de-colaboracion","status":"publish","type":"page","link":"https:\/\/servicios.unileon.es\/actividad-estudiantil\/becas-de-colaboracion\/","title":{"rendered":"Estancias de colaboraci\u00f3n"},"content":{"rendered":"<strong>Relaci\u00f3n de las d\u00edstintas estancias convocadas:<\/strong>\r\n<ul>\r\n\t<li>1 Estancia de colaboraci\u00f3n para \u00c1rea de accesibilidad y apoyo social<\/li>\r\n\t<li>3 Estancias de colaboraci\u00f3n para Servicio de apoyo a usuarios (C.A.U.)<\/li>\r\n\t<li>9 Estancias de colaboraci\u00f3n en Aulas de Inform\u00e1tica (1 para el Campus de Ponferrada)<\/li>\r\n\t<li>15 Estancias en Servicios universitarios &#8211; Bibliotecas (1 para el Campus de Ponferrada)<\/li>\r\n\t<li>2 Estancias de colaboraci\u00f3n en el Servicio de prestamo de bicicletas (ULE-EREN)<\/li>\r\n\t<li>1 Estancia de colaboraci\u00f3n para Servicio de Cartograf\u00eda del Campus de Ponferrada<\/li>\r\n\t<li>1 Estancia de colaboraci\u00f3n para Servicio de Colecciones Zool\u00f3gicas<\/li>\r\n\t<li>1 Estancia de colaboraci\u00f3n para el \u00c1rea de Cooperacion al Desarrollo (Camp\u00fas de Ponferrada y Le\u00f3n)<\/li>\r\n\t<li>4 Estancias de colaboraci\u00f3n para Servicio de deportes (1 para Ponferrada)<\/li>\r\n\t<li>1 Estancia de colaboraci\u00f3n para Servicios universitarios, Biblioteca de Entomolog\u00eda<\/li>\r\n\t<li>2 Estancias de colaboraci\u00f3n en la Fundaci\u00f3n Sanitaria Le\u00f3n<\/li>\r\n\t<li>1 Estancia de colaboraci\u00f3n para el Servicio de la Granja<\/li>\r\n\t<li>2 Estancias de colaboraci\u00f3n en el Laboratorio de Simulaci\u00f3n<\/li>\r\n\t<li>1 Estancia de colaboraci\u00f3n en Junta de Estudiantes y el Programa Vivienda &#8211; Le\u00f3n<\/li>\r\n\t<li>1 Estancia de colaboraci\u00f3n en Punto de Informaci\u00f3n y el Programa Vivienda &#8211; Ponferrada<\/li>\r\n\t<li>3 Estancias de colaboraci\u00f3n en la Radio Universitaria<\/li>\r\n\t<li>1 Estancia de colaboraci\u00f3n en le Servicio Universitario de Interpretaci\u00f3n de Lengua de Signos<\/li>\r\n\t<li>2 Estancias de colaboraci\u00f3n en el Programa Interuniversitario de la Universidad de la Experiencia (1 Ponferrada, 1 Le\u00f3n)<\/li>\r\n\t<li>2 Estancias de colaboraci\u00f3n en el Vicerrectorado de Estudiantes<\/li>\r\n\t<li>1 Estancia de colaboraci\u00f3n en el Servicio de Imagen<\/li>\r\n<\/ul>\r\n<strong>Informaci\u00f3n completa en los documentos adjuntos debajo del formulario<\/strong>\r\n\r\n<hr align=\"center\" width=\"100%\" \/>\r\n\r\n<h3><span style=\"text-decoration: underline; color: #ff0000;\">Se recomienda utilizar Google Chrome para evitar fallos en el env\u00edo.<\/span><\/h3>\r\n<div><span style=\"font-size: 16px; text-align: justify;\"><p class=\"wpcf7-contact-form-not-found\"><strong>Error:<\/strong> Formulario de contacto no encontrado.<\/p><\/span><\/div>\r\n<div><\/div>\r\n<div>Convocatorias<\/div>\r\n<ul>\r\n\t<li><a title=\"accesibilidad.pdf (application\/pdf)\" href=\"http:\/\/www.unileon.es\/files\/accesibilidad_1.pdf\">\u00c1rea de accesibilidad y apoyo social<\/a>\u00a029.23\u00a0<abbr title=\"Kilobytes\">KB<\/abbr><\/li>\r\n\t<li><a title=\"apoyo-usuarios.pdf (application\/pdf)\" href=\"http:\/\/www.unileon.es\/files\/apoyo-usuarios_1.pdf\">Servicio de apoyo a usuarios (C.A.U.)<\/a>\u00a029.6\u00a0<abbr title=\"Kilobytes\">KB<\/abbr><\/li>\r\n\t<li><a title=\"aulas-informatica.pdf (application\/pdf)\" href=\"http:\/\/www.unileon.es\/files\/aulas-informatica_1.pdf\">Aulas de Inform\u00e1tica<\/a>\u00a031.5\u00a0<abbr title=\"Kilobytes\">KB<\/abbr><\/li>\r\n\t<li><a title=\"bibliotecas.pdf (application\/pdf)\" href=\"http:\/\/www.unileon.es\/files\/bibliotecas_1.pdf\">Servicios universitarios &#8211; Bibliotecas<\/a>\u00a029.07\u00a0<abbr title=\"Kilobytes\">KB<\/abbr><\/li>\r\n\t<li><a title=\"bicicletas-m.pdf (application\/pdf)\" href=\"http:\/\/www.unileon.es\/files\/bicicletas-m.pdf\">Servicio de prestamo de bicicletas (ULE-EREN)<\/a>\u00a053.02\u00a0<abbr title=\"Kilobytes\">KB<\/abbr><\/li>\r\n\t<li><a title=\"cartografia-ponferrada.pdf (application\/pdf)\" href=\"http:\/\/www.unileon.es\/files\/cartografia-ponferrada_1.pdf\">Servicio de Cartograf\u00eda del Campus de Ponferrada<\/a>\u00a027.95\u00a0<abbr title=\"Kilobytes\">KB<\/abbr><\/li>\r\n\t<li><a title=\"colecciones-zoologicas.pdf (application\/pdf)\" href=\"http:\/\/www.unileon.es\/files\/colecciones-zoologicas_0.pdf\">Servicio de Colecciones Zool\u00f3gicas<\/a>\u00a027.9\u00a0<abbr title=\"Kilobytes\">KB<\/abbr><\/li>\r\n\t<li><a title=\"cooperacion-al-desarrollo.pdf (application\/pdf)\" href=\"http:\/\/www.unileon.es\/files\/cooperacion-al-desarrollo_0.pdf\">\u00c1rea de Cooperacion al Desarrollo<\/a>\u00a028.58\u00a0<abbr title=\"Kilobytes\">KB<\/abbr><\/li>\r\n\t<li><a title=\"deportes.pdf (application\/pdf)\" href=\"http:\/\/www.unileon.es\/files\/deportes.pdf\">Servicio de deportes<\/a>\u00a029.16\u00a0<abbr title=\"Kilobytes\">KB<\/abbr><\/li>\r\n\t<li><a title=\"entomologia.pdf (application\/pdf)\" href=\"http:\/\/www.unileon.es\/files\/entomologia_1.pdf\">Biblioteca de Entomolog\u00eda<\/a>\u00a028.11\u00a0<abbr title=\"Kilobytes\">KB<\/abbr><\/li>\r\n\t<li><a title=\"fundacion-sanitaria.pdf (application\/pdf)\" href=\"http:\/\/www.unileon.es\/files\/fundacion-sanitaria_1.pdf\">Fundaci\u00f3n Sanitaria Le\u00f3n<\/a>\u00a027.64\u00a0<abbr title=\"Kilobytes\">KB<\/abbr><\/li>\r\n\t<li><a title=\"granja.pdf (application\/pdf)\" href=\"http:\/\/www.unileon.es\/files\/granja.pdf\">Servicio de la Granja<\/a>\u00a027.92\u00a0<abbr title=\"Kilobytes\">KB<\/abbr><\/li>\r\n\t<li><a title=\"laboratorio-simulacion.pdf (application\/pdf)\" href=\"http:\/\/www.unileon.es\/files\/laboratorio-simulacion_1.pdf\">Laboratorio de Simulaci\u00f3n<\/a>\u00a028.94\u00a0<abbr title=\"Kilobytes\">KB<\/abbr><\/li>\r\n\t<li><a title=\"programa-vivienda-leon.pdf (application\/pdf)\" href=\"http:\/\/www.unileon.es\/files\/programa-vivienda-leon_0.pdf\">Junta de Estudiantes y el Programa Vivienda &#8211; Le\u00f3n<\/a>\u00a028.16\u00a0<abbr title=\"Kilobytes\">KB<\/abbr><\/li>\r\n\t<li><a title=\"programa-vivienda-ponferrada.pdf (application\/pdf)\" href=\"http:\/\/www.unileon.es\/files\/programa-vivienda-ponferrada_0.pdf\">Punto de Informaci\u00f3n y el Programa Vivienda &#8211; Ponferrada<\/a>\u00a028.5\u00a0<abbr title=\"Kilobytes\">KB<\/abbr><\/li>\r\n\t<li><a title=\"radio.pdf (application\/pdf)\" href=\"http:\/\/www.unileon.es\/files\/radio_0.pdf\">Radio Universitaria<\/a>\u00a08.88\u00a0<abbr title=\"Kilobytes\">KB<\/abbr><\/li>\r\n\t<li><a title=\"accesibilidad-signos.pdf (application\/pdf)\" href=\"http:\/\/www.unileon.es\/files\/accesibilidad-signos.pdf\">Servicio Universitario de Interpretaci\u00f3n de Lengua de Signos<\/a>\u00a030.37\u00a0<abbr title=\"Kilobytes\">KB<\/abbr><\/li>\r\n\t<li><a title=\"universidad-experiencia.pdf (application\/pdf)\" href=\"http:\/\/www.unileon.es\/files\/universidad-experiencia_2.pdf\">Programa Interuniversitario de la Universidad de la Experiencia<\/a>\u00a028.22\u00a0<abbr title=\"Kilobytes\">KB<\/abbr><\/li>\r\n\t<li><a title=\"vicerrectorado-estudiantes.pdf (application\/pdf)\" href=\"http:\/\/www.unileon.es\/files\/vicerrectorado-estudiantes_0.pdf\">Vicerrectorado de Estudiantes<\/a>\u00a028.29\u00a0<abbr title=\"Kilobytes\">KB<\/abbr><\/li>\r\n\t<li><a title=\"imagen-m.pdf (application\/pdf)\" href=\"http:\/\/www.unileon.es\/files\/imagen-m.pdf\">Servicio de Imagen<\/a>\u00a098.36\u00a0<abbr title=\"Kilobytes\">KB<\/abbr><\/li>\r\n\t<li><a title=\"anexo-alta-ariadna.pdf (application\/pdf)\" href=\"http:\/\/www.unileon.es\/files\/anexo-alta-ariadna_3.pdf\">Anexo Alta Ariadna<\/a>\u00a0713.63\u00a0<abbr title=\"\">KB<\/abbr><\/li>\r\n<\/ul>","protected":false},"excerpt":{"rendered":"<p>Relaci\u00f3n de las d\u00edstintas estancias convocadas: 1 Estancia de colaboraci\u00f3n para \u00c1rea de accesibilidad y apoyo social 3 Estancias de colaboraci\u00f3n para Servicio de apoyo a usuarios (C.A.U.) 9 Estancias de colaboraci\u00f3n en Aulas de Inform\u00e1tica (1 para el Campus de Ponferrada) 15 Estancias en Servicios universitarios &#8211; Bibliotecas (1 para el Campus de Ponferrada) [&hellip;]<\/p>\n","protected":false},"author":25,"featured_media":0,"parent":0,"menu_order":0,"comment_status":"closed","ping_status":"closed","template":"onecolumn-page.php","meta":{"footnotes":""},"class_list":["post-76","page","type-page","status-publish","hentry"],"_links":{"self":[{"href":"https:\/\/servicios.unileon.es\/actividad-estudiantil\/wp-json\/wp\/v2\/pages\/76","targetHints":{"allow":["GET"]}}],"collection":[{"href":"https:\/\/servicios.unileon.es\/actividad-estudiantil\/wp-json\/wp\/v2\/pages"}],"about":[{"href":"https:\/\/servicios.unileon.es\/actividad-estudiantil\/wp-json\/wp\/v2\/types\/page"}],"author":[{"embeddable":true,"href":"https:\/\/servicios.unileon.es\/actividad-estudiantil\/wp-json\/wp\/v2\/users\/25"}],"replies":[{"embeddable":true,"href":"https:\/\/servicios.unileon.es\/actividad-estudiantil\/wp-json\/wp\/v2\/comments?post=76"}],"version-history":[{"count":10,"href":"https:\/\/servicios.unileon.es\/actividad-estudiantil\/wp-json\/wp\/v2\/pages\/76\/revisions"}],"predecessor-version":[{"id":115,"href":"https:\/\/servicios.unileon.es\/actividad-estudiantil\/wp-json\/wp\/v2\/pages\/76\/revisions\/115"}],"wp:attachment":[{"href":"https:\/\/servicios.unileon.es\/actividad-estudiantil\/wp-json\/wp\/v2\/media?parent=76"}],"curies":[{"name":"wp","href":"https:\/\/api.w.org\/{rel}","templated":true}]}}