{"id":684,"date":"2015-10-08T22:12:15","date_gmt":"2015-10-08T22:12:15","guid":{"rendered":"http:\/\/servicios.unileon.es\/actividad-estudiantil\/?page_id=684"},"modified":"2015-11-17T12:38:49","modified_gmt":"2015-11-17T12:38:49","slug":"estancias1516","status":"publish","type":"page","link":"https:\/\/servicios.unileon.es\/actividad-estudiantil\/estancias1516\/","title":{"rendered":"ESTANCIAS DE COLABORACI\u00d3N EN SERVICIOS UNIVERSITARIOS 15\/16"},"content":{"rendered":"<p style=\"text-align: justify;\">Un a\u00f1o m\u00e1s, el Vicerrectorado de Estudiantes convoca diferentes Estancias de Colaboraci\u00f3n en Servicios Universitarios como f\u00f3rmula de Ayudas al Estudio de aquellos estudiantes que cumplan los requisitos de las diferentes convocatorias.<\/p>\r\n<p style=\"text-align: justify;\">Recomendamos leer atentamente las bases que regulan dichas Estancias, tras ello, los alumnos podr\u00e1n seleccionar en el formulario web hasta un m\u00e1ximo de 3 opciones diferentes.<\/p>\r\n<p style=\"text-align: justify;\">Para ver correctamente el formulario ser\u00e1 necesario <span style=\"color: #ff0000;\"><strong>CERRAR TODAS LAS CUENTAS DE CORREO ELECTR\u00d3NICO BASADO EN LA TECNOLOG\u00cdA GOOGLE<\/strong> <\/span>y abrir exclusivamente la cuenta de estudiantes de la Universidad de Le\u00f3n.<\/p>\r\n\r\n<h1 style=\"text-align: center;\"><strong>CONVOCATORIAS<\/strong><\/h1>\r\n<ul style=\"list-style-type: circle;\">\r\n\t<li><a href=\"https:\/\/drive.google.com\/file\/d\/0B6fSngCl8S4acDFsVGM3dVkxblV4MnZ5X1JDbHVEelAzNGtz\/view?usp=sharing\" target=\"_blank\">ACCESIBILIDAD Y APOYO SOCIAL<\/a><\/li>\r\n\t<li><a href=\"https:\/\/drive.google.com\/file\/d\/0B6fSngCl8S4acVVReHplakxpQWs\/view?usp=sharing\" target=\"_blank\">APOYO A USUARIOS<\/a><\/li>\r\n\t<li><a href=\"https:\/\/drive.google.com\/file\/d\/0B6fSngCl8S4aZzFxNlZWeGFqTTQ\/view?usp=sharing\" target=\"_blank\">AULAS DE INFORM\u00c1TICA<\/a><\/li>\r\n\t<li><a href=\"https:\/\/drive.google.com\/file\/d\/0B6fSngCl8S4abHZST2ZWMHVYczg\/view?usp=sharing\" target=\"_blank\">BIBLIOTECAS<\/a><\/li>\r\n\t<li><a href=\"https:\/\/drive.google.com\/file\/d\/0B6fSngCl8S4aNERQWm5pQ2lhazA\/view?usp=sharing\" target=\"_blank\">BICICLETAS\/OFICINA VERDE<\/a><\/li>\r\n\t<li><a href=\"https:\/\/drive.google.com\/file\/d\/0B6fSngCl8S4aOXN2bkxGT3ZSbG8\/view?usp=sharing\" target=\"_blank\">COOPERACI\u00d3N AL DESARROLLO<\/a><\/li>\r\n\t<li><a href=\"https:\/\/drive.google.com\/file\/d\/0B6fSngCl8S4aU2dYU0ptMjF4aUk\/view?usp=sharing\" target=\"_blank\">ENTOMOLOG\u00cdA<\/a><\/li>\r\n\t<li><a href=\"https:\/\/drive.google.com\/file\/d\/0B6fSngCl8S4aS004d2FxR293ZDg\/view?usp=sharing\" target=\"_blank\">FUNDACI\u00d3N SANITARIA<\/a><\/li>\r\n\t<li><a href=\"https:\/\/drive.google.com\/file\/d\/0B6fSngCl8S4acENKSFNMQUVRcmc\/view?usp=sharing\" target=\"_blank\">GRANJA UNIVERSITARIA<\/a><\/li>\r\n\t<li><a href=\"https:\/\/drive.google.com\/file\/d\/0B6fSngCl8S4aWGVMYjBlRXlyZm8\/view?usp=sharing\" target=\"_blank\">INSTITUTO DE LA VI\u00d1A Y EL VINO<\/a><\/li>\r\n\t<li><a href=\"https:\/\/drive.google.com\/file\/d\/0B6fSngCl8S4aa2xlT0JQLXZUZGxSQ3ZJVEhscHA1a0I2eHRV\/view?usp=sharing\" target=\"_blank\">PLAN ESTRAT\u00c9GICO HOSPITAL CL\u00cdNICO UNIVERSITARIO<\/a><\/li>\r\n\t<li><a href=\"https:\/\/drive.google.com\/file\/d\/0B6fSngCl8S4aczRqRGVjcXR6RnM\/view?usp=sharing\" target=\"_blank\">CAMPUS DE PONFERRADA<\/a><\/li>\r\n\t<li><a href=\"https:\/\/drive.google.com\/file\/d\/0B6fSngCl8S4aVnBUZ241NmJ0SWc\/view?usp=sharing\" target=\"_blank\">PROGRAMA VIVIENDA<\/a><\/li>\r\n\t<li><a href=\"https:\/\/drive.google.com\/file\/d\/0B6fSngCl8S4aTUttWi1SRnJaWE0\/view?usp=sharing\" target=\"_blank\">RADIO UNIVERSITARIA<\/a><\/li>\r\n\t<li><a href=\"https:\/\/drive.google.com\/file\/d\/0B6fSngCl8S4abW1lRlVIdXE0Yzg\/view?usp=sharing\" target=\"_blank\">SAULE<\/a><\/li>\r\n\t<li><a href=\"https:\/\/drive.google.com\/file\/d\/0B6fSngCl8S4adkF6cFd5NzlWVWM\/view?usp=sharing\" target=\"_blank\">SERVICIO DE DEPORTES LE\u00d3N<\/a><\/li>\r\n\t<li><a href=\"https:\/\/drive.google.com\/file\/d\/0B6fSngCl8S4aakFocEdLOFAwb0U\/view?usp=sharing\" target=\"_blank\">UNIVERSIDAD DE LA EXPERIENCIA<\/a><\/li>\r\n\t<li><a href=\"https:\/\/drive.google.com\/file\/d\/0B6fSngCl8S4aT3NZMkpnRmJuNXc\/view?usp=sharing\" target=\"_blank\">VICERRECTORADO DE ESTUDIANTES<\/a><\/li>\r\n<\/ul>\r\n<h1 style=\"text-align: center;\"><strong>SOLICITUD<\/strong><\/h1>\r\nCerrado plazo de solicitudes a fecha 30 de octubre de 2015.\r\n<h1 style=\"text-align: center;\"><b>RESOLUCIONES<\/b><\/h1>\r\n<ul>\r\n\t<li><a href=\"https:\/\/docs.google.com\/document\/d\/1ZmDxt0iEXJ-o6IBmuFV4gx1ODIWZrwlQVt9GlfeYEbM\/edit?usp=sharing\" target=\"_blank\">Rechazadas fecha 30\/10\/2015<\/a><\/li>\r\n\t<li><a href=\"https:\/\/docs.google.com\/document\/d\/193WACbFsW0pN48QbJbuttfpoMIvegqmJrUZNA9BLM08\/edit?usp=sharing\" target=\"_blank\">Rechazadas provisionalmente 30\/10\/2015<\/a><\/li>\r\n\t<li><a href=\"https:\/\/docs.google.com\/document\/d\/1Vq69bdIT353iYspos43ODQE2fqN3su2O9h0cBvphfk0\/edit?usp=sharing\" target=\"_blank\">Resoluci\u00f3n definitiva 04\/11\/2015 sobre\u00a0resoluci\u00f3n 30\/10\/2015<\/a><\/li>\r\n<\/ul>\r\n<h2 style=\"text-align: center;\"><strong>RESOLUCIONES ESTANCIAS DE COLABORACI\u00d3N<\/strong><\/h2>\r\n<ul>\r\n\t<li><a href=\"https:\/\/docs.google.com\/document\/d\/1vYz5IUCJ_Z_qQZbrQ84zZYKVmSe1I4kQnFqN-ZtETZw\/edit?usp=sharing\" target=\"_blank\">ACCESIBILIDAD Y APOYO SOCIAL<\/a><\/li>\r\n\t<li><a href=\"https:\/\/docs.google.com\/document\/d\/1c3TSc9t57vd0yLX7v8oPWQdaPvUdWVJC25DHaV_DWbU\/edit?usp=sharing\" target=\"_blank\">APOYO A USUARIOS<\/a><\/li>\r\n\t<li><a href=\"https:\/\/docs.google.com\/document\/d\/13EuRWrwYG5fvilkulTP3uAqQoiP6b5t-z-gK3wdHQho\/edit?usp=sharing\" target=\"_blank\">AULAS DE INFORM\u00c1TICA<\/a><\/li>\r\n\t<li><a href=\"https:\/\/docs.google.com\/document\/d\/1OR7dkUI1zFcBXFMlaziekui00bLGtYc_trEf3M2_8BY\/edit?usp=sharing\" target=\"_blank\">BIBLIOTECAS<\/a><\/li>\r\n\t<li><a href=\"https:\/\/docs.google.com\/document\/d\/1DJkz2QEX6KGcc7a30Ig099oNoqr1e3Xz71LfGAmVUNQ\/edit?usp=sharing\" target=\"_blank\">BICICLETAS\/OFICINA VERDE<\/a><\/li>\r\n\t<li><a href=\"https:\/\/docs.google.com\/document\/d\/1k4Ukf3v-zJxA7XXy1IvxTV1F4b7UcwuHt6ofmXoh6zM\/edit?usp=sharing\" target=\"_blank\">COOPERACI\u00d3N AL DESARROLLO<\/a><\/li>\r\n\t<li><a href=\"https:\/\/docs.google.com\/document\/d\/15l1rfSUw3UlsHGK8-OMb05uomPIqxC1lsvr2Y1O8F3c\/edit?usp=sharing\" target=\"_blank\">ENTOMOLOG\u00cdA<\/a><\/li>\r\n\t<li><a href=\"https:\/\/docs.google.com\/document\/d\/1NXxxfNL1mC0-w8swgnokDzzxYw1dCCn-INnrBwo0Un0\/edit?usp=sharing\" target=\"_blank\">FUNDACI\u00d3N SANITARIA<\/a><\/li>\r\n\t<li><a href=\"https:\/\/docs.google.com\/document\/d\/19LFXtuoLTMLwrRF0Rds7reGa2eTJGH5qK610bZWincI\/edit?usp=sharing\" target=\"_blank\">GRANJA UNIVERSITARIA<\/a><\/li>\r\n\t<li><a href=\"https:\/\/docs.google.com\/document\/d\/1c4VrRRgBppVjTw6fdIsdiMi47vK0rXwwKmcYp9UM40E\/edit?usp=sharing\" target=\"_blank\">INSTITUTO DE LA VI\u00d1A Y EL VINO<\/a><\/li>\r\n\t<li><a href=\"https:\/\/docs.google.com\/document\/d\/1xaDmHYb9ycwiVT9T_IL1LvQSLOEJDyj6edgbJkOvZyg\/edit?usp=sharing\" target=\"_blank\">PLAN ESTRAT\u00c9GICO HOSPITAL CL\u00cdNICO UNIVERSITARIO<\/a><\/li>\r\n\t<li><a href=\"https:\/\/docs.google.com\/document\/d\/1C2iFZOgu-SASzP0femRkSAJdre23H1TEuPgRejqUjxg\/edit?usp=sharing\" target=\"_blank\">CAMPUS DE PONFERRADA<\/a><\/li>\r\n\t<li><a href=\"https:\/\/docs.google.com\/document\/d\/121fqGvqJry7dmkvnHcN6k3lxIjEqzlFcD1TMZki-X8c\/edit?usp=sharing\" target=\"_blank\">PROGRAMA VIVIENDA<\/a><\/li>\r\n\t<li><a href=\"https:\/\/docs.google.com\/document\/d\/1_OALXH3U6qzLssoADGFhUbag8jEKMcQrt21oOtHyFWU\/edit?usp=sharing\" target=\"_blank\">RADIO UNIVERSITARIA<\/a><\/li>\r\n\t<li><a href=\"https:\/\/docs.google.com\/document\/d\/1fe-zauM3ijE13Y025pSrEgNYOp7o7-6_VD6NTIO69qw\/edit?usp=sharing\" target=\"_blank\">SAULE<\/a><\/li>\r\n\t<li><a href=\"https:\/\/docs.google.com\/document\/d\/1qRhl2DbRWz9LJ4wt3qk8aR89RQPIq53MPTCNVWAZp1M\/edit?usp=sharing\" target=\"_blank\">SERVICIO DE DEPORTES LE\u00d3N<\/a><\/li>\r\n\t<li><a href=\"https:\/\/docs.google.com\/document\/d\/177xm84X52TzKmLCjU0lArNPh_c4RmkiWT5QkarVsdfE\/edit?usp=sharing\" target=\"_blank\">UNIVERSIDAD DE LA EXPERIENCIA\u00a0LE\u00d3N<\/a><\/li>\r\n\t<li><a href=\"https:\/\/docs.google.com\/document\/d\/18vVsYHDV_5Eo_ke8cSHZQylkAwbN7agwqtPfILtOoKQ\/edit?usp=sharing\" target=\"_blank\">UNIVERSIDAD DE LA EXPERIENCIA PONFERRADA<\/a><\/li>\r\n\t<li><a href=\"https:\/\/docs.google.com\/document\/d\/1YVczKZDA1PUpeUu5BX3DcXlxZgzJps-uDeInz-DD_kI\/edit?usp=sharing\" target=\"_blank\">VICERRECTORADO DE ESTUDIANTES<\/a><\/li>\r\n<\/ul>","protected":false},"excerpt":{"rendered":"<p>Un a\u00f1o m\u00e1s, el Vicerrectorado de Estudiantes convoca diferentes Estancias de Colaboraci\u00f3n en Servicios Universitarios como f\u00f3rmula de Ayudas al Estudio de aquellos estudiantes que cumplan los requisitos de las diferentes convocatorias. Recomendamos leer atentamente las bases que regulan dichas Estancias, tras ello, los alumnos podr\u00e1n seleccionar en el formulario web hasta un m\u00e1ximo de [&hellip;]<\/p>\n","protected":false},"author":25,"featured_media":0,"parent":0,"menu_order":0,"comment_status":"closed","ping_status":"closed","template":"","meta":{"footnotes":""},"class_list":["post-684","page","type-page","status-publish","hentry"],"_links":{"self":[{"href":"https:\/\/servicios.unileon.es\/actividad-estudiantil\/wp-json\/wp\/v2\/pages\/684","targetHints":{"allow":["GET"]}}],"collection":[{"href":"https:\/\/servicios.unileon.es\/actividad-estudiantil\/wp-json\/wp\/v2\/pages"}],"about":[{"href":"https:\/\/servicios.unileon.es\/actividad-estudiantil\/wp-json\/wp\/v2\/types\/page"}],"author":[{"embeddable":true,"href":"https:\/\/servicios.unileon.es\/actividad-estudiantil\/wp-json\/wp\/v2\/users\/25"}],"replies":[{"embeddable":true,"href":"https:\/\/servicios.unileon.es\/actividad-estudiantil\/wp-json\/wp\/v2\/comments?post=684"}],"version-history":[{"count":31,"href":"https:\/\/servicios.unileon.es\/actividad-estudiantil\/wp-json\/wp\/v2\/pages\/684\/revisions"}],"predecessor-version":[{"id":735,"href":"https:\/\/servicios.unileon.es\/actividad-estudiantil\/wp-json\/wp\/v2\/pages\/684\/revisions\/735"}],"wp:attachment":[{"href":"https:\/\/servicios.unileon.es\/actividad-estudiantil\/wp-json\/wp\/v2\/media?parent=684"}],"curies":[{"name":"wp","href":"https:\/\/api.w.org\/{rel}","templated":true}]}}