{"id":623,"date":"2015-06-17T08:42:15","date_gmt":"2015-06-17T08:42:15","guid":{"rendered":"http:\/\/servicios.unileon.es\/actividad-estudiantil\/?page_id=623"},"modified":"2015-09-23T08:49:16","modified_gmt":"2015-09-23T08:49:16","slug":"cmdeportistas","status":"publish","type":"page","link":"https:\/\/servicios.unileon.es\/actividad-estudiantil\/cmdeportistas\/","title":{"rendered":"6 ayudas de Residencia en el Colegio Mayor San Isidoro Deportistas"},"content":{"rendered":"<p style=\"text-align: center;\"><a href=\"https:\/\/drive.google.com\/file\/d\/0Byy6LQTsZIIUWGFuTXNnVUM0NjA\/view?usp=sharing\" target=\"_blank\">CONVOCATORIA<\/a><\/p>\r\n<p style=\"text-align: center;\"><a href=\"https:\/\/docs.google.com\/document\/d\/1YyQwdVV4Z5J3W1vexbgsuF5tt_9nWrUrjMsaAqgW2ng\/edit?usp=sharing\" target=\"_blank\">RESOLUCI\u00d3N<\/a><\/p>\r\n\r\n<ol>\r\n\t<li><strong>CARACTER\u00cdSTICAS DE LAS AYUDAS<\/strong><\/li>\r\n<\/ol>\r\nSe convocan 6 ayudas de Residencia en el Colegio Mayor San Isidoro en los siguientes t\u00e9rminos:\r\n\r\nEl Vicerrectorado de Estudiantes abonar\u00e1 el 100% del total del alojamiento y manutenci\u00f3n en apartamento doble en el Colegio Mayor San Isidoro.\r\n\r\nEl becado se alojar\u00e1 obligatoriamente durante el curso 2015\/2016 en el Colegio Mayor San Isidoro. En el caso de no permanecer el curso completo en el Colegio deber\u00e1 devolver el importe de la beca.\r\n<ol start=\"2\">\r\n\t<li><strong>REQUISITOS DE LOS ASPIRANTES<\/strong><\/li>\r\n<\/ol>\r\n<em>CONDICIONES GENERALES<\/em>\r\n\r\nSer estudiante de la ULE, y estar considerado como deportista de Alto Nivel* o Alto Rendimiento.\r\n\r\nEstar matriculado de un m\u00ednimo de 60 cr\u00e9ditos o de los necesarios para finalizar su titulaci\u00f3n para el curso 2015\/2016.\r\n\r\nEn caso de ser estudiante de 2\u00ba curso o posteriores, tener superado el 50% de los cr\u00e9ditos matriculados en el curso 2014\/2015.\r\n<ol start=\"3\">\r\n\t<li><strong>PRESENTACI\u00d3N\u00a0DE INSTANCIAS<\/strong><\/li>\r\n<\/ol>\r\nLas instancias, dirigidas al Sr. Vicerrector de Estudiantes, de forma online mediante un formulario que se encuentra disponible en la p\u00e1gina web del \u00c1rea de Actividad Estudiantil hasta las <strong>14 horas del d\u00eda 22 de septiembre<\/strong>. Para ello, se deber\u00e1 rellenar el formulario, y <strong>tras ello recibir\u00e1n un email con las instrucciones a seguir y la documentaci\u00f3n a entregar<\/strong> <strong>(posteriormente se podr\u00e1 pedir la documentaci\u00f3n original para su cotejo).<\/strong>\r\n<ol start=\"4\">\r\n\t<li><strong>SELECCI\u00d3N DE BECARIOS<\/strong><\/li>\r\n<\/ol>\r\nLas solicitudes ser\u00e1n valoradas por una Comisi\u00f3n presidida por el Vicerrector de Estudiantes o persona en quien delegue, e integrada por el Director del \u00c1rea Deportes, y un representante de la Junta de Estudiantes.\r\n\r\nLa valoraci\u00f3n se realizar\u00e1 en funci\u00f3n del expediente acad\u00e9mico y nivel deportivo.\r\n<ol start=\"5\">\r\n\t<li><strong>NOMBRAMIENTO DE BECARIOS<\/strong><\/li>\r\n<\/ol>\r\nEl Vicerrector efectuar\u00e1 el nombramiento de becarios, cuya lista, se har\u00e1 p\u00fablica el d\u00eda 24 de septiembre, en el tabl\u00f3n de anuncios del Vicerrectorado de Estudiantes (Edificio de Servicios Universitarios, Campus de Vegazana) y en la p\u00e1gina web de la Universidad.\r\n\r\nEstas ayudas son incompatibles con cualquier otra recibida de cualquier Instituci\u00f3n P\u00fablica o Privada para la misma finalidad.\r\n<ol start=\"6\">\r\n\t<li><strong>RESCISION DE LAS AYUDAS<\/strong><\/li>\r\n<\/ol>\r\nEstas ayudas podr\u00e1n ser rescindidas por el Vicerrector de Estudiantes a propuesta justificada del Director de Deportes o del Director del Colegio Mayor San Isidoro. El disfrute de una de estas ayudas no presupone la obtenci\u00f3n de un diploma, y no compromete al Vicerrectorado a posteriores renovaciones.\r\n\r\n<strong>* DEPORTISTAS DE ALTO NIVEL, ALTO RENDIMIENTO Y ALTO NIVEL ULE<\/strong>\r\n\r\n<strong>Tendr\u00e1n la consideraci\u00f3n de deportistas universitarios de Alto Nivel:<\/strong>\r\n\r\n&#8211; Quienes figuren como tal en el Bolet\u00edn Oficial del Estado.\r\n\r\n<strong>Tendr\u00e1n la consideraci\u00f3n de deportistas universitarios de Alto Rendimiento:<\/strong>\r\n\r\n&#8211; Quienes figuren en las relaciones elaboradas anualmente por el Consejo Superior de Deportes y por las Comunidades Aut\u00f3nomas en colaboraci\u00f3n con las Federaciones Deportivas Nacionales.\r\n\r\n<strong>Tendr\u00e1n la consideraci\u00f3n de deportistas universitarios de Alto Nivel ULE:<\/strong>\r\n\r\n&#8211; Los deportistas destacados que obtengan valoraci\u00f3n positiva por parte de la \u2028Comisi\u00f3n T\u00e9cnica del Servicio de Deportes de la ULE.\r\n<iframe loading=\"lazy\" src=\"https:\/\/docs.google.com\/forms\/d\/14Pz2M-mWDWN6J91hGAKufYkvkE5m8yw8zbTn2Td_r28\/viewform?embedded=true\" width=\"760\" height=\"1600\" frameborder=\"0\" marginwidth=\"0\" marginheight=\"0\">Cargando&#8230;<\/iframe>","protected":false},"excerpt":{"rendered":"<p>CONVOCATORIA RESOLUCI\u00d3N CARACTER\u00cdSTICAS DE LAS AYUDAS Se convocan 6 ayudas de Residencia en el Colegio Mayor San Isidoro en los siguientes t\u00e9rminos: El Vicerrectorado de Estudiantes abonar\u00e1 el 100% del total del alojamiento y manutenci\u00f3n en apartamento doble en el Colegio Mayor San Isidoro. El becado se alojar\u00e1 obligatoriamente durante el curso 2015\/2016 en el [&hellip;]<\/p>\n","protected":false},"author":25,"featured_media":0,"parent":0,"menu_order":0,"comment_status":"closed","ping_status":"closed","template":"onecolumn-page.php","meta":{"footnotes":""},"class_list":["post-623","page","type-page","status-publish","hentry"],"_links":{"self":[{"href":"https:\/\/servicios.unileon.es\/actividad-estudiantil\/wp-json\/wp\/v2\/pages\/623","targetHints":{"allow":["GET"]}}],"collection":[{"href":"https:\/\/servicios.unileon.es\/actividad-estudiantil\/wp-json\/wp\/v2\/pages"}],"about":[{"href":"https:\/\/servicios.unileon.es\/actividad-estudiantil\/wp-json\/wp\/v2\/types\/page"}],"author":[{"embeddable":true,"href":"https:\/\/servicios.unileon.es\/actividad-estudiantil\/wp-json\/wp\/v2\/users\/25"}],"replies":[{"embeddable":true,"href":"https:\/\/servicios.unileon.es\/actividad-estudiantil\/wp-json\/wp\/v2\/comments?post=623"}],"version-history":[{"count":8,"href":"https:\/\/servicios.unileon.es\/actividad-estudiantil\/wp-json\/wp\/v2\/pages\/623\/revisions"}],"predecessor-version":[{"id":681,"href":"https:\/\/servicios.unileon.es\/actividad-estudiantil\/wp-json\/wp\/v2\/pages\/623\/revisions\/681"}],"wp:attachment":[{"href":"https:\/\/servicios.unileon.es\/actividad-estudiantil\/wp-json\/wp\/v2\/media?parent=623"}],"curies":[{"name":"wp","href":"https:\/\/api.w.org\/{rel}","templated":true}]}}