{"id":611,"date":"2015-06-17T07:03:17","date_gmt":"2015-06-17T07:03:17","guid":{"rendered":"http:\/\/servicios.unileon.es\/actividad-estudiantil\/?page_id=611"},"modified":"2015-07-29T12:38:49","modified_gmt":"2015-07-29T12:38:49","slug":"cmexcelencia","status":"publish","type":"page","link":"https:\/\/servicios.unileon.es\/actividad-estudiantil\/cmexcelencia\/","title":{"rendered":"4 AYUDAS DE RESIDENCIA PARA ALUMNOS CON EXCELENCIA ACAD\u00c9MICA"},"content":{"rendered":"<p style=\"text-align: center;\"><a href=\"https:\/\/drive.google.com\/file\/d\/0Byy6LQTsZIIUN21ONC10Q2lLTnc\/view?usp=sharing\" target=\"_blank\">CONVOCATORIA PDF<\/a><\/p>\r\n<p style=\"text-align: center;\"><a href=\"https:\/\/drive.google.com\/file\/d\/0B06g6FZ2hmMaQzRuVm1lY3E3N00\/view?usp=sharing\" target=\"_blank\">RESOLUCI\u00d3N<\/a><\/p>\r\n&nbsp;\r\n<ol>\r\n\t<li><strong>CARACTER\u00cdSTICAS DE LAS AYUDAS<\/strong><\/li>\r\n<\/ol>\r\nSe convocan 4 ayudas de Residencia en el Colegio Mayor San Isidoro en los siguientes t\u00e9rminos:\r\n\r\nEl Vicerrectorado de Estudiantes abonar\u00e1 el 50% del\u00a0 total del alojamiento y manutenci\u00f3n en apartamento doble en el Colegio Mayor San Isidoro, el 50% restante correr\u00e1 a cargo del alumno Becado\r\n\r\nEl becado se alojar\u00e1 obligatoriamente durante el curso 2015\/2016 en el Colegio Mayor San Isidoro. En el caso de no permanecer el curso completo en el Colegio deber\u00e1 devolver el importe de la beca.\r\n<ol start=\"2\">\r\n\t<li><strong>REQUISITOS DE LOS ASPIRANTES<\/strong><\/li>\r\n<\/ol>\r\n<ul>\r\n\t<li><em><u>CONDICIONES GENERALES<\/u><\/em><\/li>\r\n<\/ul>\r\n<ol>\r\n\t<li>Ser estudiante de la ULE.<\/li>\r\n\t<li>Estar matriculado de primer curso completo, o de 60 cr\u00e9ditos en los cursos posteriores, o de los necesarios para finalizar su titulaci\u00f3n para el curso 2015\/2016.<\/li>\r\n\t<li>Tener superado el 50% de los cr\u00e9ditos matriculados en el curso 2014\/2015 (en caso de ser ya estudiante universitario).<\/li>\r\n<\/ol>\r\n<ul>\r\n\t<li><em><u>CONDICIONES ACADEMICAS<\/u><\/em><\/li>\r\n<\/ul>\r\n<ol>\r\n\t<li>Nota m\u00ednima de la fase general de la PAU: 8,00 para alumnos de nuevo ingreso, valor\u00e1ndose por la comisi\u00f3n la nota de acceso real (ponderada) a la Universidad.<\/li>\r\n\t<li>Nota m\u00ednima media de Expediente Acad\u00e9mico: 2 para resto alumnos universitarios<\/li>\r\n\t<li><strong>PRESENTACION DE INSTANCIAS<\/strong><\/li>\r\n<\/ol>\r\nLas instancias, dirigidas al Sr. Vicerrector de Estudiantes, se har\u00e1n de forma online mediante un formulario que se encuentra disponible en la p\u00e1gina web del \u00c1rea de Actividad Estudiantil hasta las <strong>14 horas del d\u00eda 23 de Julio (plazo m\u00e1ximo de solicitud y entrega de documentaci\u00f3n)<\/strong>. Para ello, se deber\u00e1 rellenar el formulario, y <strong>tras ello recibir\u00e1n un email con las instrucciones a seguir y la documentaci\u00f3n a entregar (posteriormente se podr\u00e1 pedir la documentaci\u00f3n original para su cotejo).<\/strong>\r\n<ol start=\"4\">\r\n\t<li><strong>SELECCI\u00d3N DE BECARIOS<\/strong><\/li>\r\n<\/ol>\r\nLas solicitudes ser\u00e1n valoradas por una Comisi\u00f3n presidida por el Vicerrector de Estudiantes o persona en quien delegue, e integrada por el Director del Colegio Mayor \u201cSan Isidoro\u201d, y un representante de alumnos designado por la Junta de Estudiantes.\r\n\r\nLa valoraci\u00f3n se realizar\u00e1 en funci\u00f3n del expediente acad\u00e9mico, valor\u00e1ndose especialmente los que superen el 8,5 de nota real de acceso o 2 (en base 4) de los ya alumnos de la Universidad de Le\u00f3n.\r\n<ol start=\"5\">\r\n\t<li><strong>NOMBRAMIENTO DE BECARIOS<\/strong><\/li>\r\n<\/ol>\r\nEl Vicerrector efectuar\u00e1 el nombramiento de <strong>4 becarios<\/strong>, cuya lista se har\u00e1 p\u00fablica el d\u00eda <strong>29 de julio<\/strong>, en el tabl\u00f3n de anuncios del Vicerrectorado de Estudiantes (Edificio de Servicios Universitarios, Campus de Vegazana) y en la p\u00e1gina web del \u00c1rea de Actividades Estudiantiles de la Universidad de Le\u00f3n.\r\n<ol start=\"6\">\r\n\t<li><strong>RESCISION DE LAS BECAS<\/strong><\/li>\r\n<\/ol>\r\nEstas ayudas podr\u00e1n ser rescindidas por el Vicerrector de Estudiantes a propuesta justificada del Director del Colegio Mayor. El disfrute de una de estas ayudas no presupone la obtenci\u00f3n de un diploma, y no compromete al Vicerrectorado a posteriores renovaciones.\r\n<iframe loading=\"lazy\" src=\"https:\/\/docs.google.com\/forms\/d\/1hs62LfBNr-aQI7ape6P2eD7mmdPuO8cKXMG3Cj4zr8E\/viewform?embedded=true\" width=\"700\" height=\"1785\" frameborder=\"0\" marginwidth=\"0\" marginheight=\"0\">Cargando&#8230;<\/iframe>","protected":false},"excerpt":{"rendered":"<p>CONVOCATORIA PDF RESOLUCI\u00d3N &nbsp; CARACTER\u00cdSTICAS DE LAS AYUDAS Se convocan 4 ayudas de Residencia en el Colegio Mayor San Isidoro en los siguientes t\u00e9rminos: El Vicerrectorado de Estudiantes abonar\u00e1 el 50% del\u00a0 total del alojamiento y manutenci\u00f3n en apartamento doble en el Colegio Mayor San Isidoro, el 50% restante correr\u00e1 a cargo del alumno Becado [&hellip;]<\/p>\n","protected":false},"author":25,"featured_media":0,"parent":0,"menu_order":0,"comment_status":"closed","ping_status":"closed","template":"onecolumn-page.php","meta":{"footnotes":""},"class_list":["post-611","page","type-page","status-publish","hentry"],"_links":{"self":[{"href":"https:\/\/servicios.unileon.es\/actividad-estudiantil\/wp-json\/wp\/v2\/pages\/611","targetHints":{"allow":["GET"]}}],"collection":[{"href":"https:\/\/servicios.unileon.es\/actividad-estudiantil\/wp-json\/wp\/v2\/pages"}],"about":[{"href":"https:\/\/servicios.unileon.es\/actividad-estudiantil\/wp-json\/wp\/v2\/types\/page"}],"author":[{"embeddable":true,"href":"https:\/\/servicios.unileon.es\/actividad-estudiantil\/wp-json\/wp\/v2\/users\/25"}],"replies":[{"embeddable":true,"href":"https:\/\/servicios.unileon.es\/actividad-estudiantil\/wp-json\/wp\/v2\/comments?post=611"}],"version-history":[{"count":12,"href":"https:\/\/servicios.unileon.es\/actividad-estudiantil\/wp-json\/wp\/v2\/pages\/611\/revisions"}],"predecessor-version":[{"id":662,"href":"https:\/\/servicios.unileon.es\/actividad-estudiantil\/wp-json\/wp\/v2\/pages\/611\/revisions\/662"}],"wp:attachment":[{"href":"https:\/\/servicios.unileon.es\/actividad-estudiantil\/wp-json\/wp\/v2\/media?parent=611"}],"curies":[{"name":"wp","href":"https:\/\/api.w.org\/{rel}","templated":true}]}}