{"id":470,"date":"2014-11-10T12:00:19","date_gmt":"2014-11-10T12:00:19","guid":{"rendered":"http:\/\/servicios.unileon.es\/actividad-estudiantil\/?page_id=470"},"modified":"2014-11-11T14:00:14","modified_gmt":"2014-11-11T14:00:14","slug":"resoluciones2014","status":"publish","type":"page","link":"https:\/\/servicios.unileon.es\/actividad-estudiantil\/resoluciones2014\/","title":{"rendered":"RESOLUCIONES ESTANCIAS DE COLABORACI\u00d3N EN SERVICIOS UNIVERSITARIOS"},"content":{"rendered":"Relaci\u00f3n de resoluciones de las distintas estancias de colaboraci\u00f3n en servicios universitarios de la Universidad de Le\u00f3n.\r\n\r\n<a href=\"https:\/\/docs.google.com\/document\/d\/1AWYvkMQadbU_JYjazIM01cMyHWJmFsli1IHtqkA2vos\/edit?usp=sharing\" target=\"_blank\">Accesibilidad<\/a>\r\n\r\n<a href=\"https:\/\/docs.google.com\/document\/d\/1o8bEE7bmFLiG0nCyR6LDaTQe45TN4uViEEaRFSLaMDo\/edit?usp=sharing\" target=\"_blank\">Apoyo a Usuarios<\/a>\r\n\r\n<a href=\"https:\/\/docs.google.com\/document\/d\/1sn0_xO_a99M3qaFQimsv14V6r2h5ADui-lI1DHQcADU\/edit?usp=sharing\" target=\"_blank\">Aulas de Inform\u00e1tica<\/a>\r\n\r\n<a href=\"https:\/\/docs.google.com\/document\/d\/1PG3_HW60BF3jJpgXb9n6hXCV2ILbcsVRqqKLilEIe6w\/edit?usp=sharing\" target=\"_blank\">Biblioteca de Entomolog\u00eda<\/a>\r\n\r\n<a href=\"https:\/\/docs.google.com\/document\/d\/1HcwK2AysRYyeke-zs_QRSujbVKf99qlCbXz3I4XhceI\/edit?usp=sharing\" target=\"_blank\">Bibliotecas<\/a>\r\n\r\n<a href=\"https:\/\/docs.google.com\/document\/d\/1Yd37yXI63wZBbzcOic3XuTZTzV8uKTzQCcX_uuXh5SA\/edit?usp=sharing\" target=\"_blank\">Campos de Ponferrada<\/a>\r\n\r\n<a href=\"https:\/\/docs.google.com\/document\/d\/1e0KZNEtgH0aXrqI2R-L26dkQ7t67uGHZ5sAft_5DK48\/edit?usp=sharing\" target=\"_blank\">Cooperaci\u00f3n al Desarrollo<\/a>\r\n\r\n<a href=\"https:\/\/docs.google.com\/document\/d\/1r-qIvmrGZ0rSQZYnL2kK5MnkUAuynCG1kZ2y2Bn9c4Q\/edit?usp=sharing\" target=\"_blank\">Deporte Le\u00f3n<\/a>\r\n\r\n<a href=\"https:\/\/docs.google.com\/document\/d\/19duUzbnvg9_7NluaBKMzD8IhmCNXA9KFBFWcKioj5Lc\/edit?usp=sharing\" target=\"_blank\">Fundaci\u00f3n Sanitaria de Le\u00f3n<\/a>\r\n\r\n<a href=\"https:\/\/docs.google.com\/document\/d\/1AzDPZd0Q3IBlDBvdCw0b56vcctLcOIMkKH9YAD3pqOk\/edit?usp=sharing\" target=\"_blank\">Granja<\/a>\r\n\r\n<a href=\"https:\/\/docs.google.com\/document\/d\/1V-wg2-7MSB2gkzJSmoO0t_3fBPD2jfWKSRne57CO9r8\/edit?usp=sharing\" target=\"_blank\">Pr\u00e9stamo de Bicicletas<\/a>\r\n\r\n<a href=\"https:\/\/docs.google.com\/document\/d\/1jTnuB2wkXOkP-34MXpaH1PkPHcjAgyUzSzq0JgMCBfw\/edit?usp=sharing\" target=\"_blank\">Programa Vivienda<\/a>\r\n\r\n<a href=\"https:\/\/docs.google.com\/document\/d\/1n_Rpei4qcn9xFrF0Xj42PYeYxvanBRFv9fYdu2nhrJs\/edit?usp=sharing\" target=\"_blank\">Radio Universitaria<\/a>\r\n\r\n<a href=\"https:\/\/docs.google.com\/document\/d\/16uC0LrolMjAQbLjYDzgMfWpuLkzM3vzD2QBg7b5y8yU\/edit?usp=sharing\" target=\"_blank\">SAULE<\/a>\r\n\r\n<a href=\"https:\/\/docs.google.com\/document\/d\/1oYazh5wqc4PFeDndU2OSB2gwVifVD86wo0H23rkez5w\/edit?usp=sharing\" target=\"_blank\">Universidad de la Experiencia (Le\u00f3n y Ponferrada)<\/a>\r\n\r\n<a href=\"https:\/\/docs.google.com\/document\/d\/1jK552KDVCuhNkt1iraGklkMBKwtn7vO_KXn7Qplph_4\/edit?usp=sharing\" target=\"_blank\">Vicerrectorado de Estudiantes<\/a>\r\n\r\nDe forma general las estancias comienzan el d\u00eda 19 de Noviembre en los horarios establecidos por los responsables. En caso de no conocerse el horario o no estar convocado a una reuni\u00f3n previa, p\u00f3nganse en contacto con los Responsables de la Estancia.\r\n\r\nDisponen de 10 <span class=\"il\">d\u00edas<\/span> <span class=\"il\">naturales desde la publicaci\u00f3n de esta resoluci\u00f3n (11\/11\/2014)<\/span>\u00a0para interponer recurso motivado dirigido al Vicerrector de Estudiantes a trav\u00e9s del Registro General de la Universidad de Le\u00f3n.","protected":false},"excerpt":{"rendered":"<p>Relaci\u00f3n de resoluciones de las distintas estancias de colaboraci\u00f3n en servicios universitarios de la Universidad de Le\u00f3n. Accesibilidad Apoyo a Usuarios Aulas de Inform\u00e1tica Biblioteca de Entomolog\u00eda Bibliotecas Campos de Ponferrada Cooperaci\u00f3n al Desarrollo Deporte Le\u00f3n Fundaci\u00f3n Sanitaria de Le\u00f3n Granja Pr\u00e9stamo de Bicicletas Programa Vivienda Radio Universitaria SAULE Universidad de la Experiencia (Le\u00f3n y [&hellip;]<\/p>\n","protected":false},"author":25,"featured_media":0,"parent":0,"menu_order":0,"comment_status":"closed","ping_status":"closed","template":"","meta":{"footnotes":""},"class_list":["post-470","page","type-page","status-publish","hentry"],"_links":{"self":[{"href":"https:\/\/servicios.unileon.es\/actividad-estudiantil\/wp-json\/wp\/v2\/pages\/470","targetHints":{"allow":["GET"]}}],"collection":[{"href":"https:\/\/servicios.unileon.es\/actividad-estudiantil\/wp-json\/wp\/v2\/pages"}],"about":[{"href":"https:\/\/servicios.unileon.es\/actividad-estudiantil\/wp-json\/wp\/v2\/types\/page"}],"author":[{"embeddable":true,"href":"https:\/\/servicios.unileon.es\/actividad-estudiantil\/wp-json\/wp\/v2\/users\/25"}],"replies":[{"embeddable":true,"href":"https:\/\/servicios.unileon.es\/actividad-estudiantil\/wp-json\/wp\/v2\/comments?post=470"}],"version-history":[{"count":7,"href":"https:\/\/servicios.unileon.es\/actividad-estudiantil\/wp-json\/wp\/v2\/pages\/470\/revisions"}],"predecessor-version":[{"id":1298,"href":"https:\/\/servicios.unileon.es\/actividad-estudiantil\/wp-json\/wp\/v2\/pages\/470\/revisions\/1298"}],"wp:attachment":[{"href":"https:\/\/servicios.unileon.es\/actividad-estudiantil\/wp-json\/wp\/v2\/media?parent=470"}],"curies":[{"name":"wp","href":"https:\/\/api.w.org\/{rel}","templated":true}]}}