{"id":4,"date":"2010-11-11T10:50:58","date_gmt":"2010-11-11T10:50:58","guid":{"rendered":"http:\/\/servicios.unileon.es\/actividad-estudiantil\/"},"modified":"2025-10-20T08:28:13","modified_gmt":"2025-10-20T06:28:13","slug":"informacion-de-contacto","status":"publish","type":"page","link":"https:\/\/servicios.unileon.es\/actividad-estudiantil\/","title":{"rendered":"Informaci\u00f3n General"},"content":{"rendered":"<h2>ELECCIONES AL CONSEJO DE ESTUDIANTES DE LA UNIVERSIDAD DE LE\u00d3N. CURSO 2025-2026<\/h2>\r\n<ol class=\"big\" style=\"font-size: 16px;\">\r\n    <li><a href=\"https:\/\/servicios.unileon.es\/actividad-estudiantil\/files\/2025\/10\/calendario_electoral_representacion_estudiantil_2025_2026.pdf\">CALENDARIO ELECTORAL<\/a><\/li>\r\n<!--\r\n    <li><a href=\"https:\/\/docs.google.com\/document\/d\/1zsqRVcCLT3dY6ZiYSBM3lVx9BGYu5FpP\/edit?usp=sharing&ouid=111453954614725534194&rtpof=true&sd=true\">CANDIDATURA A COMISIONES DE TRABAJO<\/a><\/li>\r\n    <li><a href=\"https:\/\/drive.google.com\/file\/d\/1DIuFue9SI4n2PHI-5ztpQ1fJ0rm2ywJv\/view?usp=share_link\">COMISIONES DE TRABAJO<\/a><\/li>\r\n    <li><a href=\"https:\/\/servicios.unileon.es\/actividad-estudiantil\/files\/2023\/11\/e_junta_estudiantes2023_censo.pdf\">CENSO ELECTORAL<\/a><\/li>\r\n    <li><a href=\"https:\/\/servicios.unileon.es\/actividad-estudiantil\/files\/2023\/11\/e_junta_estudiantes2023_ccomision_electoral.pdf\">COMISI\u00d3N ELECTORAL<\/a><\/li>\r\n    <li><a href=\"https:\/\/servicios.unileon.es\/actividad-estudiantil\/files\/2023\/11\/e_junta_estudiantes2023_candidaturas_provisionales.pdf\">LISTADO DE CANDIDATURAS PROVISIONAL<\/a><\/li>\r\n    <li><a href=\"https:\/\/servicios.unileon.es\/actividad-estudiantil\/files\/2023\/12\/e_junta_estudiantes2023_candidaturas_definitivas.pdf\"><strong>LISTADO DE CANDIDATURAS DEFINITIVO<\/strong><\/a><\/li>\r\n-->\r\n<\/ol>\r\n<p>&nbsp;<\/p>\r\n<p><img loading=\"lazy\" decoding=\"async\" class=\"wp-image-1830 aligncenter\" src=\"https:\/\/servicios.unileon.es\/actividad-estudiantil\/files\/2021\/05\/area-de-estudiantes.png\" alt=\"\" width=\"608\" height=\"456\" \/><\/p>\r\n<p>&nbsp;<\/p>\r\n<h2>\u00bfQu\u00e9 hacemos?<\/h2>\r\nCoordinamos las distintas Asociaciones de la Universidad de Le\u00f3n.\r\n\r\nFacilitamos la b\u00fasqueda de informaci\u00f3n general que pueda interesar a todos los estudiantes.\r\n\r\nColaboramos en la realizaci\u00f3n de actividades dirigidas a la comunidad universitaria.\r\n<h2>\u00bfD\u00f3nde pueden encontrarnos?<\/h2>\r\nEn el Vicerrectorado de Estudiantes, Cultura y Deportes, en la Planta Baja del Edificio de Servicios\r\n<ul>\r\n    <li>Tel\u00e9fono: +34 670442980<\/li>\r\n    <li>Tel\u00e9fono: +34 987293756<\/li>\r\n    <li>Correo electr\u00f3nico: <a href=\"mailto:recaae@unileon.es\">recaae@unileon.es<\/a><\/li>\r\n<\/ul>","protected":false},"excerpt":{"rendered":"<p>ELECCIONES AL CONSEJO DE ESTUDIANTES DE LA UNIVERSIDAD DE LE\u00d3N. CURSO 2025-2026 CALENDARIO ELECTORAL &nbsp; &nbsp; \u00bfQu\u00e9 hacemos? Coordinamos las distintas Asociaciones de la Universidad de Le\u00f3n. Facilitamos la b\u00fasqueda de informaci\u00f3n general que pueda interesar a todos los estudiantes. Colaboramos en la realizaci\u00f3n de actividades dirigidas a la comunidad universitaria. \u00bfD\u00f3nde pueden encontrarnos? En [&hellip;]<\/p>\n","protected":false},"author":1,"featured_media":0,"parent":0,"menu_order":0,"comment_status":"closed","ping_status":"open","template":"","meta":{"footnotes":""},"class_list":["post-4","page","type-page","status-publish","hentry"],"_links":{"self":[{"href":"https:\/\/servicios.unileon.es\/actividad-estudiantil\/wp-json\/wp\/v2\/pages\/4","targetHints":{"allow":["GET"]}}],"collection":[{"href":"https:\/\/servicios.unileon.es\/actividad-estudiantil\/wp-json\/wp\/v2\/pages"}],"about":[{"href":"https:\/\/servicios.unileon.es\/actividad-estudiantil\/wp-json\/wp\/v2\/types\/page"}],"author":[{"embeddable":true,"href":"https:\/\/servicios.unileon.es\/actividad-estudiantil\/wp-json\/wp\/v2\/users\/1"}],"replies":[{"embeddable":true,"href":"https:\/\/servicios.unileon.es\/actividad-estudiantil\/wp-json\/wp\/v2\/comments?post=4"}],"version-history":[{"count":76,"href":"https:\/\/servicios.unileon.es\/actividad-estudiantil\/wp-json\/wp\/v2\/pages\/4\/revisions"}],"predecessor-version":[{"id":3013,"href":"https:\/\/servicios.unileon.es\/actividad-estudiantil\/wp-json\/wp\/v2\/pages\/4\/revisions\/3013"}],"wp:attachment":[{"href":"https:\/\/servicios.unileon.es\/actividad-estudiantil\/wp-json\/wp\/v2\/media?parent=4"}],"curies":[{"name":"wp","href":"https:\/\/api.w.org\/{rel}","templated":true}]}}