{"id":378,"date":"2014-10-16T14:58:38","date_gmt":"2014-10-16T14:58:38","guid":{"rendered":"http:\/\/servicios.unileon.es\/actividad-estudiantil\/?page_id=378"},"modified":"2014-10-17T12:56:03","modified_gmt":"2014-10-17T12:56:03","slug":"uexperiencia","status":"publish","type":"page","link":"https:\/\/servicios.unileon.es\/actividad-estudiantil\/uexperiencia\/","title":{"rendered":"2 ESTANCIAS DE COLABORACI\u00d3N EN EL PROGRAMA INTERUNIVERSITARIO DE LA UNIVERSIDAD DE LA EXPERIENCIA (LEON Y PONFERRADA)"},"content":{"rendered":"<p style=\"text-align: center;\"><a href=\"https:\/\/drive.google.com\/file\/d\/0Byy6LQTsZIIUdEhfNFdHczl2TzA\/view?usp=sharing\" target=\"_blank\">CONVOCATORIA PDF<\/a><\/p>\r\n\r\n<ol>\r\n\t<li><strong>OBJETO DE LA ESTANCIA<\/strong><\/li>\r\n<\/ol>\r\nColaborar en la organizaci\u00f3n y en el funcionamiento de las actividades de las que se ocupa el Programa Interuniversitario de la Universidad de la Experiencia en las sedes de Le\u00f3n y de Ponferrada.\r\n<ol start=\"2\">\r\n\t<li><strong> DURACI\u00d3N Y DOTACI\u00d3N <\/strong><\/li>\r\n<\/ol>\r\nLa estancia de colaboraci\u00f3n tendr\u00e1 una duraci\u00f3n del <strong>19 de noviembre al 19 de diciembre de 2014 y del 12 de enero al 31 de mayo de 2015<\/strong>, a raz\u00f3n de <strong>10 horas semanales<\/strong> con una ayuda al estudio de <strong>200\u20ac\/mes (excepto enero que ser\u00e1 150\u20ac)<\/strong>. Esta estancia podr\u00e1 prorrogarse por necesidades del servicio.\r\n\r\nEsta estancia est\u00e1 sujeta al impuesto de la Renta de las Personas F\u00edsicas, y en ning\u00fan caso su disfrute tendr\u00e1 efectos jur\u00eddicos-laborales entre el alumno seleccionado y la Universidad de Le\u00f3n, y en consecuencia su concesi\u00f3n no implica ning\u00fan tipo de relaci\u00f3n contractual laboral o administrativa con dicha Universidad.\r\n<ol start=\"3\">\r\n\t<li><strong> REQUISITOS DE LOS ASPIRANTES<\/strong><\/li>\r\n<\/ol>\r\n<em>CONDICIONES GENERALES<\/em>\r\n\r\nEstar matriculado en la Universidad de Le\u00f3n en los cursos segundo o superior de las titulaciones de Grado, o en cualquier curso de las titulaciones de primer o segundo ciclo y posgrado.\r\n\r\nHaber aprobado, como m\u00ednimo, el 50% de las asignaturas\/cr\u00e9ditos en los que se hubiera matriculado en el curso anterior (2013\/2014).\r\n\r\nEstar matriculado, en el presente curso, de un m\u00ednimo de tres asignaturas anuales o 30 cr\u00e9ditos o en su caso del total de cr\u00e9ditos que resten para finalizar su titulaci\u00f3n.\r\n\r\n<em>CONDICIONES ESPEC\u00cdFICAS<\/em>\r\n\r\nConocimientos de inform\u00e1tica a nivel de usuario.\r\n\r\nExperiencia como voluntario o cooperante.\r\n\r\nDisponibilidad horaria de tardes, especialmente lunes y mi\u00e9rcoles.\r\n<ol start=\"4\">\r\n\t<li><strong> PRESENTACI\u00d3N DE INSTANCIAS<\/strong><\/li>\r\n<\/ol>\r\nLas instancias, dirigidas al Sr. Vicerrector de Estudiantes, de forma online mediante un formulario que se encuentra disponible en la p\u00e1gina web del \u00c1rea de Actividad Estudiantil hasta las <strong>12 horas del d\u00eda 31 de octubre de 2014<\/strong>. Para ello, se deber\u00e1 rellenar el formulario, y <strong>tras ello recibir\u00e1n un email con las instrucciones a seguir y la documentaci\u00f3n que remitir, <\/strong>la cual deber\u00e1 entregarse antes de las <strong>14h del d\u00eda 31 de octubre<\/strong> <strong>de 2014.<\/strong>\r\n\r\nLa no presentaci\u00f3n o presentaci\u00f3n fuera del plazo marcado por esta convocatoria de la documentaci\u00f3n solicitada supondr\u00e1 la exclusi\u00f3n autom\u00e1tica del proceso selectivo al finalizar el periodo de presentaci\u00f3n de instancias.\r\n<ol start=\"5\">\r\n\t<li><strong> SELECCI\u00d3N<\/strong><\/li>\r\n<\/ol>\r\nLa selecci\u00f3n ser\u00e1 realizada por una Comisi\u00f3n nombrada al efecto por el Vicerrector, e integrada por el Vicerrector de Estudiantes, la Directora de Programa Interuniversitario de la Experiencia, y un representante de la Junta de Estudiantes o personas en quien deleguen.\r\n\r\nLa comisi\u00f3n podr\u00e1 concertar una entrevista con los solicitantes, la cual se comunicar\u00e1 por email con antelaci\u00f3n a los preseleccionados.\r\n<ol start=\"6\">\r\n\t<li><strong> NOMBRAMIENTO <\/strong><\/li>\r\n<\/ol>\r\nLa identidad del aspirante seleccionado ser\u00e1 publicada el d\u00eda <strong>11 de noviembre<\/strong>, en el tabl\u00f3n de anuncios del Vicerrectorado de Estudiantes (Edificio de Servicios Universitarios, Campus de Vegazana) en la web del \u00c1rea de Actividades Estudiantiles y en la web de la Universidad.\r\n\r\nEl disfrute de esta estancia es compatible con el de ayudas al estudio del Ministerio de Educaci\u00f3n y Ciencia, Junta de Castilla y Le\u00f3n, y ayudas al estudio por escasez de recursos, e incompatible con el disfrute de otras estancias de colaboraci\u00f3n, o cualquier otra convocada por esta Universidad, o si el estudiante es contribuyente con rendimientos de trabajo.\r\n<ol start=\"7\">\r\n\t<li><strong> RESCISI\u00d3N DE LA ESTANCIA<\/strong><\/li>\r\n<\/ol>\r\nEsta estancia podr\u00e1 ser rescindida por el Vicerrector a propuesta justificada de la Directora del programa, o por incumplimiento de las condiciones generales. El disfrute de esta estancia no presupone la obtenci\u00f3n de un diploma, y no compromete al Vicerrectorado de Estudiantes a posteriores renovaciones.\r\n\r\nSi el estudiante adjudicatario de la estancia renunciara sin causa justificada y documentada no podr\u00e1 optar a la convocatoria de estancias del curso 2015-2016.","protected":false},"excerpt":{"rendered":"<p>CONVOCATORIA PDF OBJETO DE LA ESTANCIA Colaborar en la organizaci\u00f3n y en el funcionamiento de las actividades de las que se ocupa el Programa Interuniversitario de la Universidad de la Experiencia en las sedes de Le\u00f3n y de Ponferrada. DURACI\u00d3N Y DOTACI\u00d3N La estancia de colaboraci\u00f3n tendr\u00e1 una duraci\u00f3n del 19 de noviembre al 19 [&hellip;]<\/p>\n","protected":false},"author":25,"featured_media":0,"parent":0,"menu_order":0,"comment_status":"closed","ping_status":"closed","template":"","meta":{"footnotes":""},"class_list":["post-378","page","type-page","status-publish","hentry"],"_links":{"self":[{"href":"https:\/\/servicios.unileon.es\/actividad-estudiantil\/wp-json\/wp\/v2\/pages\/378","targetHints":{"allow":["GET"]}}],"collection":[{"href":"https:\/\/servicios.unileon.es\/actividad-estudiantil\/wp-json\/wp\/v2\/pages"}],"about":[{"href":"https:\/\/servicios.unileon.es\/actividad-estudiantil\/wp-json\/wp\/v2\/types\/page"}],"author":[{"embeddable":true,"href":"https:\/\/servicios.unileon.es\/actividad-estudiantil\/wp-json\/wp\/v2\/users\/25"}],"replies":[{"embeddable":true,"href":"https:\/\/servicios.unileon.es\/actividad-estudiantil\/wp-json\/wp\/v2\/comments?post=378"}],"version-history":[{"count":3,"href":"https:\/\/servicios.unileon.es\/actividad-estudiantil\/wp-json\/wp\/v2\/pages\/378\/revisions"}],"predecessor-version":[{"id":426,"href":"https:\/\/servicios.unileon.es\/actividad-estudiantil\/wp-json\/wp\/v2\/pages\/378\/revisions\/426"}],"wp:attachment":[{"href":"https:\/\/servicios.unileon.es\/actividad-estudiantil\/wp-json\/wp\/v2\/media?parent=378"}],"curies":[{"name":"wp","href":"https:\/\/api.w.org\/{rel}","templated":true}]}}