{"id":335,"date":"2014-10-15T22:40:23","date_gmt":"2014-10-15T22:40:23","guid":{"rendered":"http:\/\/servicios.unileon.es\/actividad-estudiantil\/?page_id=335"},"modified":"2014-10-23T16:05:08","modified_gmt":"2014-10-23T16:05:08","slug":"formulario-de-solicitud","status":"publish","type":"page","link":"https:\/\/servicios.unileon.es\/actividad-estudiantil\/formulario-de-solicitud\/","title":{"rendered":"FORMULARIO DE SOLICITUD"},"content":{"rendered":"EL PRESENTE FORMULARIO APARECER\u00c1 EXCLUSIVAMENTE SI HAS ACCEDIDO CON TU CUENTA DE ESTUDIANTES DE LA UNIVERSIDAD DE LE\u00d3N.\r\n\r\nEN CASO DE APARECER UN ERROR, DEBER\u00c1S CERRAR TODAS LAS CUENTAS GMAIL QUE TENGAS ABIERTAS Y TRAS ELLO VOLVER A ABRIR ESTA P\u00c1GINA\r\n\r\nLA DOCUMENTACI\u00d3N QUE SE SOLICITE EN EL RESGUARDO QUE TE LLEGAR\u00c1 AL CORREO ELECTR\u00d3NICO <strong>NO SE DEBE ENTREGAR EN PAPEL<\/strong>, SIEMPRE EN RESPUESTA A DICHO CORREO ELECTR\u00d3NICO COMO <strong>ARCHIVOS ADJUNTOS<\/strong>.\r\n\r\n<iframe loading=\"lazy\" src=\"https:\/\/docs.google.com\/a\/unileon.es\/forms\/d\/1x7dnn4DMm3JEQq49zi3hbPlR0or-WVHTKXQrdd9o8gw\/viewform?embedded=true\" width=\"700\" height=\"2300\" frameborder=\"0\" marginwidth=\"0\" marginheight=\"0\">Cargando&#8230;<\/iframe>","protected":false},"excerpt":{"rendered":"<p>EL PRESENTE FORMULARIO APARECER\u00c1 EXCLUSIVAMENTE SI HAS ACCEDIDO CON TU CUENTA DE ESTUDIANTES DE LA UNIVERSIDAD DE LE\u00d3N. EN CASO DE APARECER UN ERROR, DEBER\u00c1S CERRAR TODAS LAS CUENTAS GMAIL QUE TENGAS ABIERTAS Y TRAS ELLO VOLVER A ABRIR ESTA P\u00c1GINA LA DOCUMENTACI\u00d3N QUE SE SOLICITE EN EL RESGUARDO QUE TE LLEGAR\u00c1 AL CORREO ELECTR\u00d3NICO [&hellip;]<\/p>\n","protected":false},"author":25,"featured_media":0,"parent":0,"menu_order":0,"comment_status":"closed","ping_status":"closed","template":"onecolumn-page.php","meta":{"footnotes":""},"class_list":["post-335","page","type-page","status-publish","hentry"],"_links":{"self":[{"href":"https:\/\/servicios.unileon.es\/actividad-estudiantil\/wp-json\/wp\/v2\/pages\/335","targetHints":{"allow":["GET"]}}],"collection":[{"href":"https:\/\/servicios.unileon.es\/actividad-estudiantil\/wp-json\/wp\/v2\/pages"}],"about":[{"href":"https:\/\/servicios.unileon.es\/actividad-estudiantil\/wp-json\/wp\/v2\/types\/page"}],"author":[{"embeddable":true,"href":"https:\/\/servicios.unileon.es\/actividad-estudiantil\/wp-json\/wp\/v2\/users\/25"}],"replies":[{"embeddable":true,"href":"https:\/\/servicios.unileon.es\/actividad-estudiantil\/wp-json\/wp\/v2\/comments?post=335"}],"version-history":[{"count":12,"href":"https:\/\/servicios.unileon.es\/actividad-estudiantil\/wp-json\/wp\/v2\/pages\/335\/revisions"}],"predecessor-version":[{"id":441,"href":"https:\/\/servicios.unileon.es\/actividad-estudiantil\/wp-json\/wp\/v2\/pages\/335\/revisions\/441"}],"wp:attachment":[{"href":"https:\/\/servicios.unileon.es\/actividad-estudiantil\/wp-json\/wp\/v2\/media?parent=335"}],"curies":[{"name":"wp","href":"https:\/\/api.w.org\/{rel}","templated":true}]}}