{"id":325,"date":"2014-10-15T09:42:08","date_gmt":"2014-10-15T09:42:08","guid":{"rendered":"http:\/\/servicios.unileon.es\/actividad-estudiantil\/?page_id=325"},"modified":"2014-10-17T12:11:00","modified_gmt":"2014-10-17T12:11:00","slug":"aulasinformatica","status":"publish","type":"page","link":"https:\/\/servicios.unileon.es\/actividad-estudiantil\/aulasinformatica\/","title":{"rendered":"8 ESTANCIAS DE COLABORACI\u00d3N EN AULAS DE INFORM\u00c1TICA"},"content":{"rendered":"<p style=\"text-align: center;\"><a href=\"https:\/\/drive.google.com\/file\/d\/0Byy6LQTsZIIUNnlWd0s3UlJIeHc\/view?usp=sharing\" target=\"_blank\">CONVOCATORIA PDF<\/a><\/p>\r\n\r\n<ol>\r\n\t<li><strong>OBJETO DE LA ESTANCIA<\/strong><\/li>\r\n<\/ol>\r\nFavorecer el buen uso de las aulas de Inform\u00e1tica, colaborar en su mantenimiento, y actuar como intermediarios entre los responsables de dichas aulas y sus usuarios.\r\n\r\nLa distribuci\u00f3n de las estancias ser\u00e1 en las aulas inform\u00e1ticas de los siguientes centros: Facultad de Veterinaria, Facultad de Cc. Biol\u00f3gicas y Ambientales, Facultad de Derecho, Facultad de Filosof\u00eda y Letras, Facultad de Cc. Econ\u00f3micas y Empresariales, Facultad de Educaci\u00f3n, F.C.A.F.D., Escuela de Ingenier\u00edas Industrial e Inform\u00e1tica, E. S. y T. de Ingenieros de Minas, E. S. y T. de Ingenier\u00eda Agraria, Escuela Universitaria de Cc. De la Salud, Edificio Inform\u00e1tico CRAI-TIC, Colegio Mayor San Isidoro.\r\n<ol start=\"2\">\r\n\t<li><strong>DURACI\u00d3N Y DOTACI\u00d3N DE LA ESTANCIA<\/strong><\/li>\r\n<\/ol>\r\nLa estancia de colaboraci\u00f3n tendr\u00e1 una duraci\u00f3n del <strong>19 de noviembre al 19 de diciembre de 2014 y del 12 de enero al 31 de mayo de 2015<\/strong>, a raz\u00f3n de <strong>10 horas semanales<\/strong> con una ayuda al estudio de <strong>200\u20ac\/mes (excepto enero que ser\u00e1 150\u20ac)<\/strong>.\r\n\r\nEsta estancia est\u00e1 sujeta al impuesto de la Renta de las Personas F\u00edsicas, y en ning\u00fan caso su disfrute tendr\u00e1 efectos jur\u00eddicos-laborales entre el alumno seleccionado y la Universidad de Le\u00f3n, y en consecuencia su concesi\u00f3n no implica ning\u00fan tipo de relaci\u00f3n contractual laboral o administrativa con dicha Universidad.\r\n<ol start=\"3\">\r\n\t<li><strong>REQUISITOS DE LOS ASPIRANTES<\/strong><\/li>\r\n<\/ol>\r\n<em>CONDICIONES GENERALES<\/em>\r\n\r\nEstar matriculado en la Universidad de Le\u00f3n en los cursos segundo o superior de las titulaciones de Grado, o en cualquier curso de las titulaciones de primer o segundo ciclo y posgrado.\r\n\r\nHaber aprobado, como m\u00ednimo, el 50% de las asignaturas\/cr\u00e9ditos en los que se hubiera matriculado en el curso anterior (2013\/2014).\r\n\r\nEstar matriculado, en el presente curso, de un m\u00ednimo de tres asignaturas anuales o 30 cr\u00e9ditos o en su caso del total de cr\u00e9ditos que resten para finalizar su titulaci\u00f3n.\r\n\r\n<em>CONDICIONES ESPEC\u00cdFICAS<\/em>\r\n\r\nSe considerar\u00e1 imprescindible poseer conocimientos y experiencia tanto en el manejo y configuraci\u00f3n de ordenadores, sistemas operativos y programas inform\u00e1ticos b\u00e1sicos.\r\n\r\nSe deber\u00e1 acreditar ante la Comisi\u00f3n nombrada al efecto, tener los conocimientos adecuados realizando una prueba te\u00f3rica y\/o pr\u00e1ctica.\r\n<ol start=\"4\">\r\n\t<li><strong>PRESENTACION DE INSTANCIAS<\/strong><\/li>\r\n<\/ol>\r\nLas instancias, dirigidas al Sr. Vicerrector de Estudiantes, de forma online mediante un formulario que se encuentra disponible en la p\u00e1gina web del \u00c1rea de Actividad Estudiantil hasta las <strong>12 horas del d\u00eda 31 de octubre de 2014<\/strong>. Para ello, se deber\u00e1 rellenar el formulario, y <strong>tras ello recibir\u00e1n un email con las instrucciones a seguir y la documentaci\u00f3n que remitir, <\/strong>la cual deber\u00e1 entregarse antes de las <strong>14h del d\u00eda 31 de octubre<\/strong> <strong>de 2014.<\/strong>\r\n\r\nLa no presentaci\u00f3n o presentaci\u00f3n fuera del plazo marcado por esta convocatoria de la documentaci\u00f3n solicitada supondr\u00e1 la exclusi\u00f3n autom\u00e1tica del proceso selectivo al finalizar el periodo de presentaci\u00f3n de instancias.\r\n<ol start=\"5\">\r\n\t<li><strong>SELECCI\u00d3N DE CANDIDATOS<\/strong><\/li>\r\n<\/ol>\r\n<strong>Todos los solicitantes de la estancia de inform\u00e1tica<\/strong> en 1\u00aa, 2\u00aa, \u00f3 3\u00aa opci\u00f3n, est\u00e1n convocados a la realizaci\u00f3n de una prueba te\u00f3rica y\/o pr\u00e1ctica a la que habr\u00e1 que <strong>acudir con el D.N.I.<\/strong> y tener habilitada la cuenta personal de correo electr\u00f3nico de la Universidad. Se realizar\u00e1 el d\u00eda <strong>5 de Noviembre a las 14.15 h<\/strong>. en el edificio inform\u00e1tico <strong>CRAI-TIC, aulas 001, 002, 101, 102.<\/strong>\r\n\r\nDado que la prueba de apoyo a usuarios se realizar\u00e1 en l\u00ednea ES NECESARIO que, previamente a la realizaci\u00f3n, todos los alumnos que deseen participar en la misma est\u00e9n dados de alta en el servidor <strong>ariadna.unileon.es<\/strong> de la Universidad de Le\u00f3n.\r\n\r\nNO SE PODR\u00c1 REALIZAR EL EXAMEN SI EL SISTEMA NO TE RECONOCE COMO ALUMNO.\r\n\r\nSer\u00e1n valorados los resultados de la prueba, as\u00ed como el expediente acad\u00e9mico y la renta familiar.\r\n\r\nLa selecci\u00f3n ser\u00e1 realizada por una Comisi\u00f3n nombrada al efecto por el Vicerrector, e integrada por el Vicerrector de Estudiantes, Director del \u00c1rea de Innovaci\u00f3n Tecnol\u00f3gica, y un representante de la Junta de Estudiantes o personas en quien deleguen.\r\n<ol start=\"6\">\r\n\t<li><strong>NOMBRAMIENTO DE SELECCIONADOS<\/strong><\/li>\r\n<\/ol>\r\nLa identidad del aspirante seleccionado ser\u00e1 publicada el d\u00eda 11 de noviembre, en el tabl\u00f3n de anuncios del Vicerrectorado de Estudiantes (Edificio de Servicios Universitarios, Campus de Vegazana), en la web de la Universidad y en la web del \u00c1rea de Actividades Estudiantiles.\r\n\r\nEl disfrute de estas estancias es compatible con el de ayudas al estudio del Ministerio de Educaci\u00f3n y Ciencia, Junta de Castilla y Le\u00f3n y ayudas al estudio por escasez de recursos, e incompatible con el disfrute de otras estancias de colaboraci\u00f3n, o cualquier otra convocada por esta Universidad.\r\n<ol start=\"7\">\r\n\t<li><strong>RESCISION Y RENUNCIA DE LAS ESTANCIAS<\/strong><\/li>\r\n<\/ol>\r\nEstas estancias podr\u00e1n ser rescindidas por el Vicerrector de Estudiantes a propuesta justificada del Director del \u00c1rea de Innovaci\u00f3n Tecnol\u00f3gica.\r\n\r\nEl disfrute de una de estas estancias no presupone la obtenci\u00f3n de un diploma, y no compromete al Vicerrectorado de Estudiantes a posteriores renovaciones.\r\n\r\nLos estudiantes a los que se les haya rescindido la estancia, o los que renuncien sin causa justificada y documentada, no podr\u00e1n optar a la convocatoria de estancias en Servicios Universitarios del curso 2015-2016.","protected":false},"excerpt":{"rendered":"<p>CONVOCATORIA PDF OBJETO DE LA ESTANCIA Favorecer el buen uso de las aulas de Inform\u00e1tica, colaborar en su mantenimiento, y actuar como intermediarios entre los responsables de dichas aulas y sus usuarios. La distribuci\u00f3n de las estancias ser\u00e1 en las aulas inform\u00e1ticas de los siguientes centros: Facultad de Veterinaria, Facultad de Cc. Biol\u00f3gicas y Ambientales, [&hellip;]<\/p>\n","protected":false},"author":25,"featured_media":0,"parent":0,"menu_order":0,"comment_status":"closed","ping_status":"closed","template":"","meta":{"footnotes":""},"class_list":["post-325","page","type-page","status-publish","hentry"],"_links":{"self":[{"href":"https:\/\/servicios.unileon.es\/actividad-estudiantil\/wp-json\/wp\/v2\/pages\/325","targetHints":{"allow":["GET"]}}],"collection":[{"href":"https:\/\/servicios.unileon.es\/actividad-estudiantil\/wp-json\/wp\/v2\/pages"}],"about":[{"href":"https:\/\/servicios.unileon.es\/actividad-estudiantil\/wp-json\/wp\/v2\/types\/page"}],"author":[{"embeddable":true,"href":"https:\/\/servicios.unileon.es\/actividad-estudiantil\/wp-json\/wp\/v2\/users\/25"}],"replies":[{"embeddable":true,"href":"https:\/\/servicios.unileon.es\/actividad-estudiantil\/wp-json\/wp\/v2\/comments?post=325"}],"version-history":[{"count":4,"href":"https:\/\/servicios.unileon.es\/actividad-estudiantil\/wp-json\/wp\/v2\/pages\/325\/revisions"}],"predecessor-version":[{"id":394,"href":"https:\/\/servicios.unileon.es\/actividad-estudiantil\/wp-json\/wp\/v2\/pages\/325\/revisions\/394"}],"wp:attachment":[{"href":"https:\/\/servicios.unileon.es\/actividad-estudiantil\/wp-json\/wp\/v2\/media?parent=325"}],"curies":[{"name":"wp","href":"https:\/\/api.w.org\/{rel}","templated":true}]}}