{"id":3015,"date":"2025-11-20T09:16:59","date_gmt":"2025-11-20T07:16:59","guid":{"rendered":"https:\/\/servicios.unileon.es\/actividad-estudiantil\/?page_id=3015"},"modified":"2025-12-19T14:41:23","modified_gmt":"2025-12-19T12:41:23","slug":"convocatoria-del-concurso-fotografico-memoria-de-los-incendios-en-leon-y-el-bierzo-antes-durante-y-despues-de-la-universidad-de-leon","status":"publish","type":"page","link":"https:\/\/servicios.unileon.es\/actividad-estudiantil\/convocatoria-del-concurso-fotografico-memoria-de-los-incendios-en-leon-y-el-bierzo-antes-durante-y-despues-de-la-universidad-de-leon\/","title":{"rendered":"CONVOCATORIA DEL CONCURSO FOTOGR\u00c1FICO MEMORIA DE LOS INCENDIOS EN LE\u00d3N Y EL BIERZO. ANTES, DURANTE Y DESPU\u00c9S DE LA UNIVERSIDAD DE LE\u00d3N"},"content":{"rendered":"<p class=\"p2\"><b>PRESENTACI\u00d3N<\/b><\/p>\r\n<p class=\"p2\">El Vicerrectorado de Estudiantes, Cultura y Deportes de la Universidad de Le\u00f3n, a trav\u00e9s de su \u00c1rea de Cultura, convoca el concurso fotogr\u00e1fico <i>Memoria de los incendios en Le\u00f3n <\/i><i>y el Bierzo. Antes, durante y despu\u00e9s<\/i>, con cargo a la aplicaci\u00f3n 180215\/322D101\/22699 del presupuesto de la instituci\u00f3n, con un m\u00e1ximo de 1.200 \u20ac. El principal objetivo de este concurso es el de conservar la memoria del desastre ecol\u00f3gico provocado por la ola de incendios que afect\u00f3 a la provincia de Le\u00f3n, entre los pasados meses de agosto y septiembre de 2025, y concienciar a la sociedad sobre las importantes p\u00e9rdidas sufridas por el patrimonio natural y cultural de la regi\u00f3n.<\/p>\r\n<p><a href=\"http:\/\/servicios.unileon.es\/actividad-estudiantil\/files\/2025\/11\/certamen_concurso-fotografico-ULE_v5.pdf\">Convocatoria en PDF<\/a><\/p>\r\n<p><a href=\"http:\/\/servicios.unileon.es\/actividad-estudiantil\/files\/2025\/12\/resolucion_certamen_concurso_fotografico_ULE.pdf\"><strong>Resoluci\u00f3n del Concurso<\/strong><\/a><\/p>","protected":false},"excerpt":{"rendered":"<p>PRESENTACI\u00d3N El Vicerrectorado de Estudiantes, Cultura y Deportes de la Universidad de Le\u00f3n, a trav\u00e9s de su \u00c1rea de Cultura, convoca el concurso fotogr\u00e1fico Memoria de los incendios en Le\u00f3n y el Bierzo. Antes, durante y despu\u00e9s, con cargo a la aplicaci\u00f3n 180215\/322D101\/22699 del presupuesto de la instituci\u00f3n, con un m\u00e1ximo de 1.200 \u20ac. El [&hellip;]<\/p>\n","protected":false},"author":378,"featured_media":0,"parent":0,"menu_order":0,"comment_status":"closed","ping_status":"closed","template":"","meta":{"footnotes":""},"class_list":["post-3015","page","type-page","status-publish","hentry"],"_links":{"self":[{"href":"https:\/\/servicios.unileon.es\/actividad-estudiantil\/wp-json\/wp\/v2\/pages\/3015","targetHints":{"allow":["GET"]}}],"collection":[{"href":"https:\/\/servicios.unileon.es\/actividad-estudiantil\/wp-json\/wp\/v2\/pages"}],"about":[{"href":"https:\/\/servicios.unileon.es\/actividad-estudiantil\/wp-json\/wp\/v2\/types\/page"}],"author":[{"embeddable":true,"href":"https:\/\/servicios.unileon.es\/actividad-estudiantil\/wp-json\/wp\/v2\/users\/378"}],"replies":[{"embeddable":true,"href":"https:\/\/servicios.unileon.es\/actividad-estudiantil\/wp-json\/wp\/v2\/comments?post=3015"}],"version-history":[{"count":5,"href":"https:\/\/servicios.unileon.es\/actividad-estudiantil\/wp-json\/wp\/v2\/pages\/3015\/revisions"}],"predecessor-version":[{"id":3037,"href":"https:\/\/servicios.unileon.es\/actividad-estudiantil\/wp-json\/wp\/v2\/pages\/3015\/revisions\/3037"}],"wp:attachment":[{"href":"https:\/\/servicios.unileon.es\/actividad-estudiantil\/wp-json\/wp\/v2\/media?parent=3015"}],"curies":[{"name":"wp","href":"https:\/\/api.w.org\/{rel}","templated":true}]}}