{"id":2943,"date":"2025-06-20T12:43:28","date_gmt":"2025-06-20T10:43:28","guid":{"rendered":"https:\/\/servicios.unileon.es\/actividad-estudiantil\/?page_id=2943"},"modified":"2025-07-24T12:04:36","modified_gmt":"2025-07-24T10:04:36","slug":"ayuda-a-residencia-excelencia-academica-2025-2026","status":"publish","type":"page","link":"https:\/\/servicios.unileon.es\/actividad-estudiantil\/ayuda-a-residencia-excelencia-academica-2025-2026\/","title":{"rendered":"Ayuda a Residencia Excelencia Acad\u00e9mica 2025-2026"},"content":{"rendered":"<p>El Vicerrectorado de Estudiantes, Cultura y Deportes convoca en r\u00e9gimen de concurrencia competitiva, 10 ayudas de residencia para estudiantes matriculados durante el curso acad\u00e9mico 2025-2026 en estudios de Grado oficial en la Universidad de Le\u00f3n.<\/p>\r\n<p>Las ayudas tienen como objetivo abonar durante el curso 2025\/2026, el 75% del total del alojamiento y manutenci\u00f3n en habitaci\u00f3n doble con ba\u00f1o compartido en los Colegio Mayores San Isidoro y La Tebaida (el 25% restante correr\u00e1 a cargo del\/la estudiante\r\nseleccionado\/a).<\/p>\r\n<p><strong>CARACTER\u00cdSTICAS DE LAS AYUDAS<\/strong><\/p>\r\n<p>Se convocan <strong>10 ayudas<\/strong> de Residencia de residencia para estudiantes de Grado, en los siguientes t\u00e9rminos:<\/p>\r\n\r\n<p>Residencia en el Colegio Mayor Universitario San Isidoro (Le\u00f3n) que incluye alojamiento y pensi\u00f3n completa<\/p>\r\n<ul>\r\n    <li>3 ayudas destinadas a estudiantes de nuevo ingreso.<\/li>\r\n    <li>3 ayudas destinadas a estudiantes que renueven.<\/li>\r\n<\/ul>\r\n<p>Residencia en el Colegio Mayor Universitario La Tebaida (Ponferrada) que incluye alojamiento y pensi\u00f3n completa<\/p>\r\n<ul>\r\n    <li>2 ayudas destinadas a estudiantes de nuevo ingreso.<\/li>\r\n    <li>2 ayudas destinadas a estudiantes que renueven.<\/li>\r\n<\/ul>\r\n<p>La duraci\u00f3n de la estancia subvencionada ser\u00e1 de 9 meses. En el supuesto de no permanecer el curso completo en el Colegio se requerir\u00e1 al beneficiario el reintegro total de la ayuda.<\/p>\r\n<p><a href=\"https:\/\/servicios.unileon.es\/actividad-estudiantil\/files\/2025\/06\/convocatoria_ayudas_residencia_excelencia_academica2025_2026.pdf\"><strong>Convocatoria (texto completo)<\/strong><\/a><\/p>\r\n<!--\r\n<p><strong>PLAZO DE PRESENTACI\u00d3N DE INSTANCIAS<\/strong><\/p>\r\n<p>El plazo de presentaci\u00f3n de solicitudes <strong>del 25 de junio al 15 de julio de 2025, a las 14:00 horas<\/strong><\/p>\r\n<p><a href=\"https:\/\/forms.gle\/jGcid4PQQ2cHa77z8\" target=\"_blank\" rel=\"noopener\"><strong>Formulario de solicitud<\/strong><\/a><\/p>\r\n<p><strong>IMPORTANTE:<\/strong> Se recuerda que para poder acceder al formulario todas las cuentas de correo personales deber\u00e1n estar cerradas. El formulario les solicitar\u00e1 previamente que se identifiquen con su correo institucional de la Universidad de Le\u00f3n a menos que en ese momento ya lo tengan abierto en su navegador.<\/p>\r\n-->\r\n<p>&nbsp;<\/p>\r\n<p><strong>RESOLUCI\u00d3N<\/strong><\/p>\r\n<p><a href=\"https:\/\/servicios.unileon.es\/actividad-estudiantil\/files\/2025\/07\/resolucion_provisional_convocatoria_ayudas_residencia_por_excelencia_academica2025_2026.pdf\">Resoluci\u00f3n provisional<\/a><\/p>\r\n<p><a href=\"https:\/\/servicios.unileon.es\/actividad-estudiantil\/files\/2025\/07\/resolucion_definitiva_convocatoria_ayudas_residencia_por_excelencia_academica2025_2026.pdf\"><strong>Resoluci\u00f3n Definitiva<\/strong><\/a><\/p>\r\n\r\n<!--\r\n<p><strong>RESOLUCI\u00d3N DEFINITIVA<\/strong><\/p>\r\n<p><a href=\"https:\/\/servicios.unileon.es\/actividad-estudiantil\/files\/2025\/07\/resolucion_definitiva_convocatoria_ayudas_residencia_excelencia_academica2025_2026.pdf\">Resoluci\u00f3n definitiva.<\/a><\/p>\r\n<p>&nbsp;<\/p>","protected":false},"excerpt":{"rendered":"<p>El Vicerrectorado de Estudiantes, Cultura y Deportes convoca en r\u00e9gimen de concurrencia competitiva, 10 ayudas de residencia para estudiantes matriculados durante el curso acad\u00e9mico 2025-2026 en estudios de Grado oficial en la Universidad de Le\u00f3n. Las ayudas tienen como objetivo abonar durante el curso 2025\/2026, el 75% del total del alojamiento y manutenci\u00f3n en habitaci\u00f3n [&hellip;]<\/p>\n","protected":false},"author":344,"featured_media":0,"parent":0,"menu_order":0,"comment_status":"closed","ping_status":"closed","template":"","meta":{"footnotes":""},"class_list":["post-2943","page","type-page","status-publish","hentry"],"_links":{"self":[{"href":"https:\/\/servicios.unileon.es\/actividad-estudiantil\/wp-json\/wp\/v2\/pages\/2943","targetHints":{"allow":["GET"]}}],"collection":[{"href":"https:\/\/servicios.unileon.es\/actividad-estudiantil\/wp-json\/wp\/v2\/pages"}],"about":[{"href":"https:\/\/servicios.unileon.es\/actividad-estudiantil\/wp-json\/wp\/v2\/types\/page"}],"author":[{"embeddable":true,"href":"https:\/\/servicios.unileon.es\/actividad-estudiantil\/wp-json\/wp\/v2\/users\/344"}],"replies":[{"embeddable":true,"href":"https:\/\/servicios.unileon.es\/actividad-estudiantil\/wp-json\/wp\/v2\/comments?post=2943"}],"version-history":[{"count":8,"href":"https:\/\/servicios.unileon.es\/actividad-estudiantil\/wp-json\/wp\/v2\/pages\/2943\/revisions"}],"predecessor-version":[{"id":2978,"href":"https:\/\/servicios.unileon.es\/actividad-estudiantil\/wp-json\/wp\/v2\/pages\/2943\/revisions\/2978"}],"wp:attachment":[{"href":"https:\/\/servicios.unileon.es\/actividad-estudiantil\/wp-json\/wp\/v2\/media?parent=2943"}],"curies":[{"name":"wp","href":"https:\/\/api.w.org\/{rel}","templated":true}]}}