{"id":2750,"date":"2024-09-20T12:54:11","date_gmt":"2024-09-20T10:54:11","guid":{"rendered":"https:\/\/servicios.unileon.es\/actividad-estudiantil\/?page_id=2750"},"modified":"2025-10-10T08:04:18","modified_gmt":"2025-10-10T06:04:18","slug":"ayudas-adquisicion-de-inmovilizado","status":"publish","type":"page","link":"https:\/\/servicios.unileon.es\/actividad-estudiantil\/ayudas-adquisicion-de-inmovilizado\/","title":{"rendered":"Ayudas adquisici\u00f3n de inmovilizado"},"content":{"rendered":"<p>La presente convocatoria extraordinaria tiene por objeto regular y establecer las bases para la concesi\u00f3n de ayudas destinadas a la adquisici\u00f3n de inmovilizado por parte de las Asociaciones Universitarias, Junta de estudiantes y \u00f3rganos dependientes del \u00e1rea de estudiantes de la Universidad de Le\u00f3n, para el curso 2024-2025.<\/p>\r\n<p><a href=\"https:\/\/servicios.unileon.es\/actividad-estudiantil\/files\/2024\/09\/convocatoria_ayudas_inmovilizado_asociaciones_2024.pdf\">Convocatoria (texto completo) y Anexo I: Memoria Justificada de la Adquisici\u00f3n de Material<\/a><\/p>\r\n<p>Por la presente resoluci\u00f3n se resuelven las AYUDAS A LA ADQUISICI\u00d3N DE INMOVILIZADO PARA ASOCIACIONES UNIVERSITARIAS, JUNTA DE ESTUDIANTES Y \u00d3RGANOS DEPENDIENTES DEL \u00c1REA DE ESTUDIANTES DE LA UNIVERSIDAD DE LE\u00d3N PARA EL CURSO 2024-2025<\/p>\r\n<p><a href=\"https:\/\/servicios.unileon.es\/actividad-estudiantil\/files\/2024\/11\/resolucion_ayudas_inmovilizado_asociaciones_2024.pdf\">Resoluci\u00f3n Provisional de la Convocatoria<\/a><\/p>\r\n<p><a href=\"https:\/\/servicios.unileon.es\/actividad-estudiantil\/files\/2024\/11\/resolucion_definitiva_ayudas_inmovilizado_asociaciones_2024.pdf\"><strong>Resoluci\u00f3n Definitiva de la Convocatoria<\/strong><\/a><\/p>","protected":false},"excerpt":{"rendered":"<p>La presente convocatoria extraordinaria tiene por objeto regular y establecer las bases para la concesi\u00f3n de ayudas destinadas a la adquisici\u00f3n de inmovilizado por parte de las Asociaciones Universitarias, Junta de estudiantes y \u00f3rganos dependientes del \u00e1rea de estudiantes de la Universidad de Le\u00f3n, para el curso 2024-2025. Convocatoria (texto completo) y Anexo I: Memoria [&hellip;]<\/p>\n","protected":false},"author":344,"featured_media":0,"parent":0,"menu_order":0,"comment_status":"closed","ping_status":"closed","template":"","meta":{"footnotes":""},"class_list":["post-2750","page","type-page","status-publish","hentry"],"_links":{"self":[{"href":"https:\/\/servicios.unileon.es\/actividad-estudiantil\/wp-json\/wp\/v2\/pages\/2750","targetHints":{"allow":["GET"]}}],"collection":[{"href":"https:\/\/servicios.unileon.es\/actividad-estudiantil\/wp-json\/wp\/v2\/pages"}],"about":[{"href":"https:\/\/servicios.unileon.es\/actividad-estudiantil\/wp-json\/wp\/v2\/types\/page"}],"author":[{"embeddable":true,"href":"https:\/\/servicios.unileon.es\/actividad-estudiantil\/wp-json\/wp\/v2\/users\/344"}],"replies":[{"embeddable":true,"href":"https:\/\/servicios.unileon.es\/actividad-estudiantil\/wp-json\/wp\/v2\/comments?post=2750"}],"version-history":[{"count":6,"href":"https:\/\/servicios.unileon.es\/actividad-estudiantil\/wp-json\/wp\/v2\/pages\/2750\/revisions"}],"predecessor-version":[{"id":2994,"href":"https:\/\/servicios.unileon.es\/actividad-estudiantil\/wp-json\/wp\/v2\/pages\/2750\/revisions\/2994"}],"wp:attachment":[{"href":"https:\/\/servicios.unileon.es\/actividad-estudiantil\/wp-json\/wp\/v2\/media?parent=2750"}],"curies":[{"name":"wp","href":"https:\/\/api.w.org\/{rel}","templated":true}]}}