{"id":2705,"date":"2024-07-29T12:20:19","date_gmt":"2024-07-29T10:20:19","guid":{"rendered":"https:\/\/servicios.unileon.es\/actividad-estudiantil\/?page_id=2705"},"modified":"2025-06-02T09:28:37","modified_gmt":"2025-06-02T07:28:37","slug":"convocatoria-ayudas-alojamiento-colegio-mayor-san-isidoro-para-deportistas-24-25","status":"publish","type":"page","link":"https:\/\/servicios.unileon.es\/actividad-estudiantil\/convocatoria-ayudas-alojamiento-colegio-mayor-san-isidoro-para-deportistas-24-25\/","title":{"rendered":"Convocatoria Ayudas Alojamiento Colegio Mayor San Isidoro Para Deportistas 24\/25"},"content":{"rendered":"<p style=\"text-align: center;\"><a href=\"https:\/\/servicios.unileon.es\/actividad-estudiantil\/files\/2024\/07\/becas_residencia_clubes_curso_2024_2025_20240729.pdf\">CONVOCATORIA<\/a><\/p>\r\n<p><!-- <\/p>\r\n<p style=\"text-align: center;\"><a href=\"https:\/\/docs.google.com\/forms\/d\/e\/1FAIpQLSfky9NFxPKkuKB2uLAOuMrq4HB-eNvUeklDpMS8Jdz4fsmsUA\/viewform\">FORMULARIO DE INSCRIPCI\u00d3N<\/a><\/p>\r\n<p> --><\/p>\r\n<p class=\"p1\">El Vicerrectorado de Estudiantes, Cultura y Deportes de la Universidad de Le\u00f3n convoca 6 ayudas de alojamiento en el Colegio Mayor San Isidoro para deportistas de la Universidad de Le\u00f3n.<\/p>\r\n<p class=\"p1\"><b>1. OBJETO DE LAS AYUDAS<\/b><\/p>\r\n<p class=\"p1\">Se convocan 6 ayudas de Alojamiento para Deportistas, en los siguientes t\u00e9rminos:<\/p>\r\n<p class=\"p1\">&#8211; Residencia en el Colegio Mayor Universitario San Isidoro que incluye alojamiento y pensi\u00f3n completa.<\/p>\r\n<p><!--<\/p>\r\n<p class=\"p1\"><b>2. IMPORTE TOTAL DE LA CONVOCATORIA<\/b><\/p>\r\n<p class=\"p1\">La concesi\u00f3n de estas ayudas se har\u00e1 con cargo al programa 322D.5.01 y la aplicaci\u00f3n presupuestaria 489.09 del presupuesto de la Universidad de Le\u00f3n para el a\u00f1o 2024, por un importe m\u00e1ximo de treinta mil euros (30.000 \u20ac). En todo caso, la concesi\u00f3n del conjunto de estas ayudas estar\u00e1 supeditada a la existencia de cr\u00e9dito adecuado y suficiente en la referida aplicaci\u00f3n presupuestaria en el momento de la resoluci\u00f3n de la concesi\u00f3n.<\/p>\r\n<p class=\"p1\">No procede prorrateo entre los beneficiarios en determinadas condiciones cuando el presupuesto no alcance para el total de solicitudes y todas o algunas alcancen determinado nivel de puntuaci\u00f3n.<\/p>\r\n<p class=\"p1\"><b>3. REQUISITOS DE LOS SOLICITANTES<\/b><\/p>\r\n<p class=\"p1\">Estar matriculado en la Universidad de Le\u00f3n durante el curso acad\u00e9mico 2024\/2025. Para alumnos de primera matr\u00edcula deber\u00e1n encontrarse en la situaci\u00f3n de admitidos.<\/p>\r\n<p class=\"p1\">Estar matriculado al menos de 40 cr\u00e9ditos en un t\u00edtulo oficial de Grado, M\u00e1ster de la Universidad de Le\u00f3n, a excepci\u00f3n de aquellos alumnos que finalicen estudios. En el caso del Doctorado se requiere la matr\u00edcula a tiempo completo de la Universidad de Le\u00f3n.<\/p>\r\n<p class=\"p1\"><b>4. CONDICIONES GENERALES DE LAS AYUDAS<\/b><\/p>\r\n<p class=\"p1\">El Vicerrectorado de Estudiantes, Cultura y Deportes abonar\u00e1, durante el curso 2024\/2025, el 100 % del total del alojamiento y manutenci\u00f3n en habitaci\u00f3n doble con ba\u00f1o compartido en el Colegio Mayor San Isidoro.<\/p>\r\n<p class=\"p1\"><b>5.- OBLIGACIONES DE LOS BENEFICIARIOS<\/b><\/p>\r\n<p class=\"p1\">Los beneficiarios de las ayudas deber\u00e1n someterse a las actuaciones de comprobaci\u00f3n que pudieran realizar el \u00f3rgano de Selecci\u00f3n.<\/p>\r\n<p class=\"p1\"><b>6. PRESENTACI\u00d3N DE SOLICITUDES<\/b><\/p>\r\n<p class=\"p1\">Las instancias, se dirigir\u00e1n al Sr. Vicerrector de Estudiantes, Cultura y Deportes, de forma online, mediante un <a href=\"https:\/\/docs.google.com\/forms\/d\/e\/1FAIpQLSfky9NFxPKkuKB2uLAOuMrq4HB-eNvUeklDpMS8Jdz4fsmsUA\/viewform\"><b>formulario <\/b><\/a>que se encuentra disponible en la p\u00e1gina web de la Universidad de Le\u00f3n en el apartado de \u00e1rea estudiantil (https:\/\/servicios.unileon.es\/actividad-estudiantil\/).<\/p>\r\n<p class=\"p1\">Para ello, se deber\u00e1 rellenar el formulario y seguir los pasos que en \u00e9l se indican. Solo se podr\u00e1 realizar un intento. Despu\u00e9s de rellenar el cuestionario, y si fuera necesario, los solicitantes recibir\u00e1n un email con las instrucciones a seguir y la documentaci\u00f3n que deben entregar.<\/p>\r\n<p class=\"p1\"><b>7.- DOCUMENTACI\u00d3N REQUERIDA<\/b><\/p>\r\n<p class=\"p1\">La documentaci\u00f3n que acompa\u00f1ar\u00e1 la instancia ser\u00e1:<\/p>\r\n<p class=\"p1\">- Certificado de pertenencia al club<\/p>\r\n<p class=\"p1\">- Certificado DAN\/DAR en vigor, en su caso<\/p>\r\n<p class=\"p1\">- Otra documentaci\u00f3n de inter\u00e9s<\/p>\r\n<p class=\"p1\">El plazo de presentaci\u00f3n finalizar\u00e1 el<b> 28 de agosto de 2024 a las 14:00 horas.<\/b><\/p>\r\n<p>&nbsp;<\/p>\r\n<p>Para mayor informaci\u00f3n, ver el documento de la convocatoria enlazado al principio de esta p\u00e1gina.<br \/>\r\n--><br \/>\r\n\u00a0<\/p>\r\n<p><strong>RESOLUCI\u00d3N<\/strong><\/p>\r\n<p><a href=\"https:\/\/servicios.unileon.es\/actividad-estudiantil\/files\/2024\/09\/resolucion_provisional_ayudas_colegio_mayor_deportistas2024_2025.pdf\">Resoluci\u00f3n Provisional Ayudas de Residencia para estudiantes de excelencia acad\u00e9mica<\/a><\/p>\r\n<p><a href=\"https:\/\/servicios.unileon.es\/actividad-estudiantil\/files\/2024\/09\/resolucion_definitiva_ayudas_colegio_mayor_deportistas2024_2025.pdf\"><strong>Resoluci\u00f3n DEFINITIVA Ayudas de Residencia para estudiantes de excelencia acad\u00e9mica<\/strong><\/a><\/p>","protected":false},"excerpt":{"rendered":"<p>CONVOCATORIA El Vicerrectorado de Estudiantes, Cultura y Deportes de la Universidad de Le\u00f3n convoca 6 ayudas de alojamiento en el Colegio Mayor San Isidoro para deportistas de la Universidad de Le\u00f3n. 1. OBJETO DE LAS AYUDAS Se convocan 6 ayudas de Alojamiento para Deportistas, en los siguientes t\u00e9rminos: &#8211; Residencia en el Colegio Mayor Universitario [&hellip;]<\/p>\n","protected":false},"author":378,"featured_media":0,"parent":0,"menu_order":0,"comment_status":"closed","ping_status":"closed","template":"","meta":{"footnotes":""},"class_list":["post-2705","page","type-page","status-publish","hentry"],"_links":{"self":[{"href":"https:\/\/servicios.unileon.es\/actividad-estudiantil\/wp-json\/wp\/v2\/pages\/2705","targetHints":{"allow":["GET"]}}],"collection":[{"href":"https:\/\/servicios.unileon.es\/actividad-estudiantil\/wp-json\/wp\/v2\/pages"}],"about":[{"href":"https:\/\/servicios.unileon.es\/actividad-estudiantil\/wp-json\/wp\/v2\/types\/page"}],"author":[{"embeddable":true,"href":"https:\/\/servicios.unileon.es\/actividad-estudiantil\/wp-json\/wp\/v2\/users\/378"}],"replies":[{"embeddable":true,"href":"https:\/\/servicios.unileon.es\/actividad-estudiantil\/wp-json\/wp\/v2\/comments?post=2705"}],"version-history":[{"count":8,"href":"https:\/\/servicios.unileon.es\/actividad-estudiantil\/wp-json\/wp\/v2\/pages\/2705\/revisions"}],"predecessor-version":[{"id":2725,"href":"https:\/\/servicios.unileon.es\/actividad-estudiantil\/wp-json\/wp\/v2\/pages\/2705\/revisions\/2725"}],"wp:attachment":[{"href":"https:\/\/servicios.unileon.es\/actividad-estudiantil\/wp-json\/wp\/v2\/media?parent=2705"}],"curies":[{"name":"wp","href":"https:\/\/api.w.org\/{rel}","templated":true}]}}