{"id":27,"date":"2013-03-08T11:40:04","date_gmt":"2013-03-08T11:40:04","guid":{"rendered":"http:\/\/servicios.unileon.es\/actividad-estudiantil\/?page_id=27"},"modified":"2024-09-18T13:29:14","modified_gmt":"2024-09-18T11:29:14","slug":"crear","status":"publish","type":"page","link":"https:\/\/servicios.unileon.es\/actividad-estudiantil\/crear\/","title":{"rendered":"\u00bfQuieres crear tu Asociaci\u00f3n?"},"content":{"rendered":"<p style=\"text-align: center;\"><img decoding=\"async\" class=\"alignnone size-full wp-image-1638\" src=\"http:\/\/servicios.unileon.es\/actividad-estudiantil\/files\/2020\/03\/quieres_crear_una_asociacion.png\" alt=\"\" width=\"500\" srcset=\"https:\/\/servicios.unileon.es\/actividad-estudiantil\/files\/2020\/03\/quieres_crear_una_asociacion.png 741w, https:\/\/servicios.unileon.es\/actividad-estudiantil\/files\/2020\/03\/quieres_crear_una_asociacion-278x300.png 278w\" sizes=\"(max-width: 741px) 100vw, 741px\" \/><\/p>\r\n&nbsp;\r\n\r\nTodos los tr\u00e1mites y el procedimiento se encuentran recogidos en el <a href=\"https:\/\/www.unileon.es\/modelos\/archivo\/norregint\/2019241375790_n_reglamento_asociaciones_estudiantes-2019.pdf\">Reglamento de Asociaciones de la Universidad de Le\u00f3n.<\/a>\r\n\r\n&nbsp;\r\n<h3>Requisitos<\/h3>\r\n<ul>\r\n    <li>Tener como fin la educaci\u00f3n superior, la promoci\u00f3n de la cultura, la defensa de bienes culturales y universitarios, el desarrollo cient\u00edfico, cultural, art\u00edstico y deportivos, la preparaci\u00f3n para el ejercicio de actividades profesionales, el trabajo solidario, la creatividad, el ocio saludable, el cuidado del medio ambiente, la cultura de la paz, la participaci\u00f3n y difusi\u00f3n estudiantil.<\/li>\r\n    <li>No poseer car\u00e1cter pol\u00edtico, deportivo, religioso-confesional o tener \u00e1nimo de lucro.<\/li>\r\n    <li>No estar promovidas por representantes del alumnado en sus diferentes \u00e1mbitos, por asociaciones de antiguos alumnos o asociaciones de voluntariado.<\/li>\r\n    <li>Al menos el 75% de miembros deber\u00e1n ser estudiantes de la Universidad de Le\u00f3n (Presidente y Tesorero de la Junta Directiva, o figuras similares, deben ser estudiantes de la Universidad de Le\u00f3n).<\/li>\r\n<\/ul>\r\n&nbsp;\r\n<h3>Procedimiento<\/h3>\r\nPresentar en el Vicerrectorado de Estudiantes, Cultura y Deportes los siguientes documentos:\r\n<ul>\r\n    <li>Solicitud de inscripci\u00f3n (firmada por el Secretario y visto bueno del Presidente de la asociaci\u00f3n).\r\n<a href=\"https:\/\/servicios.unileon.es\/actividad-estudiantil\/files\/2024\/08\/solicitud_inscripcion_registro_asociaciones_20240820.docx\">Solicitud de inscripci\u00f3n<\/a><\/li>\r\n    <li>Fotocopia del DNI de todos los firmantes.<\/li>\r\n    <li>Copia del Acta Fundacional.\r\n<a href=\"http:\/\/servicios.unileon.es\/actividad-estudiantil\/files\/2020\/03\/modelo_orientativo_acta_fundacional202003.doc\">Modelo Orientativo de acta fundacional<\/a><\/li>\r\n    <li>Estatutos de la Asociaci\u00f3n.\r\n<a href=\"http:\/\/servicios.unileon.es\/actividad-estudiantil\/files\/2020\/03\/modelo_orientativo_estatutos202003.doc\">Modelo Orientativo de Estatutos<\/a><\/li>\r\n    <li>Domicilio Social, previa solicitud y aprobaci\u00f3n por la Facultad o Escuela.\r\n<a href=\"http:\/\/servicios.unileon.es\/actividad-estudiantil\/files\/2020\/03\/modelo_sede_social202003.doc\">Modelo Orientativo de Estatutos<\/a><\/li>\r\n<\/ul>\r\nUna vez comprobada la documentaci\u00f3n, se dar\u00e1 de alta la asociaci\u00f3n y se les asignar\u00e1 una direcci\u00f3n de correo institucional propio, para ello deber\u00e1 solicitarlo en el Vicerrectorado de Estudiantes, Cultura y Deportes.\r\n\r\n&nbsp;\r\n<h3>Informaci\u00f3n adicional<\/h3>\r\nInscripci\u00f3n en el registro de Asociaciones de la Delegaci\u00f3n Territorial de la Junta de Castilla y Le\u00f3n.\r\n\r\n<a href=\"https:\/\/www.jcyl.es\/web\/jcyl\/AdministracionPublica\/es\/Plantilla100\/1139395414188\/_\/_\/_\">INSCRIPCI\u00d3N DEL ACUERDO DE CONSTITUCI\u00d3N DE UNA ENTIDAD SIN \u00c1NIMO DE LUCRO<\/a>","protected":false},"excerpt":{"rendered":"<p>&nbsp; Todos los tr\u00e1mites y el procedimiento se encuentran recogidos en el Reglamento de Asociaciones de la Universidad de Le\u00f3n. &nbsp; Requisitos Tener como fin la educaci\u00f3n superior, la promoci\u00f3n de la cultura, la defensa de bienes culturales y universitarios, el desarrollo cient\u00edfico, cultural, art\u00edstico y deportivos, la preparaci\u00f3n para el ejercicio de actividades profesionales, [&hellip;]<\/p>\n","protected":false},"author":25,"featured_media":0,"parent":0,"menu_order":0,"comment_status":"closed","ping_status":"closed","template":"","meta":{"footnotes":""},"class_list":["post-27","page","type-page","status-publish","hentry"],"_links":{"self":[{"href":"https:\/\/servicios.unileon.es\/actividad-estudiantil\/wp-json\/wp\/v2\/pages\/27","targetHints":{"allow":["GET"]}}],"collection":[{"href":"https:\/\/servicios.unileon.es\/actividad-estudiantil\/wp-json\/wp\/v2\/pages"}],"about":[{"href":"https:\/\/servicios.unileon.es\/actividad-estudiantil\/wp-json\/wp\/v2\/types\/page"}],"author":[{"embeddable":true,"href":"https:\/\/servicios.unileon.es\/actividad-estudiantil\/wp-json\/wp\/v2\/users\/25"}],"replies":[{"embeddable":true,"href":"https:\/\/servicios.unileon.es\/actividad-estudiantil\/wp-json\/wp\/v2\/comments?post=27"}],"version-history":[{"count":27,"href":"https:\/\/servicios.unileon.es\/actividad-estudiantil\/wp-json\/wp\/v2\/pages\/27\/revisions"}],"predecessor-version":[{"id":2743,"href":"https:\/\/servicios.unileon.es\/actividad-estudiantil\/wp-json\/wp\/v2\/pages\/27\/revisions\/2743"}],"wp:attachment":[{"href":"https:\/\/servicios.unileon.es\/actividad-estudiantil\/wp-json\/wp\/v2\/media?parent=27"}],"curies":[{"name":"wp","href":"https:\/\/api.w.org\/{rel}","templated":true}]}}