{"id":2582,"date":"2024-03-08T14:36:13","date_gmt":"2024-03-08T12:36:13","guid":{"rendered":"https:\/\/servicios.unileon.es\/actividad-estudiantil\/?page_id=2582"},"modified":"2026-02-02T12:29:43","modified_gmt":"2026-02-02T10:29:43","slug":"consejo-de-estudiantes","status":"publish","type":"page","link":"https:\/\/servicios.unileon.es\/actividad-estudiantil\/consejo-de-estudiantes\/","title":{"rendered":"Consejo de Estudiantes"},"content":{"rendered":"<p>El Consejo de Estudiantes de la Universidad de Le\u00f3n (CEULE) es el m\u00e1ximo \u00f3rgano de representaci\u00f3n estudiantil de la Universidad de Le\u00f3n. Integrada por estudiantes de todos los centros, unificando y coordinando la representaci\u00f3n estudiantil en los distintos \u00f3rganos de gobierno de la universidad.<\/p>\r\n\r\n<p>Contacto: <a href=\"mailto:recjeule@unileon.es\"><strong>recjeule@unileon.es<\/strong><\/a> \/\/ <strong>987 29 16 49<\/strong><\/p>\r\n\r\n<h2>Comisi\u00f3n Ejecutiva del Consejo de Estudiantes:<\/h2>\r\n<br \/>\r\n<div class=\"libros\" style=\"padding: 10px;\">\r\n    <p><strong>Presidencia:<\/strong> Gonzalo Rivera Cueva &#8211; Escuela de Ingenier\u00edas Industrial, Inform\u00e1tica y Aeroespacial.<\/p>\r\n    <p><em>Funciones:<\/em> Actuar como el principal representante del estudiantado, abogando por sus derechos e intereses ante las autoridades acad\u00e9micas y administrativas. Coordinar actividades estudiantiles, negociar con los activos universitarios para mejorar las condiciones acad\u00e9micas y promocionar beneficios para los estudiantes de la Universidad de Le\u00f3n.<\/p>\r\n    <p>Contacto: <a href=\"mailto:grivec00@estudiantes.unileon.es\">grivec00@estudiantes.unileon.es<\/a><\/p>\r\n<\/div>\r\n\r\n<br \/>\r\n\r\n<div class=\"libros\" style=\"padding: 10px\">\r\n    <p><strong>Secretar\u00eda:<\/strong> Mar\u00eda Hern\u00e1ndez Gord\u00f3n &#8211; Facultad de Ciencias Biol\u00f3gicas y Ambientales.<\/p>\r\n    <p><em>Funciones:<\/em> Ejercer la labor fedataria de los actos y acuerdos, y levantar, suscribir, guardar y clasificar las actas de todas las sesiones del Pleno del Consejo de Estudiantes y de la Comisi\u00f3n Ejecutiva. Dar publicidad y velar por el cumplimiento de todos y cada uno de los acuerdos del Pleno y de la Comisi\u00f3n Ejecutiva. Expedir todas aquellas certificaciones que sean competencia del Consejo de Estudiantes.<\/p>\r\n    <p>Contacto: <a href=\"mailto:mherng09@estudiantes.unileon.es\">mherng09@estudiantes.unileon.es<\/a><\/p>\r\n<\/div>\r\n\r\n<br \/>\r\n\r\n<div class=\"libros\" style=\"padding: 10px\">\r\n    <p><strong>Tesorer\u00eda:<\/strong> Carlos \u00c1lvarez G\u00f3mez &#8211; Escuela Superior y T\u00e9cnica de Ingenieros de Minas.<\/p>\r\n    <p><em>Funciones:<\/em> Gestionar de manera eficiente los recursos financieros destinados a actividades y proyectos estudiantiles. Colaborar estrechamente con el resto del Consejo para garantizar que los recursos se asignen de manera equitativa y se utilicen de forma efectiva.<\/p>\r\n    <p>Contacto: <a href=\"mailto:calvag08@estudiantes.unileon.es\">calvag08@estudiantes.unileon.es<\/a><\/p>\r\n<\/div>\r\n\r\n<br \/>\r\n\r\n<div class=\"libros\" style=\"padding: 10px\">\r\n    <p><strong>Vicepresidencia de Relaciones Internas, Acci\u00f3n Cultural y Proyecci\u00f3n Social:<\/strong> Aritz Amor Moreno \u2013 Facultad de Filosof\u00eda y Letras.<\/p>\r\n    <p><em>Funciones:<\/em>: Responsable de articular las relaciones internas del Consejo y asegurar una comunicaci\u00f3n constante con las delegaciones. Lidera la dinamizaci\u00f3n cultural en el entorno universitario y act\u00faa como garante de los derechos estudiantiles, con especial enfoque en la igualdad y el fortalecimiento del v\u00ednculo entre la instituci\u00f3n y la sociedad.<\/p>\r\n    <p>Contacto: <a href=\"mailto:aamorm00@estudiantes.unileon.es\">aamorm00@estudiantes.unileon.es<\/a><\/p>\r\n<\/div>\r\n\r\n<br \/>\r\n\r\n<div class=\"libros\" style=\"padding: 10px\">\r\n    <p><strong>Vicepresidencia de Relaciones Externas y Pol\u00edtica Universitaria:<\/strong> Vicepresidencia de Relaciones Externas y Pol\u00edtica Universitaria<\/p>\r\n    <p><em>Funciones:<\/em> Coordinaci\u00f3n de alianzas estrat\u00e9gicas con otros consejos de estudiantes, as\u00ed como la representaci\u00f3n oficial del CEULE en actos y foros externos. Asimismo, act\u00faa como \u00f3rgano consultivo encargado de analizar el marco normativo vigente y elevar al Pleno propuestas de modificaciones legislativas que garanticen la mejora de la vida universitaria.<\/p>\r\n    <p>Contacto: <a href=\"mailto:ccuend00@estudiantes.unileon.es\">ccuend00@estudiantes.unileon.es<\/a><\/p>\r\n<\/div>\r\n\r\n<br \/>\r\n\r\n\r\n<div class=\"libros\" style=\"padding: 10px\">\r\n    <p><strong>Consejer\u00eda del Campus de Ponferrada:<\/strong> Juan Alonso S\u00e1nchez \u2013 Facultad de Ciencias de la Salud.<\/p>\r\n    <p><em>Funciones:<\/em> Articular y liderar la representaci\u00f3n estudiantil en el Campus de Ponferrada, garantizando que las necesidades de sus alumnos sean escuchadas en los \u00f3rganos centrales. Su labor se centra en dinamizar la experiencia universitaria a trav\u00e9s del fomento del asociacionismo y el impulso de actividades que fortalezcan el sentido de comunidad y la participaci\u00f3n activa en el campus.<\/p>\r\n    <p>Contacto: <a href=\"mailto:jalons05@estudiantes.unileon.es\">jalons05@estudiantes.unileon.es<\/a><\/p>\r\n<\/div>\r\n\r\n<br \/>\r\n\r\n<div class=\"libros\" style=\"padding: 10px\">\r\n    <p><strong>Consejer\u00eda de Normativa y Apoyo a la Secretar\u00eda:<\/strong> M\u00f3nica Alonso \u00c1lvarez \u2013 Facultad de Filosof\u00eda y Letras.<\/p>\r\n    <p><em>Funciones:<\/em> Adecuaci\u00f3n normativa de todos los procesos del Consejo. Se encarga de brindar soporte t\u00e9cnico y administrativo a la Secretar\u00eda, velando por el cumplimiento de los reglamentos internos y asesorando en la redacci\u00f3n de actas, resoluciones y documentos oficiales para asegurar su validez jur\u00eddica.<\/p>\r\n    <p>Contacto: <a href=\"mailto:malona14@estudiantes.unileon.es\">malona14@estudiantes.unileon.es<\/a><\/p>\r\n<\/div>\r\n\r\n<br \/>\r\n\r\n<div class=\"libros\" style=\"padding: 10px\">\r\n    <p><strong>Consejer\u00eda de Vida Saludable y Sostenibilidad<\/strong><\/p>\r\n    <p><em>Funciones:<\/em> Integrar los valores de bienestar y respeto al medio ambiente en el tejido universitario. Se encarga de dise\u00f1ar y promover iniciativas que fomenten h\u00e1bitos de vida saludables, as\u00ed como de liderar la transici\u00f3n hacia un campus m\u00e1s sostenible, impulsando pol\u00edticas de reducci\u00f3n de impacto ambiental y concienciaci\u00f3n ecol\u00f3gica entre el estudiantado.<\/p>\r\n    <p>Contacto: <a href=\"mailto:recjeule@unileon.es\">recjeule@unileon.es<\/a><\/p>\r\n<\/div>\r\n\r\n<br \/>\r\n\r\n<div class=\"libros\" style=\"padding: 10px\">\r\n    <p><strong>Consejer\u00eda de Asociaciones y Vida Universitaria:<\/strong> Mar\u00eda Criado Rodr\u00edguez \u2013 Facultad de Educaci\u00f3n.<\/p>\r\n    <p><em>Funciones:<\/em> El impulso al tejido asociativo del centro. Su funci\u00f3n es facilitar los recursos y el asesoramiento necesarios para que las asociaciones estudiantiles prosperen, fomentando una vida universitaria activa, diversa y participativa. Se encarga de coordinar las iniciativas que nacen del estudiantado, asegurando que el campus sea un espacio de encuentro y desarrollo integral m\u00e1s all\u00e1 de las aulas.<\/p>\r\n    <p>Contacto: <a href=\"mailto:mcriar00@estudiantes.unileon.es\">mcriar00@estudiantes.unileon.es<\/a><\/p>\r\n<\/div>\r\n\r\n<br \/>\r\n\r\n<div class=\"libros\" style=\"padding: 10px\">\r\n    <p><strong>Consejer\u00eda de Pr\u00e1cticas y Empleabilidad:<\/strong> Marina Pel\u00e1ez Men\u00e9ndez \u2013 Facultad de Ciencias de la Actividad F\u00edsica y del Deporte.<\/p>\r\n    <p><em>Funciones:<\/em> Facilitar la transici\u00f3n del estudiantado al mercado laboral. Se encarga de supervisar la calidad de los programas de pr\u00e1cticas curriculares y extracurriculares, adem\u00e1s de impulsar la empleabilidad mediante la creaci\u00f3n de redes de contacto, ferias de empleo y actividades de formaci\u00f3n en competencias transversales que preparen a los alumnos para los retos profesionales actuales.<\/p>\r\n    <p>Contacto: <a href=\"mailto:mpelam01@estudiantes.unileon.es\">mpelam01@estudiantes.unileon.es<\/a><\/p>\r\n<\/div>\r\n\r\n<br \/>\r\n\r\n<div class=\"libros\" style=\"padding: 10px\">\r\n    <p><strong>Consejer\u00eda de Redes Sociales y Comunicaci\u00f3n:<\/strong> Ainhoa Mateos Serrano \u2013 Facultad de Veterinaria.<\/p>\r\n    <p><em>Funciones:<\/em> Responsable de dise\u00f1ar y ejecutar la estrategia de comunicaci\u00f3n digital del Consejo. Su funci\u00f3n principal es garantizar la transparencia institucional mediante la difusi\u00f3n de acuerdos, eventos y noticias de inter\u00e9s. Act\u00faa como el canal bidireccional de comunicaci\u00f3n entre la organizaci\u00f3n y el estudiantado, asegurando que la informaci\u00f3n sea accesible, veraz y se adapte a los nuevos lenguajes digitales.<\/p>\r\n    <p>Contacto: <a href=\"mailto:amates00@estudiantes.unileon.es\">amates00@estudiantes.unileon.es<\/a><\/p>\r\n<\/div>\r\n\r\n<br \/>\r\n\r\n<div class=\"libros\" style=\"padding: 10px\">\r\n    <p><strong>Consejer\u00eda de Internacionales y Compromiso Global:<\/strong> Ignacio Barredo Somarriba \u2013 Facultad de Ciencias Econ\u00f3micas y Empresariales.<\/p>\r\n    <p><em>Funciones:<\/em>: Fortalecer la presencia del estudiantado en el \u00e1mbito internacional y promover una visi\u00f3n global dentro del campus. Se encarga de supervisar y apoyar los programas de movilidad (como Erasmus+ o convenios bilaterales), asegurando una acogida integradora para los estudiantes internacionales y fomentando el compromiso de la comunidad universitaria con los Grandes Desaf\u00edos Globales y el desarrollo sostenible.<\/p>\r\n    <p>Contacto: <a href=\"mailto:ibarrs00@estudiantes.unileon.es\">ibarrs00@estudiantes.unileon.es<\/a><\/p>\r\n<\/div>\r\n\r\n<p>&nbsp;<\/p>\r\n\r\n<h3>MISI\u00d3N<\/h3>\r\n\r\n<p>Nuestra misi\u00f3n es representar y promover los intereses, derechos y bienestar del estudiantado de la Universidad de Le\u00f3n, sirviendo como un v\u00ednculo efectivo entre el colectivo estudiantil y las instancias acad\u00e9micas y administrativas. Nos comprometemos a ser la voz activa que abogue por una educaci\u00f3n gratuita, inclusiva, y de calidad, impulsando un entorno universitario que fomente el aprendizaje, el respeto y la participaci\u00f3n estudiantil.<\/p>\r\n\r\n<p>&nbsp;<\/p>\r\n\r\n<h3>VISI\u00d3N<\/h3>\r\n\r\n<p>Nos proyectamos como un Consejo de Estudiantes l\u00edder, reconocida por su influencia positiva en la configuraci\u00f3n de pol\u00edticas universitarias, contribuyendo al desarrollo integral de los estudiantes. Aspiramos a ser un catalizador de cambios que fortalezcan la comunidad estudiantil, promoviendo la colaboraci\u00f3n, la diversidad y el compromiso c\u00edvico. Buscamos una Universidad de Le\u00f3n donde cada estudiante se sienta valorado y respaldado en su proceso educativo, as\u00ed como buscamos generar un sentimiento de pertenencia y participaci\u00f3n activa entre el estudiantado.<\/p>\r\n\r\n<p>&nbsp;<\/p>\r\n\r\n<h3>VALORES<\/h3>\r\n\r\n<p><strong>Representatividad:<\/strong> Abogamos por la inclusi\u00f3n y diversidad, asegurando que todas las voces y perspectivas del estudiantado sean escuchadas y consideradas.<\/p>\r\n<p><strong>Participaci\u00f3n:<\/strong> Fomentamos la involucraci\u00f3n activa de los estudiantes en la vida universitaria, promoviendo oportunidades para contribuir al desarrollo acad\u00e9mico y social.<\/p>\r\n<p><strong>Responsabilidad:<\/strong> Cumplimos con nuestro deber de representar a la comunidad estudiantil de manera \u00e9tica y profesional, velando por el bienestar com\u00fan y el respeto mutuo.<\/p>\r\n<p><strong>Colaboraci\u00f3n:<\/strong> Trabajamos en estrecha colaboraci\u00f3n con las autoridades acad\u00e9micas, el Rectorado y otros \u00f3rganos de gobierno para construir un entorno universitario m\u00e1s justo y eficiente.<\/p>\r\n<p><strong>Calidad:<\/strong> Buscamos la excelencia en todas nuestras acciones, promoviendo la calidad en la representaci\u00f3n estudiantil, la participaci\u00f3n activa y la b\u00fasqueda constante de mejoras en la experiencia acad\u00e9mica y universitaria.<\/p>\r\n<p><strong>Perseverancia:<\/strong> Mantenemos un compromiso constante y firme en la consecuci\u00f3n de nuestros objetivos, superando obst\u00e1culos y desaf\u00edos con determinaci\u00f3n para lograr mejoras significativas en la vida estudiantil y acad\u00e9mica.<\/p>\r\n<p><strong>Autocr\u00edtica:<\/strong> Procuramos escuchar todas las demandas del estudiantado, abriendo v\u00edas de comunicaci\u00f3n directa para recibir las consideraciones que nos permitan trabajar para mejorar. Procuramos actuar siempre con prudencia y decisi\u00f3n, respetando los principios de la Junta, as\u00ed como la integridad del estudiantado. Estamos en un constante proceso de revisi\u00f3n para ofrecer una atenci\u00f3n humana, un trato cercano y desarrollar nuestra capacidad de resoluci\u00f3n de conflictos.<\/p>","protected":false},"excerpt":{"rendered":"<p>El Consejo de Estudiantes de la Universidad de Le\u00f3n (CEULE) es el m\u00e1ximo \u00f3rgano de representaci\u00f3n estudiantil de la Universidad de Le\u00f3n. Integrada por estudiantes de todos los centros, unificando y coordinando la representaci\u00f3n estudiantil en los distintos \u00f3rganos de gobierno de la universidad. Contacto: recjeule@unileon.es \/\/ 987 29 16 49 Comisi\u00f3n Ejecutiva del Consejo [&hellip;]<\/p>\n","protected":false},"author":344,"featured_media":0,"parent":0,"menu_order":0,"comment_status":"closed","ping_status":"closed","template":"","meta":{"footnotes":""},"class_list":["post-2582","page","type-page","status-publish","hentry"],"_links":{"self":[{"href":"https:\/\/servicios.unileon.es\/actividad-estudiantil\/wp-json\/wp\/v2\/pages\/2582","targetHints":{"allow":["GET"]}}],"collection":[{"href":"https:\/\/servicios.unileon.es\/actividad-estudiantil\/wp-json\/wp\/v2\/pages"}],"about":[{"href":"https:\/\/servicios.unileon.es\/actividad-estudiantil\/wp-json\/wp\/v2\/types\/page"}],"author":[{"embeddable":true,"href":"https:\/\/servicios.unileon.es\/actividad-estudiantil\/wp-json\/wp\/v2\/users\/344"}],"replies":[{"embeddable":true,"href":"https:\/\/servicios.unileon.es\/actividad-estudiantil\/wp-json\/wp\/v2\/comments?post=2582"}],"version-history":[{"count":19,"href":"https:\/\/servicios.unileon.es\/actividad-estudiantil\/wp-json\/wp\/v2\/pages\/2582\/revisions"}],"predecessor-version":[{"id":3043,"href":"https:\/\/servicios.unileon.es\/actividad-estudiantil\/wp-json\/wp\/v2\/pages\/2582\/revisions\/3043"}],"wp:attachment":[{"href":"https:\/\/servicios.unileon.es\/actividad-estudiantil\/wp-json\/wp\/v2\/media?parent=2582"}],"curies":[{"name":"wp","href":"https:\/\/api.w.org\/{rel}","templated":true}]}}