{"id":2525,"date":"2023-07-10T13:40:38","date_gmt":"2023-07-10T11:40:38","guid":{"rendered":"https:\/\/servicios.unileon.es\/actividad-estudiantil\/?page_id=2525"},"modified":"2025-06-20T12:41:01","modified_gmt":"2025-06-20T10:41:01","slug":"ayudas-residencia-excelencia-academica-2024-25","status":"publish","type":"page","link":"https:\/\/servicios.unileon.es\/actividad-estudiantil\/ayudas-residencia-excelencia-academica-2024-25\/","title":{"rendered":"Ayudas Residencia Excelencia Acad\u00e9mica 2024\/25"},"content":{"rendered":"<p><strong>CARACTER\u00cdSTICAS DE LAS AYUDAS<\/strong><\/p>\r\n<p>&#8211; Se convocan <strong>6 ayudas<\/strong> de Residencia en el <strong>Colegio Mayor Universitario San Isidoro<\/strong> para estudiantes de Grado, en los siguientes t\u00e9rminos:<\/p>\r\n<ul>\r\n\t<li>3 ayudas destinadas a estudiantes de primer curso.<\/li>\r\n\t<li>3 ayudas destinadas a estudiantes de cursos superiores.<\/li>\r\n<\/ul>\r\n<p>&#8211; Se convocan <strong>3 Ayudas<\/strong> de Residencia en el <strong>Colegio Mayor Universitario La Tebaida<\/strong> para estudiantes de Grado<\/p>\r\n<p>&nbsp;<\/p>\r\n<p>El Vicerrectorado de Estudiantes, Cultura y Deportes abonar\u00e1 durante el curso 2024\/2025, el 75% del total del alojamiento y manutenci\u00f3n en habitaci\u00f3n doble con ba\u00f1o compartido en los Colegios , el 25% restante correr\u00e1 a cargo del estudiante seleccionado.<\/p>\r\n<p>En el supuesto de no permanecer el curso completo en el Colegio, se requerir\u00e1 al beneficiario el reintegro total de la ayuda.<\/p>\r\n<p><a href=\"https:\/\/servicios.unileon.es\/actividad-estudiantil\/files\/2024\/07\/convocatoria_ayudas_residencia_excelencia_academica2024_2025.pdf\">Convocatoria (texto completo)<\/a><\/p>\r\n<p><strong>PLAZO DE PRESENTACI\u00d3N DE INSTANCIAS<\/strong><\/p>\r\n<p>El plazo de presentaci\u00f3n de solicitudes finaliza el <strong>el 18 de julio de 2024, a las 14:00 horas<\/strong><\/p>\r\n<p><a href=\"https:\/\/forms.gle\/oYRu9pJaunHHkrTG6\" target=\"_blank\" rel=\"noopener\"><strong>Formulario de solicitud<\/strong><\/a><\/p>\r\n<p><strong>IMPORTANTE:<\/strong> Se recuerda que para poder acceder al formulario todas las cuentas de correo personales deber\u00e1n estar cerradas. El formulario les solicitar\u00e1 previamente que se identifiquen con su correo institucional de la Universidad de Le\u00f3n a menos que en ese momento ya lo tengan abierto en su navegador.<\/p>\r\n<p><strong>RESOLUCI\u00d3N PROVISIONAL<\/strong><\/p>\r\n<p><a href=\"https:\/\/servicios.unileon.es\/actividad-estudiantil\/files\/2024\/07\/resolucion_provisional_convocatoria_ayudas_residencia_excelencia_academica2024_2025.pdf\">Resoluci\u00f3n provisional.<\/a><\/p>\r\n<p><strong>RESOLUCI\u00d3N DEFINITIVA<\/strong><\/p>\r\n<p><a href=\"https:\/\/servicios.unileon.es\/actividad-estudiantil\/files\/2024\/07\/resolucion_definitiva_convocatoria_ayudas_residencia_excelencia_academica2024_2025.pdf\">Resoluci\u00f3n definitiva.<\/a><\/p>\r\n<p>&nbsp;<\/p>\r\n<p><!--<br \/>\r\n<strong>RESOLUCI\u00d3N<\/strong><\/p>\r\n<p><a href=\"https:\/\/servicios.unileon.es\/actividad-estudiantil\/files\/2023\/07\/Resolucion_Definitiva_Ayudas_residencia_excelencia_academica_2023-24.pdf\">Resoluci\u00f3n definitiva<\/a><\/p>\r\n<p>--><\/p>","protected":false},"excerpt":{"rendered":"<p>CARACTER\u00cdSTICAS DE LAS AYUDAS &#8211; Se convocan 6 ayudas de Residencia en el Colegio Mayor Universitario San Isidoro para estudiantes de Grado, en los siguientes t\u00e9rminos: 3 ayudas destinadas a estudiantes de primer curso. 3 ayudas destinadas a estudiantes de cursos superiores. &#8211; Se convocan 3 Ayudas de Residencia en el Colegio Mayor Universitario La [&hellip;]<\/p>\n","protected":false},"author":378,"featured_media":0,"parent":0,"menu_order":0,"comment_status":"closed","ping_status":"closed","template":"","meta":{"footnotes":""},"class_list":["post-2525","page","type-page","status-publish","hentry"],"_links":{"self":[{"href":"https:\/\/servicios.unileon.es\/actividad-estudiantil\/wp-json\/wp\/v2\/pages\/2525","targetHints":{"allow":["GET"]}}],"collection":[{"href":"https:\/\/servicios.unileon.es\/actividad-estudiantil\/wp-json\/wp\/v2\/pages"}],"about":[{"href":"https:\/\/servicios.unileon.es\/actividad-estudiantil\/wp-json\/wp\/v2\/types\/page"}],"author":[{"embeddable":true,"href":"https:\/\/servicios.unileon.es\/actividad-estudiantil\/wp-json\/wp\/v2\/users\/378"}],"replies":[{"embeddable":true,"href":"https:\/\/servicios.unileon.es\/actividad-estudiantil\/wp-json\/wp\/v2\/comments?post=2525"}],"version-history":[{"count":11,"href":"https:\/\/servicios.unileon.es\/actividad-estudiantil\/wp-json\/wp\/v2\/pages\/2525\/revisions"}],"predecessor-version":[{"id":2942,"href":"https:\/\/servicios.unileon.es\/actividad-estudiantil\/wp-json\/wp\/v2\/pages\/2525\/revisions\/2942"}],"wp:attachment":[{"href":"https:\/\/servicios.unileon.es\/actividad-estudiantil\/wp-json\/wp\/v2\/media?parent=2525"}],"curies":[{"name":"wp","href":"https:\/\/api.w.org\/{rel}","templated":true}]}}