{"id":2071,"date":"2021-10-19T11:45:18","date_gmt":"2021-10-19T09:45:18","guid":{"rendered":"https:\/\/servicios.unileon.es\/actividad-estudiantil\/?page_id=2071"},"modified":"2025-03-25T18:02:15","modified_gmt":"2025-03-25T16:02:15","slug":"programa-de-apoyo-psicologico","status":"publish","type":"page","link":"https:\/\/servicios.unileon.es\/actividad-estudiantil\/programa-de-apoyo-psicologico\/","title":{"rendered":"Programa de apoyo psicol\u00f3gico"},"content":{"rendered":"<div class=\"libros\">\r\n\r\n<a href=\"http:\/\/servicios.unileon.es\/actividad-estudiantil\/files\/2025\/03\/servicio_apoyo_psicologico_ule.png\"><img decoding=\"async\" class=\"alignnone\" style=\"width: 568px;\" src=\"http:\/\/servicios.unileon.es\/actividad-estudiantil\/files\/2025\/03\/servicio_apoyo_psicologico_ule.png\" alt=\"Apoyo psicol\u00f3gico\" \/><\/a>\r\n\r\nEl programa de Apoyo Psicol\u00f3gico brinda asesoramiento a los estudiantes de la Universidad de Le\u00f3n (Campus de Vegazana y Campus de Ponferrada) y, en su caso, canalizaci\u00f3n hacia otros recursos con la finalidad de ayudar a superar problemas o dificultades relacionados con la salud mental.\r\n<!-- <p style=\"text-align: left;\"><a href=\"https:\/\/forms.gle\/gEZRvmYEAvPP1Wjq9\" target=\"_blank\" rel=\"noopener\">Programa de apoyo psicol\u00f3gico en grupo <\/a><\/p> -->\r\n<p style=\"text-align: left;\"><a href=\"https:\/\/forms.gle\/nt4iWUEmoda8W5Sk6\">Programa de apoyo psicol\u00f3gico individualizado<\/a><\/p>\r\n\r\n<\/div>","protected":false},"excerpt":{"rendered":"<p>El programa de Apoyo Psicol\u00f3gico brinda asesoramiento a los estudiantes de la Universidad de Le\u00f3n (Campus de Vegazana y Campus de Ponferrada) y, en su caso, canalizaci\u00f3n hacia otros recursos con la finalidad de ayudar a superar problemas o dificultades relacionados con la salud mental. Programa de apoyo psicol\u00f3gico individualizado<\/p>\n","protected":false},"author":25,"featured_media":2078,"parent":0,"menu_order":0,"comment_status":"closed","ping_status":"closed","template":"","meta":{"footnotes":""},"class_list":["post-2071","page","type-page","status-publish","has-post-thumbnail","hentry"],"_links":{"self":[{"href":"https:\/\/servicios.unileon.es\/actividad-estudiantil\/wp-json\/wp\/v2\/pages\/2071","targetHints":{"allow":["GET"]}}],"collection":[{"href":"https:\/\/servicios.unileon.es\/actividad-estudiantil\/wp-json\/wp\/v2\/pages"}],"about":[{"href":"https:\/\/servicios.unileon.es\/actividad-estudiantil\/wp-json\/wp\/v2\/types\/page"}],"author":[{"embeddable":true,"href":"https:\/\/servicios.unileon.es\/actividad-estudiantil\/wp-json\/wp\/v2\/users\/25"}],"replies":[{"embeddable":true,"href":"https:\/\/servicios.unileon.es\/actividad-estudiantil\/wp-json\/wp\/v2\/comments?post=2071"}],"version-history":[{"count":20,"href":"https:\/\/servicios.unileon.es\/actividad-estudiantil\/wp-json\/wp\/v2\/pages\/2071\/revisions"}],"predecessor-version":[{"id":2879,"href":"https:\/\/servicios.unileon.es\/actividad-estudiantil\/wp-json\/wp\/v2\/pages\/2071\/revisions\/2879"}],"wp:featuredmedia":[{"embeddable":true,"href":"https:\/\/servicios.unileon.es\/actividad-estudiantil\/wp-json\/wp\/v2\/media\/2078"}],"wp:attachment":[{"href":"https:\/\/servicios.unileon.es\/actividad-estudiantil\/wp-json\/wp\/v2\/media?parent=2071"}],"curies":[{"name":"wp","href":"https:\/\/api.w.org\/{rel}","templated":true}]}}