{"id":192,"date":"2014-05-14T09:00:15","date_gmt":"2014-05-14T09:00:15","guid":{"rendered":"http:\/\/servicios.unileon.es\/actividad-estudiantil\/?page_id=192"},"modified":"2014-07-07T12:21:47","modified_gmt":"2014-07-07T12:21:47","slug":"becas-informacion-de-matricula","status":"publish","type":"page","link":"https:\/\/servicios.unileon.es\/actividad-estudiantil\/becas-informacion-de-matricula\/","title":{"rendered":"Estancias Informaci\u00f3n de Matr\u00edcula"},"content":{"rendered":"<p style=\"text-align: center;\"><a title=\"24 Estancias de COlaboraci\u00f3n de Informaci\u00f3n de MAtr\u00edcula\" href=\"https:\/\/drive.google.com\/file\/d\/0Byy6LQTsZIIURTNfdzBwNkIydVk\/edit?usp=sharing\" target=\"_blank\">CONVOCATORIA PDF<\/a><\/p>\r\n<p style=\"text-align: center;\"><a href=\"https:\/\/drive.google.com\/file\/d\/0Byy6LQTsZIIUZHU4Zk11dEVyZTg\/edit?usp=sharing\" target=\"_blank\">RESOLUCI\u00d3N INFORMACI\u00d3N MATR\u00cdCULA<\/a><\/p>\r\n\r\n<ol>\r\n\t<li><strong> OBJETO DE LAS ESTANCIAS<\/strong><\/li>\r\n<\/ol>\r\nColaborar en las labores de informaci\u00f3n de las administraciones de las diferentes facultades o Escuelas durante los per\u00edodos de matr\u00edcula.\r\n<ol start=\"2\">\r\n\t<li><strong> DURACI\u00d3N Y DOTACI\u00d3N DE LAS ESTANCIAS<\/strong><\/li>\r\n<\/ol>\r\nLas estancias tendr\u00e1n una duraci\u00f3n del 18 al 31 de julio de 2014 y del 1 de septiembre al 10 de octubre del 2014 con un total de 68h repartidas a raz\u00f3n de las necesidades de la Unidad Administrativa del Centro que fijar\u00e1 el horario de los alumnos, con una dotaci\u00f3n econ\u00f3mica bruta de 340\u20ac. Los importes de la estancia se cobrar\u00e1n en el mes de octubre.\r\n\r\nEsta estancia est\u00e1 sujeta al impuesto de la Renta de las Personas F\u00edsicas, y en ning\u00fan caso su disfrute tendr\u00e1 efectos jur\u00eddicos-laborales entre el alumno y la Universidad de Le\u00f3n, y en consecuencia su concesi\u00f3n no implica ning\u00fan tipo de relaci\u00f3n contractual laboral o administrativa con dicha Universidad.\r\n<ol start=\"3\">\r\n\t<li><strong> REQUISITOS DE LOS ASPIRANTES<\/strong><\/li>\r\n<\/ol>\r\nCONDICIONES GENERALES\r\n\r\n&#8211;\u00a0\u00a0\u00a0 Estar matriculado en alg\u00fan curso de cualquier Facultad o Escuela de la Universidad de Le\u00f3n, as\u00ed como continuar matriculado en el curso 2014\/2015.\r\n\r\n&#8211;\u00a0\u00a0\u00a0\u00a0 Tener superado, como m\u00ednimo, el 50% de los cr\u00e9ditos en los que se hubiera matriculado en el curso (2013\/2014).\r\n<ol start=\"4\">\r\n\t<li><strong> PRESENTACI\u00d3N DE INSTANCIAS<\/strong><\/li>\r\n<\/ol>\r\nLas instancias, dirigidas al Sr. Vicerrector de Estudiantes, de forma online mediante un formulario que se encuentra disponible en la p\u00e1gina web del \u00c1rea de Actividad Estudiantil hasta las <strong>14 horas del d\u00eda 26 de junio<\/strong>. Para ello, se deber\u00e1 acceder a la cuenta institucional del alumno, rellenar el formulario, y <strong>tras ello recibir\u00e1n un email con las instrucciones a seguir y la documentaci\u00f3n que entregar<\/strong>.\r\n<ol start=\"5\">\r\n\t<li><strong> SELECCI\u00d3N<\/strong><\/li>\r\n<\/ol>\r\nHabr\u00e1 una selecci\u00f3n de aspirantes realizada por una Comisi\u00f3n nombrada al efecto por el Vicerrector, e integrada por el Vicerrector de Estudiantes o persona en quien delegue, la Directora de \u00c1rea de inserci\u00f3n laboral o persona en quien delegue, y un representante de la Junta de Estudiantes. Se valorar\u00e1 el expediente acad\u00e9mico, se considerar\u00e1 el nivel de ingresos de la unidad familiar del alumno y para la adjudicaci\u00f3n del centro en el que se desarrolle la estancia, se priorizar\u00e1 el estar matriculado en dicho centro. Los seleccionados se comprometer\u00e1n a cumplir los dos per\u00edodos (salvo causas de fuerza mayor debidamente justificadas).\r\n<ol start=\"6\">\r\n\t<li><strong> NOMBRAMIENTO<\/strong><\/li>\r\n<\/ol>\r\nLa lista de aspirantes seleccionados ser\u00e1 publicada el d\u00eda <strong>10 de julio<\/strong>, en el tabl\u00f3n de anuncios del Vicerrectorado de Estudiantes (Edificio de Servicios Universitarios, Campus de Vegazana) y en la p\u00e1gina web de la universidad.\r\n\r\nLos aspirantes seleccionados, deber\u00e1n presentar por email antes del 14 de julio, copia escaneada de la libreta bancaria en la que donde deseen que le sea ingresado el importe de la pr\u00e1ctica\r\n\r\nEl disfrute de estas pr\u00e1cticas es compatible con el de ayudas al estudio del Ministerio de Educaci\u00f3n y Ciencia, Junta de Castilla y Le\u00f3n, y ayudas al estudio por escasez de recursos, e incompatible con el disfrute de otras estancias de colaboraci\u00f3n, o cualquier otra convocada por esta Universidad, o si el estudiante es contribuyente con rendimientos de trabajo.\r\n<ol start=\"7\">\r\n\t<li><strong> RESCISI\u00d3N DE LAS PR\u00c1CTICAS<\/strong><\/li>\r\n<\/ol>\r\nEstas estancias podr\u00e1n ser rescindidas por el Vicerrector de Estudiantes, a propuesta justificada del Jefe de la Unidad administrativa de la que dependa el alumno, o por incumplimiento de las condiciones generales. El disfrute de una de estas pr\u00e1cticas no presupone la obtenci\u00f3n de un diploma, y no compromete al Vicerrectorado de Estudiantes a posteriores renovaciones.\r\n\r\nLos estudiantes que renuncien sin causa justificada y documentada no podr\u00e1n optar a la convocatoria de pr\u00e1cticas de colaboraci\u00f3n del curso 2014-2015.\r\n<p style=\"text-align: justify;\"><strong>NUMERO DE ESTUDIANTES COLABORADORES POR CENTRO<\/strong><\/p>\r\n\r\n<table>\r\n<tbody>\r\n<tr>\r\n<td width=\"392\"><strong>Facultad de Veterinaria<\/strong><\/td>\r\n<td width=\"132\"><strong>2 alumnos<\/strong><\/td>\r\n<\/tr>\r\n<tr>\r\n<td width=\"392\"><strong>Facultad de Cc. Biol\u00f3gicas y Ambientales<\/strong><\/td>\r\n<td width=\"132\"><strong>3 alumnos<\/strong><\/td>\r\n<\/tr>\r\n<tr>\r\n<td width=\"392\"><strong>Facultad de Filosof\u00eda y Letras<\/strong><\/td>\r\n<td width=\"132\"><strong>2 alumnos<\/strong><\/td>\r\n<\/tr>\r\n<tr>\r\n<td width=\"392\"><strong>Facultad de Derecho<\/strong><\/td>\r\n<td width=\"132\"><strong>1 alumnos<\/strong><\/td>\r\n<\/tr>\r\n<tr>\r\n<td width=\"392\"><strong>Facultad de Cc. Del Trabajo <\/strong><\/td>\r\n<td width=\"132\"><strong>1 alumno<\/strong><\/td>\r\n<\/tr>\r\n<tr>\r\n<td width=\"392\"><strong>Facultad de Educaci\u00f3n<\/strong><\/td>\r\n<td width=\"132\"><strong>3 alumnos<\/strong><\/td>\r\n<\/tr>\r\n<tr>\r\n<td width=\"392\"><strong>Facultad de Cc. De la Actividad F\u00edsica y Deporte<\/strong><\/td>\r\n<td width=\"132\"><strong>1 alumno<\/strong><\/td>\r\n<\/tr>\r\n<tr>\r\n<td width=\"392\"><strong>Facultad de Cc. Econ\u00f3micas y Empresariales<\/strong><\/td>\r\n<td width=\"132\"><strong>3 alumnos<\/strong><\/td>\r\n<\/tr>\r\n<tr>\r\n<td width=\"392\"><strong>Escuela S. y T. De Ingenier\u00eda Agraria (Le\u00f3n)<\/strong><\/td>\r\n<td width=\"132\"><strong>1 alumnos<\/strong><\/td>\r\n<\/tr>\r\n<tr>\r\n<td width=\"392\"><strong>Escuela de Ingenier\u00eda Industrial e Inform\u00e1tica<\/strong><\/td>\r\n<td width=\"132\"><strong>3 alumnos<\/strong><\/td>\r\n<\/tr>\r\n<tr>\r\n<td width=\"392\"><strong>Escuela S. y T. de Ingenieros de Minas<\/strong><\/td>\r\n<td width=\"132\"><strong>1 alumno<\/strong><\/td>\r\n<\/tr>\r\n<tr>\r\n<td width=\"392\"><strong>Escuela de Cc. De la Salud (Le\u00f3n)<\/strong><\/td>\r\n<td width=\"132\"><strong>1 alumno<\/strong><\/td>\r\n<\/tr>\r\n<tr>\r\n<td width=\"392\"><strong>Campus Ponferrada<\/strong><\/td>\r\n<td width=\"132\"><strong>2 alumnos<\/strong><\/td>\r\n<\/tr>\r\n<\/tbody>\r\n<\/table>\r\n<p style=\"text-align: justify;\">Para visualizar la Instancia debes darte de alta con la cuenta de usuario de la Universidad de Le\u00f3n. Puedes hacerlo siguiendo este link<\/p>\r\n<p style=\"text-align: justify;\"><em><strong><a title=\"Registro Unile\u00f3n\" href=\"https:\/\/sso.unileon.es\/SAML2\/SSOService.php?SAMLRequest=fVLJTsMwEL0j8Q%2BW79kKYrGaoAJCVGKJaODAzXEmiZGX4HFa%2BHvcFAQc4Po88zbP%2FOxNK7IGh9KanGZxSgkYYRtpupw%2BVlfRCT0r9vfmyLUa2GL0vXmA1xHQk7BpkE0POR2dYZajRGa4BmResNXi9obN4pQNznorrKJkeZnT7kUOurO210rZtoZad30nDNStHhrFey66YehqTsnTl63Z1tYScYSlQc%2BND1CaHUTpUZTNqvSYpafs8PSZkvJT6VyaXYL%2FbNW7IWTXVVVG5f2qmgjWsgF3F6aDVWs7BbGweitfckS5DnDLFQIlC0RwPhi8sAZHDW4Fbi0FPD7c5LT3fkCWJJvNJv6mSXgyGqnAmhgw4QJpMTXLpnDuR6X%2FW%2Bdf0rT4g3ye%2FOAtPr9vm2p5WVolxTtZhPo3Fw64D5G8G0OiK%2Bs0939LZ3E2IbKJ2mmUjQYHELKV0FCSFDvV33cSrucD&amp;RelayState=https%3A%2F%2Faccounts.google.com%2FCheckCookie%3Fcontinue%3Dhttps%253A%252F%252Fmail.google.com%252Fmail%252F%26service%3Dmail%26ss%3D1%26ltmpl%3Ddefault\" target=\"_blank\">ALTA USUARIO<\/a>\u00a0<\/strong><\/em><\/p>\r\n<p style=\"text-align: justify;\">Tras introducir tu cuenta de unileon actualiza esta p\u00e1gina<\/p>\r\n<iframe loading=\"lazy\" src=\"https:\/\/docs.google.com\/a\/unileon.es\/forms\/d\/1wv2wE2L2L6s4aaeIO3JOHQNRR71hUI1bw1pJhuvFihI\/viewform?embedded=true\" width=\"550\" height=\"1000\" frameborder=\"0\" marginwidth=\"0\" marginheight=\"0\">Cargando&#8230;<\/iframe>","protected":false},"excerpt":{"rendered":"<p>CONVOCATORIA PDF RESOLUCI\u00d3N INFORMACI\u00d3N MATR\u00cdCULA OBJETO DE LAS ESTANCIAS Colaborar en las labores de informaci\u00f3n de las administraciones de las diferentes facultades o Escuelas durante los per\u00edodos de matr\u00edcula. DURACI\u00d3N Y DOTACI\u00d3N DE LAS ESTANCIAS Las estancias tendr\u00e1n una duraci\u00f3n del 18 al 31 de julio de 2014 y del 1 de septiembre al 10 [&hellip;]<\/p>\n","protected":false},"author":25,"featured_media":0,"parent":0,"menu_order":0,"comment_status":"closed","ping_status":"closed","template":"","meta":{"footnotes":""},"class_list":["post-192","page","type-page","status-publish","hentry"],"_links":{"self":[{"href":"https:\/\/servicios.unileon.es\/actividad-estudiantil\/wp-json\/wp\/v2\/pages\/192","targetHints":{"allow":["GET"]}}],"collection":[{"href":"https:\/\/servicios.unileon.es\/actividad-estudiantil\/wp-json\/wp\/v2\/pages"}],"about":[{"href":"https:\/\/servicios.unileon.es\/actividad-estudiantil\/wp-json\/wp\/v2\/types\/page"}],"author":[{"embeddable":true,"href":"https:\/\/servicios.unileon.es\/actividad-estudiantil\/wp-json\/wp\/v2\/users\/25"}],"replies":[{"embeddable":true,"href":"https:\/\/servicios.unileon.es\/actividad-estudiantil\/wp-json\/wp\/v2\/comments?post=192"}],"version-history":[{"count":17,"href":"https:\/\/servicios.unileon.es\/actividad-estudiantil\/wp-json\/wp\/v2\/pages\/192\/revisions"}],"predecessor-version":[{"id":273,"href":"https:\/\/servicios.unileon.es\/actividad-estudiantil\/wp-json\/wp\/v2\/pages\/192\/revisions\/273"}],"wp:attachment":[{"href":"https:\/\/servicios.unileon.es\/actividad-estudiantil\/wp-json\/wp\/v2\/media?parent=192"}],"curies":[{"name":"wp","href":"https:\/\/api.w.org\/{rel}","templated":true}]}}