{"id":1878,"date":"2021-05-24T11:30:47","date_gmt":"2021-05-24T09:30:47","guid":{"rendered":"https:\/\/servicios.unileon.es\/actividad-estudiantil\/?page_id=1878"},"modified":"2025-02-03T10:46:54","modified_gmt":"2025-02-03T08:46:54","slug":"delegaciones-de-alumnos","status":"publish","type":"page","link":"https:\/\/servicios.unileon.es\/actividad-estudiantil\/delegaciones-de-alumnos\/","title":{"rendered":"Delegaciones de Alumnos"},"content":{"rendered":"<h2>Delegados de Centro Curso 2024-2025<\/h2>\r\n\r\n<p>&nbsp;<\/p>\r\n<h3>Facultad de Derecho<\/h3>\r\n<ul>\r\n    <li>Pablo \u00c1lvarez Grande &#8211; <a href=\"mailto:palvag11@estudiantes.unileon.es\">palvag11@estudiantes.unileon.es<\/a><\/li>\r\n<\/ul>\r\n<p>&nbsp;<\/p>\r\n<h3>Ciencias del trabajo<\/h3>\r\n<ul>\r\n    <li>Aldara Alonso Mor\u00e1n &#8211; <a href=\"mailto:aalonm08@estudiantes.unileon.es\">aalonm08@estudiantes.unileon.es<\/a><\/li>\r\n<\/ul>\r\n<p>&nbsp;<\/p>\r\n<h3>Facultad de Filosof\u00eda y letras<\/h3>\r\n<ul>\r\n    <li>Aritz Amor Moreno &#8211; <a href=\"mailto:aamorm00@estudiantes.unileon.es\">aamorm00@estudiantes.unileon.es<\/a><\/li>\r\n<\/ul>\r\n<p>&nbsp;<\/p>\r\n<h3>Facultad de Educaci\u00f3n<\/h3>\r\n<ul>\r\n    <li>Marina Cuesta Vega &#8211; <a href=\"mailto:mcuesv01@estudiantes.unileon.es\">mcuesv01@estudiantes.unileon.es<\/a><\/li>\r\n<\/ul>\r\n<p>&nbsp;<\/p>\r\n<h3>Escuela de Ingenier\u00edas Industrial, Inform\u00e1tica y Aeroespacial<\/h3>\r\n<ul>\r\n    <li>Gonzalo Rivera Cueva &#8211; <a href=\"mailto:grivec00@estudiantes.unileon.es\">grivec00@estudiantes.unileon.es<\/a><\/li>\r\n<\/ul>\r\n<p>&nbsp;<\/p>\r\n<h3>Facultad de Veterinaria<\/strong><\/span><\/a><\/h3>\r\n<ul>\r\n    <li>Ana Caba\u00f1ero Garc\u00eda &#8211; <a href=\"mailto:acabag01@estudiantes.unileon.es\">acabag01@estudiantes.unileon.es<\/a><\/li>\r\n<\/ul>\r\n<p>&nbsp;<\/p>\r\n<h3>Facultad de Ciencias Econ\u00f3micas y Empresariales<\/h3>\r\n<ul>\r\n    <li>Xian P\u00e9rez Rodr\u00edguez &#8211; <a href=\"mailto:xperer02@estudiantes.unileon.es\">xperer02@estudiantes.unileon.es<\/a><\/li>\r\n<\/ul>\r\n<p>&nbsp;<\/p>\r\n<h3>Escuela de Ingeniera agraria y forestal<\/h3>\r\n<ul>\r\n    <li>Elena Peral Rivera &#8211; <a href=\"mailto:eperar00@estudiantes.unileon.es\">eperar00@estudiantes.unileon.es<\/a><\/li>\r\n<\/ul>\r\n<p>&nbsp;<\/p>\r\n<h3>Facultad Ciencias de la Salud<\/h3>\r\n<ul>\r\n    <li>Alba Pino S\u00e1nchez &#8211; <a href=\"mailto:apints@estudiantes.unileon.es\">apints@estudiantes.unileon.es<\/a><\/li>\r\n<\/ul>\r\n<p>&nbsp;<\/p>\r\n<h3>Facultad de Ciencias Biol\u00f3gicas y Ambientales<\/h3>\r\n<ul>\r\n    <li>Mar\u00eda Hern\u00e1ndez Gord\u00f3n &#8211; <a href=\"mailto:mherng09@estudiantes.unileon.es\">mherng09@estudiantes.unileon.es<\/a><\/li>\r\n<\/ul>\r\n<p>&nbsp;<\/p>\r\n<h3>Escuela Superior y T\u00e9cnica de Ingenieros de Minas<\/h3>\r\n<ul>\r\n    <li>Marina Rodr\u00edguez Fern\u00e1ndez &#8211; <a href=\"mailto:mrodrf14@estudiantes.unileon.es\">mrodrf14@estudiantes.unileon.es<\/a><\/li>\r\n<\/ul>\r\n<p>&nbsp;<\/p>\r\n<h3>Facultad de Ciencias de la Actividad F\u00edsica y del Deporte<\/h3>\r\n<ul>\r\n    <li>Claudia P\u00e9rez Ib\u00e1\u00f1ez &#8211; <a href=\"mailto:cperei01@estudiantes.unileon.es\">cperei01@estudiantes.unileon.es<\/a><\/li>\r\n<\/ul>\r\n<p>&nbsp;<\/p>\r\n<h3>Escuela Universitaria de Trabajo social<\/h3>\r\n<ul>\r\n    <li>Mar\u00eda Carpintero Felipe &#8211; <a href=\"mailto:mcarpf00@estudiantes.unileon.es\">mcarpf00@estudiantes.unileon.es<\/a><\/li>\r\n<\/ul>\r\n","protected":false},"excerpt":{"rendered":"<p>Delegados de Centro Curso 2024-2025 &nbsp; Facultad de Derecho Pablo \u00c1lvarez Grande &#8211; palvag11@estudiantes.unileon.es &nbsp; Ciencias del trabajo Aldara Alonso Mor\u00e1n &#8211; aalonm08@estudiantes.unileon.es &nbsp; Facultad de Filosof\u00eda y letras Aritz Amor Moreno &#8211; aamorm00@estudiantes.unileon.es &nbsp; Facultad de Educaci\u00f3n Marina Cuesta Vega &#8211; mcuesv01@estudiantes.unileon.es &nbsp; Escuela de Ingenier\u00edas Industrial, Inform\u00e1tica y Aeroespacial Gonzalo Rivera Cueva &#8211; [&hellip;]<\/p>\n","protected":false},"author":25,"featured_media":0,"parent":0,"menu_order":0,"comment_status":"closed","ping_status":"closed","template":"","meta":{"footnotes":""},"class_list":["post-1878","page","type-page","status-publish","hentry"],"_links":{"self":[{"href":"https:\/\/servicios.unileon.es\/actividad-estudiantil\/wp-json\/wp\/v2\/pages\/1878","targetHints":{"allow":["GET"]}}],"collection":[{"href":"https:\/\/servicios.unileon.es\/actividad-estudiantil\/wp-json\/wp\/v2\/pages"}],"about":[{"href":"https:\/\/servicios.unileon.es\/actividad-estudiantil\/wp-json\/wp\/v2\/types\/page"}],"author":[{"embeddable":true,"href":"https:\/\/servicios.unileon.es\/actividad-estudiantil\/wp-json\/wp\/v2\/users\/25"}],"replies":[{"embeddable":true,"href":"https:\/\/servicios.unileon.es\/actividad-estudiantil\/wp-json\/wp\/v2\/comments?post=1878"}],"version-history":[{"count":10,"href":"https:\/\/servicios.unileon.es\/actividad-estudiantil\/wp-json\/wp\/v2\/pages\/1878\/revisions"}],"predecessor-version":[{"id":2869,"href":"https:\/\/servicios.unileon.es\/actividad-estudiantil\/wp-json\/wp\/v2\/pages\/1878\/revisions\/2869"}],"wp:attachment":[{"href":"https:\/\/servicios.unileon.es\/actividad-estudiantil\/wp-json\/wp\/v2\/media?parent=1878"}],"curies":[{"name":"wp","href":"https:\/\/api.w.org\/{rel}","templated":true}]}}