{"id":1773,"date":"2021-05-12T12:06:04","date_gmt":"2021-05-12T10:06:04","guid":{"rendered":"https:\/\/servicios.unileon.es\/actividad-estudiantil\/?page_id=1773"},"modified":"2025-06-17T17:44:38","modified_gmt":"2025-06-17T15:44:38","slug":"ayudas-de-matricula-agrupaciones-culturales","status":"publish","type":"page","link":"https:\/\/servicios.unileon.es\/actividad-estudiantil\/ayudas-de-matricula-agrupaciones-culturales\/","title":{"rendered":"Ayudas de matr\u00edcula a miembros de Agrupaciones Culturales 2024\/2025"},"content":{"rendered":"<h3>CARACTER\u00cdSTICAS DE LAS AYUDAS<\/h3>\r\n<p>Se convocan 3 tipos de ayudas:<\/p>\r\n<ul>\r\n    <li>6 ayudas de matr\u00edcula correspondiente al curso 2024-2025 para alumnos que hayan representado a la Universidad de Le\u00f3n en cuatro eventos oficiales o m\u00e1s, en las que se subvencionar\u00e1 el 100% de la base subvencionable de la matr\u00edcula, hasta un m\u00e1ximo de 1400 euros.<\/li>\r\n    <li>12 ayudas de matr\u00edcula correspondiente al curso 2024-2025 para alumnos que hayan representado a la Universidad de Le\u00f3n en menos de cuatro eventos oficiales, en las que se subvencionar\u00e1 el 50% de la base subvencionable, hasta un m\u00e1ximo de 700 euros.<\/li>\r\n    <li>24 ayudas de matr\u00edcula correspondiente al curso 2024-2025 para alumnos que, perteneciendo a alguna de las agrupaciones, no hayan representado a la Universidad de Le\u00f3n en ning\u00fan evento, donde se subvencionar\u00e1 el 25 % de la base subvencionable de la matr\u00edcula, hasta un m\u00e1ximo de 350 euros.<\/li>\r\n<\/ul>\r\n<p>En los tres casos, s\u00f3lo ser\u00e1n objeto de ayuda cr\u00e9ditos o asignaturas en primera matr\u00edcula; no as\u00ed los relativos a segunda matr\u00edcula o sucesivas ni los precios por servicios administrativos.<\/p>\r\n<p><a href=\"https:\/\/servicios.unileon.es\/actividad-estudiantil\/files\/2025\/05\/2025_convocatoria_ayudas_matricula_actividades_culturales.pdf\">Convocatoria (texto completo)<\/a><\/p>\r\n<p>&nbsp;<\/p>\r\n<!--<p><b>PLAZO DE PRESENTACI\u00d3N DE INSTANCIAS<\/b><\/p>\r\n<p>Desde el 21 de mayo hasta las 14 horas del d\u00eda <b>4 de junio de 2025<\/b><\/p>\r\n<p><a href=\"https:\/\/forms.gle\/pcyA2KV6TcUCkPxz6\">Formulario de solicitud<\/a>    <\/p>\r\n<p><small><b>IMPORTANTE<\/b>: Se recuerda que para poder acceder al formulario todas las cuentas de correo personales deber\u00e1n estar cerradas. El formulario les solicitar\u00e1 previamente que se identifiquen con su correo institucional de la Universidad de Le\u00f3n a menos que en ese momento ya lo tengan abierto en su navegador.<\/small><\/p> -->\r\n\r\n<h3>RESOLUCI\u00d3N<\/h3>\r\n<p><a href=\"https:\/\/servicios.unileon.es\/actividad-estudiantil\/files\/2025\/06\/resolucion_provisional_agrupaciones_culturales24_25.pdf\">Resoluci\u00f3n Provisional de las Ayudas a miembros de Agrupaciones Culturales<\/a><\/p>\r\n<p><a href=\"https:\/\/servicios.unileon.es\/actividad-estudiantil\/files\/2025\/06\/resolucion_definitiva_agrupaciones_culturales24_25.pdf\"><strong>Resoluci\u00f3n Definitiva de las Ayudas a miembros de Agrupaciones Culturales<\/strong><\/a><\/p>\r\n","protected":false},"excerpt":{"rendered":"<p>CARACTER\u00cdSTICAS DE LAS AYUDAS Se convocan 3 tipos de ayudas: 6 ayudas de matr\u00edcula correspondiente al curso 2024-2025 para alumnos que hayan representado a la Universidad de Le\u00f3n en cuatro eventos oficiales o m\u00e1s, en las que se subvencionar\u00e1 el 100% de la base subvencionable de la matr\u00edcula, hasta un m\u00e1ximo de 1400 euros. 12 [&hellip;]<\/p>\n","protected":false},"author":2,"featured_media":0,"parent":0,"menu_order":0,"comment_status":"closed","ping_status":"closed","template":"","meta":{"footnotes":""},"class_list":["post-1773","page","type-page","status-publish","hentry"],"_links":{"self":[{"href":"https:\/\/servicios.unileon.es\/actividad-estudiantil\/wp-json\/wp\/v2\/pages\/1773","targetHints":{"allow":["GET"]}}],"collection":[{"href":"https:\/\/servicios.unileon.es\/actividad-estudiantil\/wp-json\/wp\/v2\/pages"}],"about":[{"href":"https:\/\/servicios.unileon.es\/actividad-estudiantil\/wp-json\/wp\/v2\/types\/page"}],"author":[{"embeddable":true,"href":"https:\/\/servicios.unileon.es\/actividad-estudiantil\/wp-json\/wp\/v2\/users\/2"}],"replies":[{"embeddable":true,"href":"https:\/\/servicios.unileon.es\/actividad-estudiantil\/wp-json\/wp\/v2\/comments?post=1773"}],"version-history":[{"count":28,"href":"https:\/\/servicios.unileon.es\/actividad-estudiantil\/wp-json\/wp\/v2\/pages\/1773\/revisions"}],"predecessor-version":[{"id":2940,"href":"https:\/\/servicios.unileon.es\/actividad-estudiantil\/wp-json\/wp\/v2\/pages\/1773\/revisions\/2940"}],"wp:attachment":[{"href":"https:\/\/servicios.unileon.es\/actividad-estudiantil\/wp-json\/wp\/v2\/media?parent=1773"}],"curies":[{"name":"wp","href":"https:\/\/api.w.org\/{rel}","templated":true}]}}