{"id":1681,"date":"2020-10-20T11:51:49","date_gmt":"2020-10-20T09:51:49","guid":{"rendered":"https:\/\/servicios.unileon.es\/actividad-estudiantil\/?page_id=1681"},"modified":"2021-07-14T12:30:16","modified_gmt":"2021-07-14T10:30:16","slug":"convocatoria-estancias-colaboracion","status":"publish","type":"page","link":"https:\/\/servicios.unileon.es\/actividad-estudiantil\/convocatoria-estancias-colaboracion\/","title":{"rendered":"ESTANCIAS DE COLABORACI\u00d3N EN SERVICIOS UNIVERSITARIOS 2020-21"},"content":{"rendered":"<h3>RESOLUCI\u00d3N DE LA CONVOCATORIA<\/h3>\r\n<ul>\r\n    <li><a href=\"\/actividad-estudiantil\/files\/2021\/07\/resolucion_estancias_colaboracion_laboratorio_plagas202021.pdf\">1 Laboratorio de Diagn\u00f3stico de Plagas y Enfermedades Vegetales<\/a><\/li>\r\n    <li><a href=\"\/actividad-estudiantil\/files\/2021\/04\/resolucion_estancias_colaboracion_radio202021.pdf\">1 Radio Universitaria<\/a><\/li>\r\n    <li><a href=\"\/actividad-estudiantil\/files\/2021\/03\/resolucion_estancias_colaboracion_publicaciones202021.pdf\">2 Servicio Publicaciones<\/a><\/li>\r\n    <li><a href=\"\/actividad-estudiantil\/files\/2021\/02\/resolucion_estancias_colaboracion_vice_estudiantes202021.pdf\">Vicerrectorado de Estudiantes y Empleo<\/a><\/li>\r\n    <li><a href=\"\/actividad-estudiantil\/files\/2021\/01\/resolucion_estancias_colaboracion_escuela_de_formacion202021.pdf\">Escuela de Formaci\u00f3n<\/a><\/li>\r\n    <li><a href=\"\/actividad-estudiantil\/files\/2020\/12\/resolucion_estancias_colaboracion_piex202021.pdf\">2 Programa Interuniversitario de la Universidad de la Experiencia (1 para Le\u00f3n y 1 para Campus Ponferrada)<\/a><\/li>\r\n    <li><a href=\"\/actividad-estudiantil\/files\/2020\/11\/resolucion_estancias_colaboracion_area_social202021.pdf\">1 \u00c1rea Social<\/a><\/li>\r\n    <li><a href=\"\/actividad-estudiantil\/files\/2020\/11\/resolucion_estancias_colaboracion_cris_biblioteca202021.pdf\">1 Proyecto CRIS\/Biblioteca<\/a><\/li>\r\n    <li><a href=\"\/actividad-estudiantil\/files\/2020\/11\/resolucion_estancias_colaboracion_movilidad202021.pdf\">1 Servicio de Movilidad Sostenible<\/a><\/li>\r\n    <li><a href=\"\/actividad-estudiantil\/files\/2020\/11\/resolucion_estancias_colaboracion_formacion_online202021.pdf\">1 Formaci\u00f3n On-Line<\/a><\/li>\r\n    <li><a href=\"\/actividad-estudiantil\/files\/2020\/11\/resolucion_estancias_colaboracion_bibliotecas202021.pdf\">13 Bibliotecas para Le\u00f3n<\/a><\/li>\r\n    <li><a href=\"\/actividad-estudiantil\/files\/2020\/11\/resolucion_estancias_colaboracion_bibliotecas_ponferrada202021.pdf\">2 Bibliotecas para Campus Ponferrada<\/a><\/li>\r\n    <li><a href=\"\/actividad-estudiantil\/files\/2020\/11\/resolucion_estancias_colaboracion_sic202021.pdf\">12 Servicio de Inform\u00e1tica y Comunicaciones (11 para Le\u00f3n y 1 para Ponferrada)<\/a><\/li>\r\n    <li><a href=\"\/actividad-estudiantil\/files\/2020\/11\/resolucion_estancias_colaboracion_programa_vivienda_ponferrada202021.pdf\">1 Programa Vivienda y Actividades Saludables (Campus Ponferrada)<\/a><\/li>\r\n    <li><a href=\"\/actividad-estudiantil\/files\/2020\/11\/resolucion_estancias_colaboracion_programa_vivienda202021.pdf\">1 Programa Vivienda y Apoyo Vicerrectorado Estudiantes y Empleo<\/a><\/li>\r\n    <li><a href=\"\/actividad-estudiantil\/files\/2020\/11\/resolucion_estancias_colaboracion_asociacion_memoria_historica202021.pdf\">1 Asociaci\u00f3n para la Recuperaci\u00f3n de la Memoria Hist\u00f3rica<\/a><\/li>\r\n    <li><a href=\"\/actividad-estudiantil\/files\/2020\/11\/resolucion_estancias_colaboracion_servicio_practicas202021.pdf\">1 Servicio de Pr\u00e1cticas<\/a><\/li>\r\n<\/ul>\r\n&nbsp;\r\n\r\n<hr \/>\r\n\r\n&nbsp;\r\n\r\nSe convocan estancias de colaboraci\u00f3n en Servicios Universitarios para cubrir las necesidades que \u00e9stos requieren.\r\n<ul>\r\n    <li><strong>1 Laboratorio de Diagn\u00f3stico de Plagas y Enfermedades Vegetales<\/strong><\/li>\r\n<\/ul>\r\n<a href=\"https:\/\/servicios.unileon.es\/actividad-estudiantil\/files\/2021\/06\/convocatoria_estancia_colaboracion_laboratorio_plagas.pdf\" target=\"_blank\" rel=\"noopener noreferrer\">Convocatoria (texto completo)<\/a>\r\n<h3>PLAZO DE PRESENTACI\u00d3N DE INSTANCIAS<\/h3>\r\nEl plazo de presentaci\u00f3n de solicitudes finaliza el <strong>el 07 de julio de 2021, a las 14:00 horas<\/strong>\r\n\r\n<a href=\"https:\/\/forms.gle\/bcZ3ZyZ1FNzCmi9i9\" target=\"_blank\" rel=\"noopener\">Formulario de solicitud<\/a>\r\n\r\n<b>IMPORTANTE<\/b>: Se recuerda que para poder acceder al formulario todas las cuentas de correo personales deber\u00e1n estar cerradas. El formulario les solicitar\u00e1 previamente que se identifiquen con su correo institucional de la Universidad de Le\u00f3n a menos que en ese momento ya lo tengan abierto en su navegador.\r\n\r\n&nbsp;\r\n\r\n<hr \/>\r\n\r\n&nbsp;\r\n\r\nSe convocan ayudas de residencia para estudiantes de excelencia acad\u00e9mica.\r\n<ul>\r\n    <li><strong>3 ayudas destinadas a estudiantes de primer curso<\/strong><\/li>\r\n    <li><strong>3 ayudas destinadas a estudiantes de cursos superiores<\/strong><\/li>\r\n<\/ul>\r\n<a href=\"https:\/\/servicios.unileon.es\/actividad-estudiantil\/files\/2021\/06\/convocatoria_ayudas_residencia_excelencia_academica.pdf\" target=\"_blank\" rel=\"noopener noreferrer\">Convocatoria (texto completo)<\/a>\r\n<h3>PLAZO DE PRESENTACI\u00d3N DE INSTANCIAS<\/h3>\r\nEl plazo de presentaci\u00f3n de solicitudes finaliza el <strong>el 04 de julio de 2021, a las 14:00 horas<\/strong>\r\n\r\n<a href=\"https:\/\/forms.gle\/aNxZ8hrGmrgE17B29\" target=\"_blank\" rel=\"noopener\">Formulario de solicitud<\/a>\r\n\r\n<b>IMPORTANTE<\/b>: Se recuerda que para poder acceder al formulario todas las cuentas de correo personales deber\u00e1n estar cerradas. El formulario les solicitar\u00e1 previamente que se identifiquen con su correo institucional de la Universidad de Le\u00f3n a menos que en ese momento ya lo tengan abierto en su navegador.\r\n\r\n&nbsp;\r\n\r\n<hr \/>\r\n\r\n&nbsp;\r\n\r\nSe convocan estancias de colaboraci\u00f3n en Servicios Universitarios para cubrir las necesidades que \u00e9stos requieren.\r\n<ul>\r\n    <li><strong>1 Radio Universitaria<\/strong><\/li>\r\n    <li><strong>2 Servicio Publicaciones<\/strong><\/li>\r\n<\/ul>\r\n<a href=\"https:\/\/servicios.unileon.es\/actividad-estudiantil\/files\/2021\/03\/convocatoria_estancias_colaboracion_radio_publicaciones.pdf\" target=\"_blank\" rel=\"noopener noreferrer\">Convocatoria (texto completo)<\/a>\r\n<h3>PLAZO DE PRESENTACI\u00d3N DE INSTANCIAS<\/h3>\r\nEl plazo de presentaci\u00f3n de solicitudes finaliza el <strong>24 de marzo de 2021<\/strong>\r\n\r\n<a href=\"https:\/\/forms.gle\/7GdtFAD2DqPQMtzz8\" target=\"_blank\" rel=\"noopener\">Formulario de solicitud<\/a>\r\n\r\n<b>IMPORTANTE<\/b>: Se recuerda que para poder acceder al formulario todas las cuentas de correo personales deber\u00e1n estar cerradas. El formulario les solicitar\u00e1 previamente que se identifiquen con su correo institucional de la Universidad de Le\u00f3n a menos que en ese momento ya lo tengan abierto en su navegador.\r\n\r\n&nbsp;\r\n\r\n<hr \/>\r\n\r\n&nbsp;\r\n\r\nSe convocan estancias de colaboraci\u00f3n en Servicios Universitarios para cubrir las necesidades que \u00e9stos requieren.\r\n<ul>\r\n    <li><strong>1 Vicerrectorado de Estudiantes y Empleo<\/strong><\/li>\r\n<\/ul>\r\n<a href=\"https:\/\/servicios.unileon.es\/actividad-estudiantil\/files\/2021\/02\/convocatoria_estancias_colaboracion_vice_estudiantes.pdf\" target=\"_blank\" rel=\"noopener noreferrer\">Convocatoria (texto completo)<\/a>\r\n<h3>PLAZO DE PRESENTACI\u00d3N DE INSTANCIAS<\/h3>\r\nEl plazo de presentaci\u00f3n de solicitudes finaliza el <strong>17 de febrero de 2021<\/strong>\r\n\r\n<a href=\"https:\/\/forms.gle\/VF6riayW4rkHhAaR6\" target=\"_blank\" rel=\"noopener\">Formulario de solicitud<\/a>\r\n\r\n<b>IMPORTANTE<\/b>: Se recuerda que para poder acceder al formulario todas las cuentas de correo personales deber\u00e1n estar cerradas. El formulario les solicitar\u00e1 previamente que se identifiquen con su correo institucional de la Universidad de Le\u00f3n a menos que en ese momento ya lo tengan abierto en su navegador.\r\n\r\n&nbsp;\r\n\r\n<hr \/>\r\n\r\n&nbsp;\r\n\r\nSe convocan estancias de colaboraci\u00f3n en Servicios Universitarios para cubrir las necesidades que \u00e9stos requieren.\r\n<ul>\r\n    <li>1 Escuela de Formaci\u00f3n<\/li>\r\n<\/ul>\r\n<a href=\"https:\/\/servicios.unileon.es\/actividad-estudiantil\/files\/2021\/01\/convocatoria_estancias_colaboracion_e_formacion20210115.pdf\" target=\"_blank\" rel=\"noopener noreferrer\">Convocatoria (texto completo)<\/a>\r\n<h3>PLAZO DE PRESENTACI\u00d3N DE INSTANCIAS<\/h3>\r\nHasta las 14:00 del d\u00eda <b>24 de enero de 2021.<\/b>\r\n\r\n<a href=\"https:\/\/forms.gle\/rjjPbb9erAH3Kdxw5\" target=\"_blank\" rel=\"noopener\">Formulario de solicitud<\/a>\r\n\r\n<b>IMPORTANTE<\/b>: Se recuerda que para poder acceder al formulario todas las cuentas de correo personales deber\u00e1n estar cerradas. El formulario les solicitar\u00e1 previamente que se identifiquen con su correo institucional de la Universidad de Le\u00f3n a menos que en ese momento ya lo tengan abierto en su navegador.\r\n\r\n&nbsp;\r\n\r\n<hr \/>\r\n\r\n&nbsp;\r\n\r\nSe convocan estancias de colaboraci\u00f3n en Servicios Universitarios para cubrir las necesidades que \u00e9stos requieren.\r\n<ul>\r\n    <li>1 Asociaci\u00f3n para la Recuperaci\u00f3n de la Memoria Hist\u00f3rica<\/li>\r\n    <li>1 Servicio de Pr\u00e1cticas<\/li>\r\n<\/ul>\r\n<a href=\"https:\/\/www.unileon.es\/files\/2020-11\/CONVOCATORIA_ESTANCIAS_DE_COLABORACION_EN_SERVICIOS_UNIVERSITARIOS-ARMH-S_PRACTICAS.report.pdf\" target=\"_blank\" rel=\"noopener noreferrer\">Convocatoria (texto completo)<\/a>\r\n<h3>PLAZO DE PRESENTACI\u00d3N DE INSTANCIAS<\/h3>\r\nHasta las 14:00 del d\u00eda <b>11 de noviembre de 2020.<\/b>\r\n\r\n<a href=\"https:\/\/forms.gle\/CYZwWM3ZmRVHskda6\" target=\"_blank\" rel=\"noopener noreferrer\" data-saferedirecturl=\"https:\/\/www.google.com\/url?q=https:\/\/forms.gle\/CYZwWM3ZmRVHskda6&amp;source=gmail&amp;ust=1603273138632000&amp;usg=AFQjCNFnZ38PmPj5Vsl18HUY74YACHcyvg\">Formulario de solicitud<\/a>\r\n\r\n<b>IMPORTANTE<\/b>: Se recuerda que para poder acceder al formulario todas las cuentas de correo personales deber\u00e1n estar cerradas. El formulario les solicitar\u00e1 previamente que se identifiquen con su correo institucional de la Universidad de Le\u00f3n a menos que en ese momento ya lo tengan abierto en su navegador.\r\n<h3>CARACTER\u00cdSTICAS DE LAS AYUDAS<\/h3>\r\nSe convocan estancias de colaboraci\u00f3n en Servicios Universitarios para cubrir las necesidades que \u00e9stos requieren.\r\n<ul>\r\n    <li>2 Programa Interuniversitario de la Universidad de la Experiencia (1 para Le\u00f3n y 1 para Campus Ponferrada)<\/li>\r\n    <li>1 \u00c1rea Social<\/li>\r\n    <li>1 Proyecto CRIS\/Biblioteca<\/li>\r\n    <li>1 Servicio de Movilidad Sostenible<\/li>\r\n    <li>1 Formaci\u00f3n On-Line<\/li>\r\n    <li>15 Bibliotecas (13 para Le\u00f3n y 2 para Campus Ponferrada)<\/li>\r\n    <li>12 Servicio de Inform\u00e1tica y Comunicaciones (11 para Le\u00f3n y 1 para Ponferrada)<\/li>\r\n    <li>1 Programa Vivienda y Actividades Saludables (Campus Ponferrada)<\/li>\r\n    <li>1 Programa Vivienda y Apoyo Vicerrectorado Estudiantes y Empleo<\/li>\r\n<\/ul>\r\n<a href=\"https:\/\/www.unileon.es\/files\/2020-11\/CONVOCATORIA_DE_ESTANCIAS_DE_COLABORACI%C3%93N_EN_SERVICIOS_UNIVERSITARIOS_2020-21.pdf\" target=\"_blank\" rel=\"noopener noreferrer\">Convocatoria (texto completo)<\/a>\r\n<h3>PLAZO DE PRESENTACI\u00d3N DE INSTANCIAS<\/h3>\r\nHasta las 14:00 del d\u00eda <b>27 de octubre de 2020.<\/b>","protected":false},"excerpt":{"rendered":"<p>RESOLUCI\u00d3N DE LA CONVOCATORIA 1 Laboratorio de Diagn\u00f3stico de Plagas y Enfermedades Vegetales 1 Radio Universitaria 2 Servicio Publicaciones Vicerrectorado de Estudiantes y Empleo Escuela de Formaci\u00f3n 2 Programa Interuniversitario de la Universidad de la Experiencia (1 para Le\u00f3n y 1 para Campus Ponferrada) 1 \u00c1rea Social 1 Proyecto CRIS\/Biblioteca 1 Servicio de Movilidad Sostenible [&hellip;]<\/p>\n","protected":false},"author":378,"featured_media":0,"parent":0,"menu_order":0,"comment_status":"closed","ping_status":"closed","template":"","meta":{"footnotes":""},"class_list":["post-1681","page","type-page","status-publish","hentry"],"_links":{"self":[{"href":"https:\/\/servicios.unileon.es\/actividad-estudiantil\/wp-json\/wp\/v2\/pages\/1681","targetHints":{"allow":["GET"]}}],"collection":[{"href":"https:\/\/servicios.unileon.es\/actividad-estudiantil\/wp-json\/wp\/v2\/pages"}],"about":[{"href":"https:\/\/servicios.unileon.es\/actividad-estudiantil\/wp-json\/wp\/v2\/types\/page"}],"author":[{"embeddable":true,"href":"https:\/\/servicios.unileon.es\/actividad-estudiantil\/wp-json\/wp\/v2\/users\/378"}],"replies":[{"embeddable":true,"href":"https:\/\/servicios.unileon.es\/actividad-estudiantil\/wp-json\/wp\/v2\/comments?post=1681"}],"version-history":[{"count":30,"href":"https:\/\/servicios.unileon.es\/actividad-estudiantil\/wp-json\/wp\/v2\/pages\/1681\/revisions"}],"predecessor-version":[{"id":1949,"href":"https:\/\/servicios.unileon.es\/actividad-estudiantil\/wp-json\/wp\/v2\/pages\/1681\/revisions\/1949"}],"wp:attachment":[{"href":"https:\/\/servicios.unileon.es\/actividad-estudiantil\/wp-json\/wp\/v2\/media?parent=1681"}],"curies":[{"name":"wp","href":"https:\/\/api.w.org\/{rel}","templated":true}]}}