{"id":1655,"date":"2020-03-16T12:29:41","date_gmt":"2020-03-16T10:29:41","guid":{"rendered":"http:\/\/servicios.unileon.es\/actividad-estudiantil\/?page_id=1655"},"modified":"2026-04-20T08:32:28","modified_gmt":"2026-04-20T06:32:28","slug":"ayudas","status":"publish","type":"page","link":"https:\/\/servicios.unileon.es\/actividad-estudiantil\/ayudas\/","title":{"rendered":"Ayudas"},"content":{"rendered":"<p>Las asociaciones de estudiantes dadas de alta en el Registro de Asociaciones Universitarias de la Universidad de Le\u00f3n, podr\u00e1n solicitar ayudas en las convocatorias que a tal efecto se hagan p\u00fablicas por el Vicerrectorado de Estudiantes, Cultura y Deportes.<\/p>\r\n<p>&nbsp;<\/p>\r\n\r\n<h3>CONVOCATORIA ABIERTA DEL VICERRECTOR DE ESTUDIANTES, CULTURA Y DEPORTES PARA LA PRESENTACI\u00d3N DE PROYECTOS VINCULADOS A ACTIVIDADES DE ASOCIACIONES UNIVERSITARIAS DE LA UNIVERSIDAD DE LEON<\/h3>\r\n<ul>\r\n    <li>\r\n        <p><a href=\"https:\/\/servicios.unileon.es\/actividad-estudiantil\/files\/2026\/03\/convocatoria_ayudas_proyectos_asociaciones2026.pdf\">Convocatoria Proyectos Asociaciones<\/a><br \/>\r\n        <em style=\"font-size: 13px;\">* Esta convocatoria tendr\u00e1 car\u00e1cter permanente hasta el agotamiento del cr\u00e9dito disponible, pudiendo enviar las asociaciones proyectos hasta el d\u00eda 1 de octubre de 2026<\/em><\/p>\r\n    <\/li>\r\n<\/ul>\r\n<p>&nbsp;<\/p>\r\n<!--<h3>Justificaci\u00f3n y Documentaci\u00f3n<\/h3>\r\n<ul>\r\n    <li><a href=\"https:\/\/servicios.unileon.es\/actividad-estudiantil\/files\/2025\/09\/relacion_gastos_adelantados_asociaciones_20250922.docx\">Relaci\u00f3n de Gastos Adelantados<\/a><\/li>\r\n    <li><a href=\"https:\/\/servicios.unileon.es\/actividad-estudiantil\/files\/2025\/09\/memoria_explicativa_de_la_actividad_20250922.docx\">Memoria Explicativa de la Actividad<\/a><\/li>\r\n<\/ul>\r\n<p>&nbsp;<\/p>\r\n-->\r\n<h3>RESOLUCI\u00d3N<\/h3>\r\n<ul>\r\n    <li><a href=\"http:\/\/servicios.unileon.es\/actividad-estudiantil\/files\/2026\/04\/resolucion_provisional_ayudas_proyectos_asociaciones_20260420.pdf\"><strong>Resoluci\u00f3n Provisional de las Ayudas<\/strong><\/a><\/li>\r\n<!--    <li><a href=\"http:\/\/servicios.unileon.es\/actividad-estudiantil\/files\/2025\/11\/resolucion_definitiva_ayudas_20251127.pdf\">Resoluci\u00f3n Definitiva de las Ayudas<\/a><\/li>  -->\r\n<\/ul>\r\n\r\n<p>&nbsp;<\/p>\r\n<hr \/>\r\n<p>&nbsp;<\/p>\r\n<h3>CONVOCATORIA DEL VICERRECTOR DE ESTUDIANTES, CULTURA Y DEPORTES POR LA QUE SE CONCEDEN AYUDAS A ASOCIACIONES DE ESTUDIANTES DE LA UNIVERSIDAD DE LE\u00d3N PARA EL A\u00d1O 2025<\/h3>\r\n<ul>\r\n    <li><a href=\"https:\/\/servicios.unileon.es\/actividad-estudiantil\/files\/2025\/09\/convocatoria_ayudas_asociaciones2025.pdf\">Convocatoria Ayudas Asociaciones 2025<\/a><\/li>\r\n<\/ul>\r\n<p>&nbsp;<\/p>\r\n<h3>Justificaci\u00f3n y Documentaci\u00f3n<\/h3>\r\n<ul>\r\n    <li><a href=\"https:\/\/servicios.unileon.es\/actividad-estudiantil\/files\/2025\/09\/relacion_gastos_adelantados_asociaciones_20250922.docx\">Relaci\u00f3n de Gastos Adelantados<\/a><\/li>\r\n    <li><a href=\"https:\/\/servicios.unileon.es\/actividad-estudiantil\/files\/2025\/09\/memoria_explicativa_de_la_actividad_20250922.docx\">Memoria Explicativa de la Actividad<\/a><\/li>\r\n<\/ul>\r\n<p>&nbsp;<\/p>\r\n<h3>RESOLUCI\u00d3N<\/h3>\r\n<ul>\r\n    <li><a href=\"http:\/\/servicios.unileon.es\/actividad-estudiantil\/files\/2025\/11\/resolucion_ayudas_borrador_20251124.pdf\">Resoluci\u00f3n Provisional de las Ayudas<\/a><\/li>\r\n    <li><a href=\"http:\/\/servicios.unileon.es\/actividad-estudiantil\/files\/2025\/11\/resolucion_definitiva_ayudas_20251127.pdf\">Resoluci\u00f3n Definitiva de las Ayudas<\/a><\/li>\r\n<\/ul>","protected":false},"excerpt":{"rendered":"<p>Las asociaciones de estudiantes dadas de alta en el Registro de Asociaciones Universitarias de la Universidad de Le\u00f3n, podr\u00e1n solicitar ayudas en las convocatorias que a tal efecto se hagan p\u00fablicas por el Vicerrectorado de Estudiantes, Cultura y Deportes. &nbsp; CONVOCATORIA ABIERTA DEL VICERRECTOR DE ESTUDIANTES, CULTURA Y DEPORTES PARA LA PRESENTACI\u00d3N DE PROYECTOS VINCULADOS [&hellip;]<\/p>\n","protected":false},"author":344,"featured_media":0,"parent":0,"menu_order":0,"comment_status":"closed","ping_status":"closed","template":"","meta":{"footnotes":""},"class_list":["post-1655","page","type-page","status-publish","hentry"],"_links":{"self":[{"href":"https:\/\/servicios.unileon.es\/actividad-estudiantil\/wp-json\/wp\/v2\/pages\/1655","targetHints":{"allow":["GET"]}}],"collection":[{"href":"https:\/\/servicios.unileon.es\/actividad-estudiantil\/wp-json\/wp\/v2\/pages"}],"about":[{"href":"https:\/\/servicios.unileon.es\/actividad-estudiantil\/wp-json\/wp\/v2\/types\/page"}],"author":[{"embeddable":true,"href":"https:\/\/servicios.unileon.es\/actividad-estudiantil\/wp-json\/wp\/v2\/users\/344"}],"replies":[{"embeddable":true,"href":"https:\/\/servicios.unileon.es\/actividad-estudiantil\/wp-json\/wp\/v2\/comments?post=1655"}],"version-history":[{"count":21,"href":"https:\/\/servicios.unileon.es\/actividad-estudiantil\/wp-json\/wp\/v2\/pages\/1655\/revisions"}],"predecessor-version":[{"id":3069,"href":"https:\/\/servicios.unileon.es\/actividad-estudiantil\/wp-json\/wp\/v2\/pages\/1655\/revisions\/3069"}],"wp:attachment":[{"href":"https:\/\/servicios.unileon.es\/actividad-estudiantil\/wp-json\/wp\/v2\/media?parent=1655"}],"curies":[{"name":"wp","href":"https:\/\/api.w.org\/{rel}","templated":true}]}}