{"id":1646,"date":"2020-03-16T12:21:31","date_gmt":"2020-03-16T10:21:31","guid":{"rendered":"http:\/\/servicios.unileon.es\/actividad-estudiantil\/?page_id=1646"},"modified":"2024-09-18T13:29:59","modified_gmt":"2024-09-18T11:29:59","slug":"mantenimiento-condicion-asociacion","status":"publish","type":"page","link":"https:\/\/servicios.unileon.es\/actividad-estudiantil\/mantenimiento-condicion-asociacion\/","title":{"rendered":"Mantenimiento Condici\u00f3n Asociaci\u00f3n"},"content":{"rendered":"<img loading=\"lazy\" decoding=\"async\" class=\"aligncenter wp-image-2160\" src=\"https:\/\/servicios.unileon.es\/actividad-estudiantil\/files\/2022\/01\/mantenimiento-asociaciones.jpg\" alt=\"\" width=\"550\" height=\"327\" \/>\r\n\r\nEntregar en el Vicerrectorado de Estudiantes, Cultura y Deportes dentro del plazo establecido, la siguiente documentaci\u00f3n (seg\u00fan los modelos normalizados):\r\n<ul>\r\n    <li><a href=\"https:\/\/servicios.unileon.es\/actividad-estudiantil\/files\/2024\/08\/memoria_de_actividades_20240820.docx\">Modelo de Memoria de Actividades realizadas<\/a><\/li>\r\n    <li><a href=\"https:\/\/servicios.unileon.es\/actividad-estudiantil\/files\/2024\/08\/renovacion_miembros_asociacion_20240820.docx\"> Modelo de Renovaci\u00f3n de miembros<\/a> de la asociaci\u00f3n<\/li>\r\n<\/ul>","protected":false},"excerpt":{"rendered":"<p>Entregar en el Vicerrectorado de Estudiantes, Cultura y Deportes dentro del plazo establecido, la siguiente documentaci\u00f3n (seg\u00fan los modelos normalizados): Modelo de Memoria de Actividades realizadas Modelo de Renovaci\u00f3n de miembros de la asociaci\u00f3n<\/p>\n","protected":false},"author":344,"featured_media":0,"parent":0,"menu_order":0,"comment_status":"closed","ping_status":"closed","template":"","meta":{"footnotes":""},"class_list":["post-1646","page","type-page","status-publish","hentry"],"_links":{"self":[{"href":"https:\/\/servicios.unileon.es\/actividad-estudiantil\/wp-json\/wp\/v2\/pages\/1646","targetHints":{"allow":["GET"]}}],"collection":[{"href":"https:\/\/servicios.unileon.es\/actividad-estudiantil\/wp-json\/wp\/v2\/pages"}],"about":[{"href":"https:\/\/servicios.unileon.es\/actividad-estudiantil\/wp-json\/wp\/v2\/types\/page"}],"author":[{"embeddable":true,"href":"https:\/\/servicios.unileon.es\/actividad-estudiantil\/wp-json\/wp\/v2\/users\/344"}],"replies":[{"embeddable":true,"href":"https:\/\/servicios.unileon.es\/actividad-estudiantil\/wp-json\/wp\/v2\/comments?post=1646"}],"version-history":[{"count":10,"href":"https:\/\/servicios.unileon.es\/actividad-estudiantil\/wp-json\/wp\/v2\/pages\/1646\/revisions"}],"predecessor-version":[{"id":2744,"href":"https:\/\/servicios.unileon.es\/actividad-estudiantil\/wp-json\/wp\/v2\/pages\/1646\/revisions\/2744"}],"wp:attachment":[{"href":"https:\/\/servicios.unileon.es\/actividad-estudiantil\/wp-json\/wp\/v2\/media?parent=1646"}],"curies":[{"name":"wp","href":"https:\/\/api.w.org\/{rel}","templated":true}]}}