{"id":1575,"date":"2019-10-17T07:37:43","date_gmt":"2019-10-17T05:37:43","guid":{"rendered":"http:\/\/servicios.unileon.es\/actividad-estudiantil\/?page_id=1575"},"modified":"2020-02-21T15:26:53","modified_gmt":"2020-02-21T13:26:53","slug":"estancias-de-colaboracion-en-servicios-universitarios-2019-20","status":"publish","type":"page","link":"https:\/\/servicios.unileon.es\/actividad-estudiantil\/estancias-de-colaboracion-en-servicios-universitarios-2019-20\/","title":{"rendered":"ESTANCIAS DE COLABORACI\u00d3N EN SERVICIOS UNIVERSITARIOS 2019-20"},"content":{"rendered":"<h3>RESOLUCI\u00d3N DE LA CONVOCATORIA<\/h3>\r\n<ul>\r\n    <li><a href=\"\/actividad-estudiantil\/files\/2019\/11\/resolucion_estancias_colaboracion_orcid_cvn_biblioteca201920.pdf\">1 Proyecto ORCID-CVN Biblioteca &#8211; Biblioteca Universitaria<\/a><\/li>\r\n    <li><a href=\"\/actividad-estudiantil\/files\/2019\/11\/resolucion_estancias_colaboracion_orcid_cvn_sic201920.pdf\">1 Proyecto ORCID-CVN Servicio de Inform\u00e1tica y Comunicaciones<\/a><\/li>\r\n    <li><a href=\"\/actividad-estudiantil\/files\/2019\/11\/resolucion_estancias_colaboracion_formacion_online201920.pdf\">1 Servicio de Formaci\u00f3n Online<\/a><\/li>\r\n    <li><a href=\"\/actividad-estudiantil\/files\/2019\/11\/resolucion_estancias_colaboracion_movilidad_sostenible201920.pdf\">1 Servicio de Movilidad Sostenible. Oficina Verde<\/a><\/li>\r\n    <li><a href=\"\/actividad-estudiantil\/files\/2020\/01\/resolucion_estancias_colaboracion_radio_director201920.pdf\">1 Radio Universitaria. Director (Campus Le\u00f3n)<\/a><\/li>\r\n    <li><a href=\"\/actividad-estudiantil\/files\/2020\/02\/resolucion_estancias_colaboracion_radio_leon201920.pdf\"><strong>2 Radio Universitaria (Campus Le\u00f3n)<\/strong><\/a><\/li>\r\n    <li><a href=\"\/actividad-estudiantil\/files\/2019\/11\/resolucion_estancias_colaboracion_programa_vivienda_ponferrada201920.pdf\">1 Programa Vivienda con Actividades Saludables (Campus Ponferrada)<\/a><\/li>\r\n    <li><a href=\"\/actividad-estudiantil\/files\/2019\/11\/resolucion_estancias_colaboracion_radio_ponferrada201920.pdf\">1 Radio Universitaria (Campus Ponferrada)<\/a><\/li>\r\n<\/ul>\r\n<h3>CONVOCATORIA DE NUEVAS AYUDAS<\/h3>\r\nSe convocan estancias de colaboraci\u00f3n en servicios universitarios para cubrir las necesidades que \u00e9stos requieren.\r\n<ul>\r\n    <li>1 Proyecto ORCID-CVN Biblioteca &#8211; Biblioteca Universitaria<\/li>\r\n    <li>1 Proyecto ORCID-CVN Servicio de Inform\u00e1tica y Comunicaciones<\/li>\r\n    <li>1 Servicio de Formaci\u00f3n Online<\/li>\r\n    <li>1 Servicio de Movilidad Sostenible. Oficina Verde<\/li>\r\n    <li>1 Radio Universitaria. Director (Campus Le\u00f3n)<\/li>\r\n    <li>2 Radio Universitaria (Campus Le\u00f3n)<\/li>\r\n    <li>1 Programa Vivienda con Actividades Saludables (Campus Ponferrada)<\/li>\r\n    <li>1 Radio Universitaria (Campus Ponferrada)<\/li>\r\n<\/ul>\r\n<a href=\"\/actividad-estudiantil\/files\/2019\/11\/convocatoria_estancias_colaboracion_ssuu201920_noviembre.pdf\">Convocatoria (texto completo)<\/a>\r\n<h3>PLAZO DE PRESENTACI\u00d3N DE INSTANCIAS<\/h3>\r\nHasta las 14 horas del d\u00eda <strong>15 de noviembre de 2019<\/strong>\r\n\r\n<a href=\"https:\/\/forms.gle\/vgBZX7ZvwSNHxFwE7\">Formulario de solicitud<\/a>\r\n\r\n<strong>IMPORTANTE<\/strong>: Se recuerda que para poder acceder al formulario todas las cuentas de correo personales deber\u00e1n estar cerradas. El formulario les solicitar\u00e1 previamente que se identifiquen con su correo institucional de la Universidad de Le\u00f3n a menos que en ese momento ya lo tengan abierto en su navegador.\r\n\r\n&nbsp;\r\n\r\n<hr \/>\r\n\r\n&nbsp;\r\n<h3>RESOLUCI\u00d3N DE LA CONVOCATORIA<\/h3>\r\n<ul>\r\n    <li><a href=\"\/actividad-estudiantil\/files\/2019\/11\/resolucion_estancias_colaboracion_piex201920.pdf\">1 PROGRAMA INTERUNIVERSITARIO DE LA EXPERIENCIA (Campus Le\u00f3n)<\/a><\/li>\r\n    <li><a href=\"\/actividad-estudiantil\/files\/2019\/11\/resolucion_estancias_colaboracion_piex_ponferrada201920.pdf\">1 PROGRAMA INTERUNIVERSITARIO DE LA EXPERIENCIA (Campus Ponferrada)<\/a><\/li>\r\n    <li><a href=\"\/actividad-estudiantil\/files\/2019\/10\/resolucion_estancias_colaboracion_areasocial201920.pdf\">1 \u00c1REA SOCIAL (VICERRECTORADO DE RESPONSABILIDAD SOCIAL, CULTURA Y DEPORTE<\/a><\/li>\r\n    <li><a href=\"\/actividad-estudiantil\/files\/2019\/10\/resolucion_estancias_colaboracion_entomologia201920.pdf\">1 BIBLIOTECA DE LA ASOCIACI\u00d3N ESPA\u00d1OLA DE ENTOMOLOG\u00cdA<\/a><\/li>\r\n    <li><a href=\"\/actividad-estudiantil\/files\/2019\/10\/resolucion_estancias_colaboracion_informatica201920.pdf\">12 SERVICIO DE INFORM\u00c1TICA Y COMUNICACIONES (11 Campus de Le\u00f3n, 1 Campus Ponferrada)<\/a><\/li>\r\n    <li><a href=\"\/actividad-estudiantil\/files\/2019\/11\/resolucion_estancias_colaboracion_bibliotecas201920.pdf\">13 BIBLIOTECAS (Campus de Le\u00f3n)<\/a><\/li>\r\n    <li><a href=\"\/actividad-estudiantil\/files\/2019\/11\/resolucion_estancias_colaboracion_bibliotecas_ponferrada201920.pdf\">2 BIBLIOTECAS (Campus Ponferrada)<\/a><\/li>\r\n<\/ul>\r\n<h3>CARACTER\u00cdSTICAS DE LAS AYUDAS<\/h3>\r\nSe convocan estancias de colaboraci\u00f3n en servicios universitarios para cubrir las necesidades que \u00e9stos requieren.\r\n<ul>\r\n    <li>2 PROGRAMA INTERUNIVERSITARIO DE LA EXPERIENCIA (1 Campus Le\u00f3n, 1 Campus Ponferrada)<\/li>\r\n    <li>1 \u00c1REA SOCIAL (VICERRECTORADO DE RESPONSABILIDAD SOCIAL, CULTURA Y DEPORTE<\/li>\r\n    <li>1 BIBLIOTECA DE LA ASOCIACI\u00d3N ESPA\u00d1OLA DE ENTOMOLOG\u00cdA<\/li>\r\n    <li>1 PROYECTO ORCID-CVN- BIBLIOTECA<\/li>\r\n    <li>1 PROYECTO ORCID-CVN- SERVICIO DE INFORM\u00c1TICA Y COMUNICACIONES<\/li>\r\n    <li>1 SERVICIO DE FORMACI\u00d3N ON-LINE<\/li>\r\n    <li>15 BIBLIOTECAS (13 Campus de Le\u00f3n, 2 Campus Ponferrada)<\/li>\r\n    <li>12 SERVICIO DE INFORM\u00c1TICA Y COMUNICACIONES (11 Campus de Le\u00f3n, 1 Campus Ponferrada)<\/li>\r\n<\/ul>\r\n<a href=\"\/actividad-estudiantil\/files\/2019\/10\/convocatoria_estacias_colaboracion_ssuu201920.pdf\">Convocatoria (texto completo)<\/a>\r\n<h3>PLAZO DE PRESENTACI\u00d3N DE INSTANCIAS<\/h3>\r\nHasta las 14 horas del d\u00eda <strong>24 de octubre de 2019<\/strong>\r\n\r\n<a href=\"https:\/\/forms.gle\/Bi3getiuU1cHGRtm8\">Formulario de solicitud<\/a>\r\n\r\n<strong>IMPORTANTE<\/strong>: Se recuerda que para poder acceder al formulario todas las cuentas de correo personales deber\u00e1n estar cerradas. El formulario les solicitar\u00e1 previamente que se identifiquen con su correo institucional de la Universidad de Le\u00f3n a menos que en ese momento ya lo tengan abierto en su navegador.","protected":false},"excerpt":{"rendered":"<p>RESOLUCI\u00d3N DE LA CONVOCATORIA 1 Proyecto ORCID-CVN Biblioteca &#8211; Biblioteca Universitaria 1 Proyecto ORCID-CVN Servicio de Inform\u00e1tica y Comunicaciones 1 Servicio de Formaci\u00f3n Online 1 Servicio de Movilidad Sostenible. Oficina Verde 1 Radio Universitaria. Director (Campus Le\u00f3n) 2 Radio Universitaria (Campus Le\u00f3n) 1 Programa Vivienda con Actividades Saludables (Campus Ponferrada) 1 Radio Universitaria (Campus Ponferrada) [&hellip;]<\/p>\n","protected":false},"author":344,"featured_media":0,"parent":0,"menu_order":0,"comment_status":"closed","ping_status":"closed","template":"","meta":{"footnotes":""},"class_list":["post-1575","page","type-page","status-publish","hentry"],"_links":{"self":[{"href":"https:\/\/servicios.unileon.es\/actividad-estudiantil\/wp-json\/wp\/v2\/pages\/1575","targetHints":{"allow":["GET"]}}],"collection":[{"href":"https:\/\/servicios.unileon.es\/actividad-estudiantil\/wp-json\/wp\/v2\/pages"}],"about":[{"href":"https:\/\/servicios.unileon.es\/actividad-estudiantil\/wp-json\/wp\/v2\/types\/page"}],"author":[{"embeddable":true,"href":"https:\/\/servicios.unileon.es\/actividad-estudiantil\/wp-json\/wp\/v2\/users\/344"}],"replies":[{"embeddable":true,"href":"https:\/\/servicios.unileon.es\/actividad-estudiantil\/wp-json\/wp\/v2\/comments?post=1575"}],"version-history":[{"count":11,"href":"https:\/\/servicios.unileon.es\/actividad-estudiantil\/wp-json\/wp\/v2\/pages\/1575\/revisions"}],"predecessor-version":[{"id":1616,"href":"https:\/\/servicios.unileon.es\/actividad-estudiantil\/wp-json\/wp\/v2\/pages\/1575\/revisions\/1616"}],"wp:attachment":[{"href":"https:\/\/servicios.unileon.es\/actividad-estudiantil\/wp-json\/wp\/v2\/media?parent=1575"}],"curies":[{"name":"wp","href":"https:\/\/api.w.org\/{rel}","templated":true}]}}