{"id":1526,"date":"2019-07-10T12:00:56","date_gmt":"2019-07-10T10:00:56","guid":{"rendered":"http:\/\/servicios.unileon.es\/actividad-estudiantil\/?page_id=1526"},"modified":"2019-07-24T11:00:14","modified_gmt":"2019-07-24T09:00:14","slug":"ayudas-a-deportistas-de-equipos-de-la-ule","status":"publish","type":"page","link":"https:\/\/servicios.unileon.es\/actividad-estudiantil\/ayudas-a-deportistas-de-equipos-de-la-ule\/","title":{"rendered":"Ayudas a Deportistas de Equipos de la ULE"},"content":{"rendered":"<h2>Ayudas para Matr\u00edcula<\/h2>\r\n<b>CARACTER\u00cdSTICAS DE LAS AYUDAS<\/b>\r\n\r\nAyudas de matr\u00edcula correspondiente al curso 2018-2019 para deportistas de equipos de la ULE, donde se subvencionar\u00e1 hasta un m\u00e1ximo del 25 % de la base subvencionable de la matr\u00edcula y no m\u00e1s de 431 euros.\r\n\r\nS\u00f3lo ser\u00e1n objeto de ayuda cr\u00e9ditos o asignaturas en primera matr\u00edcula; no as\u00ed los relativos a segunda matr\u00edcula o sucesivas ni los precios por servicios administrativos.\r\n\r\n<a href=\"http:\/\/servicios.unileon.es\/actividad-estudiantil\/files\/2019\/07\/2019.-Convocatoria-extraordianaria_ayudas_matricula_DAN-ULE.pdf\">Convocatoria (texto completo)<\/a>\r\n\r\n<b>PLAZO DE PRESENTACI\u00d3N DE INSTANCIAS<\/b>\r\n\r\nHasta las 14 horas del d\u00eda <b>17 de julio de 2019<\/b>\r\n\r\n<b>RESOLUCI\u00d3N<\/b>\r\n\r\n<a href=\"http:\/\/servicios.unileon.es\/actividad-estudiantil\/files\/2019\/07\/resoluci\u00f3n_definitiva_ayudas_deportistas_equipos_2018_2019.pdf\">Resoluci\u00f3n definitiva Ayudas de matr\u00edcula a Deportistas de Equipos ULE<\/a>\r\n","protected":false},"excerpt":{"rendered":"<p>Ayudas para Matr\u00edcula CARACTER\u00cdSTICAS DE LAS AYUDAS Ayudas de matr\u00edcula correspondiente al curso 2018-2019 para deportistas de equipos de la ULE, donde se subvencionar\u00e1 hasta un m\u00e1ximo del 25 % de la base subvencionable de la matr\u00edcula y no m\u00e1s de 431 euros. S\u00f3lo ser\u00e1n objeto de ayuda cr\u00e9ditos o asignaturas en primera matr\u00edcula; no [&hellip;]<\/p>\n","protected":false},"author":2,"featured_media":0,"parent":0,"menu_order":0,"comment_status":"closed","ping_status":"closed","template":"","meta":{"footnotes":""},"class_list":["post-1526","page","type-page","status-publish","hentry"],"_links":{"self":[{"href":"https:\/\/servicios.unileon.es\/actividad-estudiantil\/wp-json\/wp\/v2\/pages\/1526","targetHints":{"allow":["GET"]}}],"collection":[{"href":"https:\/\/servicios.unileon.es\/actividad-estudiantil\/wp-json\/wp\/v2\/pages"}],"about":[{"href":"https:\/\/servicios.unileon.es\/actividad-estudiantil\/wp-json\/wp\/v2\/types\/page"}],"author":[{"embeddable":true,"href":"https:\/\/servicios.unileon.es\/actividad-estudiantil\/wp-json\/wp\/v2\/users\/2"}],"replies":[{"embeddable":true,"href":"https:\/\/servicios.unileon.es\/actividad-estudiantil\/wp-json\/wp\/v2\/comments?post=1526"}],"version-history":[{"count":6,"href":"https:\/\/servicios.unileon.es\/actividad-estudiantil\/wp-json\/wp\/v2\/pages\/1526\/revisions"}],"predecessor-version":[{"id":1551,"href":"https:\/\/servicios.unileon.es\/actividad-estudiantil\/wp-json\/wp\/v2\/pages\/1526\/revisions\/1551"}],"wp:attachment":[{"href":"https:\/\/servicios.unileon.es\/actividad-estudiantil\/wp-json\/wp\/v2\/media?parent=1526"}],"curies":[{"name":"wp","href":"https:\/\/api.w.org\/{rel}","templated":true}]}}