{"id":1490,"date":"2019-05-27T08:00:05","date_gmt":"2019-05-27T08:00:05","guid":{"rendered":"http:\/\/servicios.unileon.es\/actividad-estudiantil\/?page_id=1490"},"modified":"2019-06-19T11:56:40","modified_gmt":"2019-06-19T11:56:40","slug":"estancias-de-colaboracion-oficina-defensor-comunidad-universitaria","status":"publish","type":"page","link":"https:\/\/servicios.unileon.es\/actividad-estudiantil\/estancias-de-colaboracion-oficina-defensor-comunidad-universitaria\/","title":{"rendered":"ESTANCIAS DE COLABORACI\u00d3N OFICINA DEFENSOR COMUNIDAD UNIVERSITARIA"},"content":{"rendered":"<h3>CARACTER\u00cdSTICAS DE LAS AYUDAS<\/h3>\r\nSe convocan 4 estancias de colaboraci\u00f3n en el siguiente servicio: Oficina Defensor de la Comunidad Universitaria \u2013 Congreso ENOHE LEON 2019.\r\n\r\n<a href=\"http:\/\/servicios.unileon.es\/actividad-estudiantil\/files\/2019\/05\/Convocatoria-Estancias-Defensor-Comunidad-Universitaria-ULE.pdf\">Convocatoria (texto completo)<\/a>\r\n\r\n<h3>PLAZO DE PRESENTACI\u00d3N DE INSTANCIAS<\/h3>\r\nHasta las 14 horas del d\u00eda <strong>7 de junio de 2019<\/strong>\r\n\r\n<h3>RESOLUCI\u00d3N<\/h3>\r\n<a href=\"http:\/\/servicios.unileon.es\/actividad-estudiantil\/files\/2019\/06\/Resoluci\u00f3n-Defensor-Comunidad-Universitaria.pdf\">Resoluci\u00f3n Defensor Comunidad Universitaria<\/a>","protected":false},"excerpt":{"rendered":"<p>CARACTER\u00cdSTICAS DE LAS AYUDAS Se convocan 4 estancias de colaboraci\u00f3n en el siguiente servicio: Oficina Defensor de la Comunidad Universitaria \u2013 Congreso ENOHE LEON 2019. Convocatoria (texto completo) PLAZO DE PRESENTACI\u00d3N DE INSTANCIAS Hasta las 14 horas del d\u00eda 7 de junio de 2019 RESOLUCI\u00d3N Resoluci\u00f3n Defensor Comunidad Universitaria<\/p>\n","protected":false},"author":2,"featured_media":0,"parent":0,"menu_order":0,"comment_status":"closed","ping_status":"closed","template":"","meta":{"footnotes":""},"class_list":["post-1490","page","type-page","status-publish","hentry"],"_links":{"self":[{"href":"https:\/\/servicios.unileon.es\/actividad-estudiantil\/wp-json\/wp\/v2\/pages\/1490","targetHints":{"allow":["GET"]}}],"collection":[{"href":"https:\/\/servicios.unileon.es\/actividad-estudiantil\/wp-json\/wp\/v2\/pages"}],"about":[{"href":"https:\/\/servicios.unileon.es\/actividad-estudiantil\/wp-json\/wp\/v2\/types\/page"}],"author":[{"embeddable":true,"href":"https:\/\/servicios.unileon.es\/actividad-estudiantil\/wp-json\/wp\/v2\/users\/2"}],"replies":[{"embeddable":true,"href":"https:\/\/servicios.unileon.es\/actividad-estudiantil\/wp-json\/wp\/v2\/comments?post=1490"}],"version-history":[{"count":3,"href":"https:\/\/servicios.unileon.es\/actividad-estudiantil\/wp-json\/wp\/v2\/pages\/1490\/revisions"}],"predecessor-version":[{"id":1504,"href":"https:\/\/servicios.unileon.es\/actividad-estudiantil\/wp-json\/wp\/v2\/pages\/1490\/revisions\/1504"}],"wp:attachment":[{"href":"https:\/\/servicios.unileon.es\/actividad-estudiantil\/wp-json\/wp\/v2\/media?parent=1490"}],"curies":[{"name":"wp","href":"https:\/\/api.w.org\/{rel}","templated":true}]}}