{"id":1422,"date":"2018-10-04T11:44:28","date_gmt":"2018-10-04T11:44:28","guid":{"rendered":"http:\/\/servicios.unileon.es\/actividad-estudiantil\/?page_id=1422"},"modified":"2018-10-31T11:35:18","modified_gmt":"2018-10-31T11:35:18","slug":"estancias-de-colaboracion-en-servicios-universitarios-2018-19","status":"publish","type":"page","link":"https:\/\/servicios.unileon.es\/actividad-estudiantil\/estancias-de-colaboracion-en-servicios-universitarios-2018-19\/","title":{"rendered":"ESTANCIAS DE COLABORACI\u00d3N EN SERVICIOS UNIVERSITARIOS 2018-19"},"content":{"rendered":"<h3>RESOLUCI\u00d3N DE LA CONVOCATORIA<\/h3>\r\n\r\n<ul>\r\n    <li><a href=\"http:\/\/servicios.unileon.es\/actividad-estudiantil\/files\/2018\/10\/resolucion_piex-leon.pdf\">1 Universidad de la Experiencia Le\u00f3n (PIEx)<\/a><\/li>\r\n    <li><a href=\"http:\/\/servicios.unileon.es\/actividad-estudiantil\/files\/2018\/10\/resolucion_monitores_deportivos-.pdf\">5 Monitores Deportivos<\/a><\/li>\r\n    <li><a href=\"http:\/\/servicios.unileon.es\/actividad-estudiantil\/files\/2018\/10\/resolucion_liga_interna_palomera-.pdf\">1 Apoyo a la Liga Interna Palomera<\/a><\/li>\r\n    <li><a href=\"http:\/\/servicios.unileon.es\/actividad-estudiantil\/files\/2018\/10\/resolucion_teatro_albeitar.pdf\">1 Actividades Culturales: Teatro Alb\u00e9itar<\/a><\/li>\r\n    <li><a href=\"http:\/\/servicios.unileon.es\/actividad-estudiantil\/files\/2018\/10\/resolucion_radio_universitaria.pdf\">2 Radio Universitaria<\/a><\/li>\r\n    <li><a href=\"http:\/\/servicios.unileon.es\/actividad-estudiantil\/files\/2018\/10\/resolucion_director_radio_universitaria.pdf\">1 Director Radio Universitaria<\/a><\/li>\r\n    <li><a href=\"http:\/\/servicios.unileon.es\/actividad-estudiantil\/files\/2018\/10\/resolucion_area_social.pdf\">1 \u00c1rea Social<\/a><\/li>\r\n    <li><a href=\"http:\/\/servicios.unileon.es\/actividad-estudiantil\/files\/2018\/10\/resolucion_prestamo_bicicletas.pdf\">1 Pr\u00e9stamo de Bicicletas<\/a><\/li>\r\n    <li><a href=\"http:\/\/servicios.unileon.es\/actividad-estudiantil\/files\/2018\/10\/resolucion_apoyo_a_usuarios.pdf\">4 Apoyo a Usuarios<\/a><\/li>\r\n    <li><a href=\"http:\/\/servicios.unileon.es\/actividad-estudiantil\/files\/2018\/10\/resolucion_aulas_de_informatica.pdf\">11 Aulas de Inform\u00e1tica<\/a><\/li>\r\n    <li><a href=\"http:\/\/servicios.unileon.es\/actividad-estudiantil\/files\/2018\/10\/resolucion_hospital_clinico_veterinario.pdf\">1 Hospital Cl\u00ednico Veterinario<\/a><\/li>\r\n    <li><a href=\"http:\/\/servicios.unileon.es\/actividad-estudiantil\/files\/2018\/10\/resolucion_docencia_online.pdf\">1 Docencia Online. Inform\u00e1tica<\/a><\/li>\r\n    <li><a href=\"http:\/\/servicios.unileon.es\/actividad-estudiantil\/files\/2018\/10\/resolucion_v_rr_institucionales.pdf\">1 Vicerrectorado de RR. Institucionales y con la Sociedad<\/a><\/li>\r\n    <li><a href=\"http:\/\/servicios.unileon.es\/actividad-estudiantil\/files\/2018\/10\/resolucion_laboratorio_de_idiomas.pdf\">1 Laboratorio de Idiomas<\/a><\/li>\r\n    <li><a href=\"http:\/\/servicios.unileon.es\/actividad-estudiantil\/files\/2018\/10\/resolucion_biblioteca_entomologia.pdf\">1 Biblioteca de la Asociaci\u00f3n Espa\u00f1ola de Entomolog\u00eda<\/a><\/li>\r\n    <li><a href=\"http:\/\/servicios.unileon.es\/actividad-estudiantil\/files\/2018\/10\/resolucion_orcid-biblioteca.pdf\">1 Proyecto ORCID\u2013CVN. Biblioteca<\/a><\/li>\r\n    <li><a href=\"http:\/\/servicios.unileon.es\/actividad-estudiantil\/files\/2018\/10\/resolucion_orcid-informatica.pdf\">1 Proyecto ORCID\u2013CVN. Inform\u00e1tica<\/a><\/li>\r\n    <li><a href=\"http:\/\/servicios.unileon.es\/actividad-estudiantil\/files\/2018\/10\/resolucion_bibliotecas.pdf\">13 Bibliotecas<\/a><\/li>\r\n    <li><a href=\"http:\/\/servicios.unileon.es\/actividad-estudiantil\/files\/2018\/10\/resolucion_campus_de_ponferrada.pdf\">7 Campus de Ponferrada<\/a><\/li>\r\n<\/ul>\r\n\r\n<h3>CARACTER\u00cdSTICAS DE LAS AYUDAS<\/h3>\r\nSe convocan estancias de colaboraci\u00f3n en servicios universitarios para cubrir las necesidades que \u00e9stos requieren.\r\n<ul>\r\n    <li>1 Universidad de la Experiencia Le\u00f3n (PIEx)<\/li>\r\n    <li>5 Monitores Deportivos<\/li>\r\n    <li>1 Apoyo a la Liga Interna Palomera<\/li>\r\n    <li>1 Actividades Culturales: Teatro Alb\u00e9itar<\/li>\r\n    <li>2 Radio Universitaria<\/li>\r\n    <li>1 Director Radio Universitaria<\/li>\r\n    <li>1 \u00c1rea Social<\/li>\r\n    <li>1 Pr\u00e9stamo de Bicicletas<\/li>\r\n    <li>4 Apoyo a Usuarios<\/li>\r\n    <li>11 Aulas de Inform\u00e1tica<\/li>\r\n    <li>1 Hospital Cl\u00ednico Veterinario<\/li>\r\n    <li>1 Docencia Online. Inform\u00e1tica<\/li>\r\n    <li>1 Vicerrectorado de RR. Institucionales y con la Sociedad<\/li>\r\n    <li>1 Laboratorio de Idiomas<\/li>\r\n    <li>1 Biblioteca de la Asociaci\u00f3n Espa\u00f1ola de Entomolog\u00eda<\/li>\r\n    <li>1 Proyecto ORCID\u2013CVN. Biblioteca<\/li>\r\n    <li>1 Proyecto ORCID\u2013CVN. Inform\u00e1tica<\/li>\r\n    <li>13 Bibliotecas<\/li>\r\n    <li>7 Campus de Ponferrada<\/li>\r\n<\/ul>\r\n<a href=\"\/actividad-estudiantil\/files\/2018\/10\/convocatoria_estacias_colaboracion_ssuu201819.pdf\">Convocatoria (texto completo)<\/a>\r\n<h3>PLAZO DE PRESENTACI\u00d3N DE INSTANCIAS<\/h3>\r\nHasta las 14 horas del d\u00eda <strong>16 de octubre de 2018<\/strong>\r\n\r\n<a href=\"https:\/\/goo.gl\/forms\/gA5vgOZjoBz4bims2\">Formulario de solicitud<\/a>\r\n\r\n<strong>IMPORTANTE<\/strong>: Se recuerda que para poder acceder al formulario todas las cuentas de correo personales deber\u00e1n estar cerradas. El formulario les solicitar\u00e1 previamente que se identifiquen con su correo institucional de la Universidad de Le\u00f3n a menos que en ese momento ya lo tengan abierto en su navegador.","protected":false},"excerpt":{"rendered":"<p>RESOLUCI\u00d3N DE LA CONVOCATORIA 1 Universidad de la Experiencia Le\u00f3n (PIEx) 5 Monitores Deportivos 1 Apoyo a la Liga Interna Palomera 1 Actividades Culturales: Teatro Alb\u00e9itar 2 Radio Universitaria 1 Director Radio Universitaria 1 \u00c1rea Social 1 Pr\u00e9stamo de Bicicletas 4 Apoyo a Usuarios 11 Aulas de Inform\u00e1tica 1 Hospital Cl\u00ednico Veterinario 1 Docencia Online. [&hellip;]<\/p>\n","protected":false},"author":344,"featured_media":0,"parent":0,"menu_order":0,"comment_status":"closed","ping_status":"closed","template":"","meta":{"footnotes":""},"class_list":["post-1422","page","type-page","status-publish","hentry"],"_links":{"self":[{"href":"https:\/\/servicios.unileon.es\/actividad-estudiantil\/wp-json\/wp\/v2\/pages\/1422","targetHints":{"allow":["GET"]}}],"collection":[{"href":"https:\/\/servicios.unileon.es\/actividad-estudiantil\/wp-json\/wp\/v2\/pages"}],"about":[{"href":"https:\/\/servicios.unileon.es\/actividad-estudiantil\/wp-json\/wp\/v2\/types\/page"}],"author":[{"embeddable":true,"href":"https:\/\/servicios.unileon.es\/actividad-estudiantil\/wp-json\/wp\/v2\/users\/344"}],"replies":[{"embeddable":true,"href":"https:\/\/servicios.unileon.es\/actividad-estudiantil\/wp-json\/wp\/v2\/comments?post=1422"}],"version-history":[{"count":3,"href":"https:\/\/servicios.unileon.es\/actividad-estudiantil\/wp-json\/wp\/v2\/pages\/1422\/revisions"}],"predecessor-version":[{"id":1447,"href":"https:\/\/servicios.unileon.es\/actividad-estudiantil\/wp-json\/wp\/v2\/pages\/1422\/revisions\/1447"}],"wp:attachment":[{"href":"https:\/\/servicios.unileon.es\/actividad-estudiantil\/wp-json\/wp\/v2\/media?parent=1422"}],"curies":[{"name":"wp","href":"https:\/\/api.w.org\/{rel}","templated":true}]}}