{"id":1402,"date":"2018-07-04T06:57:27","date_gmt":"2018-07-04T06:57:27","guid":{"rendered":"http:\/\/servicios.unileon.es\/actividad-estudiantil\/?page_id=1402"},"modified":"2021-07-22T10:32:24","modified_gmt":"2021-07-22T08:32:24","slug":"ayudas-jornadas-sobre-teatro-clasico-de-olmedo","status":"publish","type":"page","link":"https:\/\/servicios.unileon.es\/actividad-estudiantil\/ayudas-jornadas-sobre-teatro-clasico-de-olmedo\/","title":{"rendered":"Ayudas Jornadas sobre Teatro Cl\u00e1sico de Olmedo"},"content":{"rendered":"<h2>Ayudas para 15 Jornadas sobre Teatro Cl\u00e1sico de Olmedo<\/h2>\r\n<b>CARACTER\u00cdSTICAS DE LAS AYUDAS<\/b>\r\n\r\nSe convocan dos ayudas con una dotaci\u00f3n econ\u00f3mica de 150 euros para asistir a las 15 Jornadas sobre Teatro Cl\u00e1sico de Olmedo que se celebrar\u00e1n del 26 al 28 de julio de 2021.\r\n\r\n<a href=\"https:\/\/servicios.unileon.es\/actividad-estudiantil\/files\/2021\/07\/Festival-Olmedo.report.pdf\">Convocatoria (texto completo)<\/a>\r\n\r\n<b>PLAZO DE PRESENTACI\u00d3N DE INSTANCIAS<\/b>\r\n\r\nHasta las 14 horas del d\u00eda <b>21 de julio de 2021<\/b>\r\n\r\n<b>RESOLUCI\u00d3N<\/b>\r\n\r\n<a href=\"https:\/\/servicios.unileon.es\/actividad-estudiantil\/files\/2021\/07\/resolucion_olmedo.report.pdf\">Resoluci\u00f3n Jornadas Teatro Cl\u00e1sico Olmedo<\/a>\r\n\r\n\r\n","protected":false},"excerpt":{"rendered":"<p>Ayudas para 15 Jornadas sobre Teatro Cl\u00e1sico de Olmedo CARACTER\u00cdSTICAS DE LAS AYUDAS Se convocan dos ayudas con una dotaci\u00f3n econ\u00f3mica de 150 euros para asistir a las 15 Jornadas sobre Teatro Cl\u00e1sico de Olmedo que se celebrar\u00e1n del 26 al 28 de julio de 2021. Convocatoria (texto completo) PLAZO DE PRESENTACI\u00d3N DE INSTANCIAS Hasta [&hellip;]<\/p>\n","protected":false},"author":2,"featured_media":0,"parent":0,"menu_order":0,"comment_status":"closed","ping_status":"closed","template":"","meta":{"footnotes":""},"class_list":["post-1402","page","type-page","status-publish","hentry"],"_links":{"self":[{"href":"https:\/\/servicios.unileon.es\/actividad-estudiantil\/wp-json\/wp\/v2\/pages\/1402","targetHints":{"allow":["GET"]}}],"collection":[{"href":"https:\/\/servicios.unileon.es\/actividad-estudiantil\/wp-json\/wp\/v2\/pages"}],"about":[{"href":"https:\/\/servicios.unileon.es\/actividad-estudiantil\/wp-json\/wp\/v2\/types\/page"}],"author":[{"embeddable":true,"href":"https:\/\/servicios.unileon.es\/actividad-estudiantil\/wp-json\/wp\/v2\/users\/2"}],"replies":[{"embeddable":true,"href":"https:\/\/servicios.unileon.es\/actividad-estudiantil\/wp-json\/wp\/v2\/comments?post=1402"}],"version-history":[{"count":6,"href":"https:\/\/servicios.unileon.es\/actividad-estudiantil\/wp-json\/wp\/v2\/pages\/1402\/revisions"}],"predecessor-version":[{"id":1968,"href":"https:\/\/servicios.unileon.es\/actividad-estudiantil\/wp-json\/wp\/v2\/pages\/1402\/revisions\/1968"}],"wp:attachment":[{"href":"https:\/\/servicios.unileon.es\/actividad-estudiantil\/wp-json\/wp\/v2\/media?parent=1402"}],"curies":[{"name":"wp","href":"https:\/\/api.w.org\/{rel}","templated":true}]}}